{"id":90723,"date":"2026-02-02T20:40:58","date_gmt":"2026-02-02T20:40:58","guid":{"rendered":"https:\/\/modesthanim.com\/product\/bej-ceket-yaka-kadin-kurk-kaban\/"},"modified":"2026-03-07T08:20:36","modified_gmt":"2026-03-07T08:20:36","slug":"bej-ceket-yaka-kadin-kurk-kaban","status":"publish","type":"product","link":"https:\/\/mod.wisdar.net\/tr\/urun\/bej-ceket-yaka-kadin-kurk-kaban\/","title":{"rendered":"Bej Ceket Yaka Kad\u0131n K\u00fcrk Kaban"},"content":{"rendered":"<p>LCW Modest Bej Ceket Yaka Kad\u0131n K\u00fcrk Kaban size \u00f6zel indirim, taksit ve kap\u0131da \u00f6deme avantajlar\u0131yla LCW&#8217;de! Hemen online al\u0131\u015fveri\u015f yap, \u00fcr\u00fcn kap\u0131na gelsin! \u2013 W52579Z8-S36<\/p>\n<p>\u2014 Technical Details \u2014<br \/>\nMen\u015fei: Myanmar<br \/>\nSat\u0131c\u0131: LC Waikiki<br \/>\nMarka: LCW Modest<br \/>\n\u00dcr\u00fcn Tipi: Kaban<br \/>\nCinsiyet: Kad\u0131n<br \/>\nKal\u0131p: Loose &amp; Bol<br \/>\nKuma\u015f: Suni K\u00fcrk<br \/>\nDesen: D\u00fcz<br \/>\nYaka: Ceket Yaka<br \/>\nKap\u00fc\u015fon Detay: Kap\u00fc\u015fonsuz<br \/>\nKal\u0131nl\u0131k: Kal\u0131n<br \/>\nKol Boyu: Uzun Kollu<br \/>\nAstar Detay: Polyester<br \/>\nUzunluk: Midi<br \/>\nKoleksiyon: Tesett\u00fcr Giyim<br \/>\nEk \u00d6zellik: D\u00fc\u011fmeli<\/p>\n","protected":false},"excerpt":{"rendered":"<p>LCW Modest Bej Ceket Yaka Kad\u0131n K\u00fcrk Kaban size \u00f6zel indirim, taksit ve kap\u0131da \u00f6deme avantajlar\u0131yla LCW&#8217;de! Hemen online al\u0131\u015fveri\u015f yap, \u00fcr\u00fcn kap\u0131na gelsin! \u2013 W52579Z8-S36 \u2014 Technical Details \u2014 Men\u015fei: Myanmar Sat\u0131c\u0131: LC Waikiki Marka: LCW Modest \u00dcr\u00fcn Tipi: Kaban Cinsiyet: Kad\u0131n Kal\u0131p: Loose &amp; Bol Kuma\u015f: Suni K\u00fcrk Desen: D\u00fcz Yaka: Ceket Yaka [&hellip;]<\/p>\n","protected":false},"featured_media":90715,"comment_status":"open","ping_status":"closed","template":"","meta":[],"product_brand":[],"product_cat":[2047],"product_tag":[8253],"class_list":{"0":"post-90723","1":"product","2":"type-product","3":"status-publish","4":"has-post-thumbnail","6":"product_cat-paltolar","7":"product_tag-ceket-yakali-kadin-suni-kurk-kaban","8":"pa_brand-lcw-modest","9":"pa_color-bej","10":"pa_size-4701","11":"pa_size-4706","12":"pa_size-4711","13":"pa_size-4713","14":"pa_size-4751","15":"pa_size-4749","17":"first","18":"outofstock","19":"shipping-taxable","20":"product-type-variable"},"_links":{"self":[{"href":"https:\/\/mod.wisdar.net\/tr\/wp-json\/wp\/v2\/product\/90723","targetHints":{"allow":["GET"]}}],"collection":[{"href":"https:\/\/mod.wisdar.net\/tr\/wp-json\/wp\/v2\/product"}],"about":[{"href":"https:\/\/mod.wisdar.net\/tr\/wp-json\/wp\/v2\/types\/product"}],"replies":[{"embeddable":true,"href":"https:\/\/mod.wisdar.net\/tr\/wp-json\/wp\/v2\/comments?post=90723"}],"wp:featuredmedia":[{"embeddable":true,"href":"https:\/\/mod.wisdar.net\/tr\/wp-json\/wp\/v2\/media\/90715"}],"wp:attachment":[{"href":"https:\/\/mod.wisdar.net\/tr\/wp-json\/wp\/v2\/media?parent=90723"}],"wp:term":[{"taxonomy":"product_brand","embeddable":true,"href":"https:\/\/mod.wisdar.net\/tr\/wp-json\/wp\/v2\/product_brand?post=90723"},{"taxonomy":"product_cat","embeddable":true,"href":"https:\/\/mod.wisdar.net\/tr\/wp-json\/wp\/v2\/product_cat?post=90723"},{"taxonomy":"product_tag","embeddable":true,"href":"https:\/\/mod.wisdar.net\/tr\/wp-json\/wp\/v2\/product_tag?post=90723"}],"curies":[{"name":"wp","href":"https:\/\/api.w.org\/{rel}","templated":true}]}}