{"id":90758,"date":"2026-02-02T20:41:13","date_gmt":"2026-02-02T20:41:13","guid":{"rendered":"https:\/\/modesthanim.com\/product\/kahverengi-beli-fermuarli-suet-gorunumlu-pileli-etek\/"},"modified":"2026-03-21T06:32:29","modified_gmt":"2026-03-21T06:32:29","slug":"kahverengi-beli-fermuarli-suet-gorunumlu-pileli-etek","status":"publish","type":"product","link":"https:\/\/mod.wisdar.net\/tr\/urun\/kahverengi-beli-fermuarli-suet-gorunumlu-pileli-etek\/","title":{"rendered":"Kahverengi Beli Fermuarl\u0131 S\u00fcet G\u00f6r\u00fcn\u00fcml\u00fc Pileli Etek"},"content":{"rendered":"<p>LCW Modest Kahverengi Beli Fermuarl\u0131 S\u00fcet G\u00f6r\u00fcn\u00fcml\u00fc Pileli Etek size \u00f6zel indirim, taksit ve kap\u0131da \u00f6deme avantajlar\u0131yla LCW&#8217;de! Hemen online al\u0131\u015fveri\u015f yap, \u00fcr\u00fcn kap\u0131na gelsin! \u2013 W5MY27Z8-92O<\/p>\n<p>\u2014 Technical Details \u2014<br \/>\nMen\u015fei: Turk\u0131ye<br \/>\nSat\u0131c\u0131: LC Waikiki<br \/>\nMarka: LCW Modest<br \/>\n\u00dcr\u00fcn Tipi: Etek<br \/>\nCinsiyet: Kad\u0131n<br \/>\nKal\u0131p: Loose &amp; Bol<br \/>\nKuma\u015f: S\u00fcet G\u00f6r\u00fcn\u00fcml\u00fc<br \/>\nBel Fiti: Y\u00fcksek Bel<br \/>\nDesen: D\u00fcz<br \/>\nKal\u0131nl\u0131k: Orta Kal\u0131nl\u0131k<br \/>\nAstar Detay: Astars\u0131z<br \/>\nUzunluk: Uzun<br \/>\n\u00dcr\u00fcn Aksesuar\u0131: Kemer<br \/>\nKoleksiyon: Tesett\u00fcr Giyim<br \/>\nPar\u00e7a Say\u0131s\u0131: 2 Par\u00e7a<\/p>\n","protected":false},"excerpt":{"rendered":"<p>LCW Modest Kahverengi Beli Fermuarl\u0131 S\u00fcet G\u00f6r\u00fcn\u00fcml\u00fc Pileli Etek size \u00f6zel indirim, taksit ve kap\u0131da \u00f6deme avantajlar\u0131yla LCW&#8217;de! Hemen online al\u0131\u015fveri\u015f yap, \u00fcr\u00fcn kap\u0131na gelsin! \u2013 W5MY27Z8-92O \u2014 Technical Details \u2014 Men\u015fei: Turk\u0131ye Sat\u0131c\u0131: LC Waikiki Marka: LCW Modest \u00dcr\u00fcn Tipi: Etek Cinsiyet: Kad\u0131n Kal\u0131p: Loose &amp; Bol Kuma\u015f: S\u00fcet G\u00f6r\u00fcn\u00fcml\u00fc Bel Fiti: Y\u00fcksek Bel [&hellip;]<\/p>\n","protected":false},"featured_media":90744,"comment_status":"open","ping_status":"closed","template":"","meta":[],"product_brand":[],"product_cat":[1969],"product_tag":[8256,8246,7614,7548,7600,8255,8254],"class_list":{"0":"post-90758","1":"product","2":"type-product","3":"status-publish","4":"has-post-thumbnail","6":"product_cat-etekler","7":"product_tag-fermuarli-etek","8":"product_tag-kahverengi-etek","9":"product_tag-lcw-modest","10":"product_tag-mutevazi-moda","11":"product_tag-pileli-etek","12":"product_tag-suet-gorunumlu","13":"product_tag-yuksek-bel-etek","14":"pa_brand-lcw-modest","15":"pa_color-acik-kahverengi","16":"pa_size-4701","17":"pa_size-4706","18":"pa_size-4711","19":"pa_size-4713","20":"pa_size-4751","22":"first","23":"outofstock","24":"shipping-taxable","25":"product-type-variable"},"_links":{"self":[{"href":"https:\/\/mod.wisdar.net\/tr\/wp-json\/wp\/v2\/product\/90758","targetHints":{"allow":["GET"]}}],"collection":[{"href":"https:\/\/mod.wisdar.net\/tr\/wp-json\/wp\/v2\/product"}],"about":[{"href":"https:\/\/mod.wisdar.net\/tr\/wp-json\/wp\/v2\/types\/product"}],"replies":[{"embeddable":true,"href":"https:\/\/mod.wisdar.net\/tr\/wp-json\/wp\/v2\/comments?post=90758"}],"wp:featuredmedia":[{"embeddable":true,"href":"https:\/\/mod.wisdar.net\/tr\/wp-json\/wp\/v2\/media\/90744"}],"wp:attachment":[{"href":"https:\/\/mod.wisdar.net\/tr\/wp-json\/wp\/v2\/media?parent=90758"}],"wp:term":[{"taxonomy":"product_brand","embeddable":true,"href":"https:\/\/mod.wisdar.net\/tr\/wp-json\/wp\/v2\/product_brand?post=90758"},{"taxonomy":"product_cat","embeddable":true,"href":"https:\/\/mod.wisdar.net\/tr\/wp-json\/wp\/v2\/product_cat?post=90758"},{"taxonomy":"product_tag","embeddable":true,"href":"https:\/\/mod.wisdar.net\/tr\/wp-json\/wp\/v2\/product_tag?post=90758"}],"curies":[{"name":"wp","href":"https:\/\/api.w.org\/{rel}","templated":true}]}}