{"id":9084,"date":"2025-11-01T20:26:39","date_gmt":"2025-11-01T20:26:39","guid":{"rendered":"https:\/\/modesthanim.com\/product\/ekose-detayli-citcitli-kaban-bej-lacivert\/"},"modified":"2026-01-15T08:29:05","modified_gmt":"2026-01-15T08:29:05","slug":"ekose-detayli-citcitli-kaban-bej-lacivert","status":"publish","type":"product","link":"https:\/\/mod.wisdar.net\/tr\/urun\/ekose-detayli-citcitli-kaban-bej-lacivert\/","title":{"rendered":"Ekose Detayl\u0131 \u00c7\u0131t\u00e7\u0131tl\u0131 Kaban \u2013 Bej \u2013 Lacivert"},"content":{"rendered":"<p>Bu kaban, klasik ekose desenleri modern \u00e7izgilerle birle\u015ftirerek, \u00f6n\u00fcndeki \u00e7\u0131t\u00e7\u0131t detaylar\u0131 ile hem estetik hem de fonksiyonel bir kullan\u0131m sunar. Yumu\u015fak dokulu kuma\u015f\u0131, mevsim ge\u00e7i\u015flerinde rahat bir koruma sa\u011flarken, ekose kombin panelleri tasar\u0131ma dinamik bir g\u00f6r\u00fcn\u00fcm katar.<\/p>\n<p>\u2014 Teknik Detaylar \u2014<br \/>\nDesen: D\u00fcz \u2013 Ekose<br \/>\nYaka Tipi: Stand Yaka<br \/>\nKol Tipi: D\u00fc\u015f\u00fck Kol<br \/>\nCep: Gizli Cep<br \/>\nAstar: Astars\u0131z<br \/>\n\u00dcr\u00fcn Uzunlu\u011fu: 120 cm<br \/>\nKal\u0131p: Normal Kal\u0131p<br \/>\nModelin Giydi\u011fi Beden: 38<br \/>\nModel \u00d6l\u00e7\u00fcleri: {&#8216;Boy&#8217;: &#8216;172 cm&#8217;, &#8216;G\u00f6\u011f\u00fcs&#8217;: &#8217;79 cm&#8217;, &#8216;Bel&#8217;: &#8217;61 cm&#8217;, &#8216;Kal\u00e7a&#8217;: &#8217;89 cm&#8217;}<\/p>\n","protected":false},"excerpt":{"rendered":"<p>Bu kaban, klasik ekose desenleri modern \u00e7izgilerle birle\u015ftirerek, \u00f6n\u00fcndeki \u00e7\u0131t\u00e7\u0131t detaylar\u0131 ile hem estetik hem de fonksiyonel bir kullan\u0131m sunar. Yumu\u015fak dokulu kuma\u015f\u0131, mevsim ge\u00e7i\u015flerinde rahat bir koruma sa\u011flarken, ekose kombin panelleri tasar\u0131ma dinamik bir g\u00f6r\u00fcn\u00fcm katar. \u2014 Teknik Detaylar \u2014 Desen: D\u00fcz \u2013 Ekose Yaka Tipi: Stand Yaka Kol Tipi: D\u00fc\u015f\u00fck Kol Cep: Gizli [&hellip;]<\/p>\n","protected":false},"featured_media":51967,"comment_status":"open","ping_status":"closed","template":"","meta":[],"product_brand":[],"product_cat":[2047],"product_tag":[7824,5013],"class_list":{"0":"post-9084","1":"product","2":"type-product","3":"status-publish","4":"has-post-thumbnail","6":"product_cat-paltolar","7":"product_tag-ekose-2","8":"product_tag-modern","9":"pa_color-bej-indigo","10":"pa_size-4706","11":"pa_size-4711","12":"pa_size-4713","13":"pa_size-4751","14":"pa_size-4749","15":"pa_size-4747","17":"first","18":"instock","19":"sale","20":"shipping-taxable","21":"purchasable","22":"product-type-variable"},"_links":{"self":[{"href":"https:\/\/mod.wisdar.net\/tr\/wp-json\/wp\/v2\/product\/9084","targetHints":{"allow":["GET"]}}],"collection":[{"href":"https:\/\/mod.wisdar.net\/tr\/wp-json\/wp\/v2\/product"}],"about":[{"href":"https:\/\/mod.wisdar.net\/tr\/wp-json\/wp\/v2\/types\/product"}],"replies":[{"embeddable":true,"href":"https:\/\/mod.wisdar.net\/tr\/wp-json\/wp\/v2\/comments?post=9084"}],"wp:featuredmedia":[{"embeddable":true,"href":"https:\/\/mod.wisdar.net\/tr\/wp-json\/wp\/v2\/media\/51967"}],"wp:attachment":[{"href":"https:\/\/mod.wisdar.net\/tr\/wp-json\/wp\/v2\/media?parent=9084"}],"wp:term":[{"taxonomy":"product_brand","embeddable":true,"href":"https:\/\/mod.wisdar.net\/tr\/wp-json\/wp\/v2\/product_brand?post=9084"},{"taxonomy":"product_cat","embeddable":true,"href":"https:\/\/mod.wisdar.net\/tr\/wp-json\/wp\/v2\/product_cat?post=9084"},{"taxonomy":"product_tag","embeddable":true,"href":"https:\/\/mod.wisdar.net\/tr\/wp-json\/wp\/v2\/product_tag?post=9084"}],"curies":[{"name":"wp","href":"https:\/\/api.w.org\/{rel}","templated":true}]}}