{"id":90891,"date":"2026-02-02T20:42:38","date_gmt":"2026-02-02T20:42:38","guid":{"rendered":"https:\/\/modesthanim.com\/product\/bel-cift-kanal-bagcikli-giy-cik-lacivert\/"},"modified":"2026-04-02T00:51:12","modified_gmt":"2026-04-02T00:51:12","slug":"bel-cift-kanal-bagcikli-giy-cik-lacivert","status":"publish","type":"product","link":"https:\/\/mod.wisdar.net\/tr\/urun\/bel-cift-kanal-bagcikli-giy-cik-lacivert\/","title":{"rendered":"Bel \u00c7ift Kanal Ba\u011fc\u0131kl\u0131 Giy-\u00c7\u0131k \u2013 Lacivert"},"content":{"rendered":"<p>Bel k\u0131sm\u0131ndaki \u00e7ift kanal ba\u011fc\u0131k detay\u0131yla ayarlanabilir form sunan bu giy-\u00e7\u0131k, modern ve rahat bir siluet olu\u015fturur. Hafif yap\u0131s\u0131 sayesinde mevsim ge\u00e7i\u015fleri i\u00e7in idealdir. G\u00fcnl\u00fck stilinize \u015f\u0131kl\u0131kla e\u015flik eder.<\/p>\n<p>Kuma\u015f \u0130\u00e7eri\u011fi: %97 Pamuklu, %3 Elastan<\/p>\n<p>Desen: D\u00fcz<br \/>\nYaka Tipi: Bisiklet Yaka<br \/>\nKol Tipi: D\u00fc\u015f\u00fck Kol<br \/>\nCep: Gizli Cep<br \/>\nAstar: Astars\u0131z<br \/>\n\u00dcr\u00fcn Boyu: 125 cm<br \/>\nKal\u0131p Tipi: Normal Kal\u0131p<br \/>\nMankenin Giydi\u011fi Beden: 38<br \/>\nManken \u00d6l\u00e7\u00fcleri:Boy: 176 cmG\u00f6\u011f\u00fcs: 80 cmBel: 60 cmBasen: 90 cm<\/p>\n","protected":false},"excerpt":{"rendered":"<p>Bel k\u0131sm\u0131ndaki \u00e7ift kanal ba\u011fc\u0131k detay\u0131yla ayarlanabilir form sunan bu giy-\u00e7\u0131k, modern ve rahat bir siluet olu\u015fturur. Hafif yap\u0131s\u0131 sayesinde mevsim ge\u00e7i\u015fleri i\u00e7in idealdir. G\u00fcnl\u00fck stilinize \u015f\u0131kl\u0131kla e\u015flik eder. Kuma\u015f \u0130\u00e7eri\u011fi: %97 Pamuklu, %3 Elastan Desen: D\u00fcz Yaka Tipi: Bisiklet Yaka Kol Tipi: D\u00fc\u015f\u00fck Kol Cep: Gizli Cep Astar: Astars\u0131z \u00dcr\u00fcn Boyu: 125 cm Kal\u0131p [&hellip;]<\/p>\n","protected":false},"featured_media":90875,"comment_status":"open","ping_status":"closed","template":"","meta":[],"product_brand":[],"product_cat":[4028,2050],"product_tag":[8281,8283,7426,7652,6766,8282,7425],"class_list":{"0":"post-90891","1":"product","2":"type-product","3":"status-publish","4":"has-post-thumbnail","6":"product_cat-abaya","7":"product_cat-blazer-ceketler","8":"product_tag-bagcikli-bel","9":"product_tag-giy-cik","10":"product_tag-gunluk-giyim-3","11":"product_tag-gunluk-moda-2","12":"product_tag-hafif","13":"product_tag-lacivert-2","14":"product_tag-pamuk-karisimi","15":"pa_brand-tugba","16":"pa_color-lacivert","17":"pa_size-4706","18":"pa_size-4711","19":"pa_size-4713","20":"pa_size-4751","22":"first","23":"instock","24":"sale","25":"shipping-taxable","26":"purchasable","27":"product-type-variable"},"_links":{"self":[{"href":"https:\/\/mod.wisdar.net\/tr\/wp-json\/wp\/v2\/product\/90891","targetHints":{"allow":["GET"]}}],"collection":[{"href":"https:\/\/mod.wisdar.net\/tr\/wp-json\/wp\/v2\/product"}],"about":[{"href":"https:\/\/mod.wisdar.net\/tr\/wp-json\/wp\/v2\/types\/product"}],"replies":[{"embeddable":true,"href":"https:\/\/mod.wisdar.net\/tr\/wp-json\/wp\/v2\/comments?post=90891"}],"wp:featuredmedia":[{"embeddable":true,"href":"https:\/\/mod.wisdar.net\/tr\/wp-json\/wp\/v2\/media\/90875"}],"wp:attachment":[{"href":"https:\/\/mod.wisdar.net\/tr\/wp-json\/wp\/v2\/media?parent=90891"}],"wp:term":[{"taxonomy":"product_brand","embeddable":true,"href":"https:\/\/mod.wisdar.net\/tr\/wp-json\/wp\/v2\/product_brand?post=90891"},{"taxonomy":"product_cat","embeddable":true,"href":"https:\/\/mod.wisdar.net\/tr\/wp-json\/wp\/v2\/product_cat?post=90891"},{"taxonomy":"product_tag","embeddable":true,"href":"https:\/\/mod.wisdar.net\/tr\/wp-json\/wp\/v2\/product_tag?post=90891"}],"curies":[{"name":"wp","href":"https:\/\/api.w.org\/{rel}","templated":true}]}}