{"id":90972,"date":"2026-02-02T20:44:14","date_gmt":"2026-02-02T20:44:14","guid":{"rendered":"https:\/\/modesthanim.com\/product\/kollar-grogren-detayli-ferace-indigo\/"},"modified":"2026-04-02T19:58:28","modified_gmt":"2026-04-02T19:58:28","slug":"kollar-grogren-detayli-ferace-indigo","status":"publish","type":"product","link":"https:\/\/mod.wisdar.net\/tr\/urun\/kollar-grogren-detayli-ferace-indigo\/","title":{"rendered":"Kollar Grogren Detayl\u0131 Ferace \u2013 \u0130ndigo"},"content":{"rendered":"<p>Kollar\u0131ndaki grogren \u015ferit detaylar\u0131yla hareket kazanan bu ferace, modern ve \u00f6zg\u00fcn bir duru\u015f sunar. Rahat kal\u0131b\u0131yla g\u00fcnl\u00fck kombinlerde \u015f\u0131kl\u0131\u011f\u0131 konforla bulu\u015fturur.<\/p>\n<p>Kuma\u015f \u0130\u00e7eri\u011fi: %100 Polyester<br \/>\nDesen: D\u00fcz<br \/>\nYaka Tipi: Hakim Yaka<br \/>\nKol Tipi: Uzun Kol<\/p>\n<p>Cep: Gizli Cep<\/p>\n<p>Astar: Astars\u0131z<\/p>\n<p>\u00dcr\u00fcn Boyu: 140 cm<\/p>\n<p>Kal\u0131p Tipi: Normal Kal\u0131p<\/p>\n<p>Mankenin Giydi\u011fi Beden: 38<\/p>\n<p>Manken \u00d6l\u00e7\u00fcleri:Boy: 176 cmG\u00f6\u011f\u00fcs: 86 cmBel: 61 cmBasen: 90 cm<\/p>\n<p>\u2014 Technical Details \u2014<br \/>\nmeasurements: {&#8217;38&#8217;: {&#8216;shoulder&#8217;: &#8217;40&#8217;, &#8216;chest&#8217;: &#8216;103&#8217;, &#8216;waist&#8217;: &#8216;105&#8217;, &#8216;hip&#8217;: &#8216;118&#8217;, &#8216;length&#8217;: &#8216;140&#8217;, &#8216;sleeve_length&#8217;: &#8217;61&#8217;}, &#8217;40&#8217;: {&#8216;shoulder&#8217;: &#8217;41&#8217;, &#8216;chest&#8217;: &#8216;107&#8217;, &#8216;waist&#8217;: &#8216;109&#8217;, &#8216;hip&#8217;: &#8216;122&#8217;, &#8216;length&#8217;: &#8216;140.5&#8217;, &#8216;sleeve_length&#8217;: &#8216;61.5&#8217;}, &#8217;42&#8217;: {&#8216;shoulder&#8217;: &#8217;42&#8217;, &#8216;chest&#8217;: &#8216;111&#8217;, &#8216;waist&#8217;: &#8216;113&#8217;, &#8216;hip&#8217;: &#8216;126&#8217;, &#8216;length&#8217;: &#8216;141&#8217;, &#8216;sleeve_length&#8217;: &#8217;62&#8217;}, &#8217;44&#8217;: {&#8216;shoulder&#8217;: &#8217;43&#8217;, &#8216;chest&#8217;: &#8216;115&#8217;, &#8216;waist&#8217;: &#8216;117&#8217;, &#8216;hip&#8217;: &#8216;130&#8217;, &#8216;length&#8217;: &#8216;141.5&#8217;, &#8216;sleeve_length&#8217;: &#8216;62.5&#8217;}}<\/p>\n","protected":false},"excerpt":{"rendered":"<p>Kollar\u0131ndaki grogren \u015ferit detaylar\u0131yla hareket kazanan bu ferace, modern ve \u00f6zg\u00fcn bir duru\u015f sunar. Rahat kal\u0131b\u0131yla g\u00fcnl\u00fck kombinlerde \u015f\u0131kl\u0131\u011f\u0131 konforla bulu\u015fturur. Kuma\u015f \u0130\u00e7eri\u011fi: %100 Polyester Desen: D\u00fcz Yaka Tipi: Hakim Yaka Kol Tipi: Uzun Kol Cep: Gizli Cep Astar: Astars\u0131z \u00dcr\u00fcn Boyu: 140 cm Kal\u0131p Tipi: Normal Kal\u0131p Mankenin Giydi\u011fi Beden: 38 Manken \u00d6l\u00e7\u00fcleri:Boy: 176 [&hellip;]<\/p>\n","protected":false},"featured_media":90962,"comment_status":"open","ping_status":"closed","template":"","meta":[],"product_brand":[],"product_cat":[4028],"product_tag":[8287,7354,4998,8286,7548,7021,6751,8285,6768],"class_list":{"0":"post-90972","1":"product","2":"type-product","3":"status-publish","4":"has-post-thumbnail","6":"product_cat-abaya","7":"product_tag-grogren","8":"product_tag-gunluk-giyim-2","9":"product_tag-indigo","10":"product_tag-kaftan","11":"product_tag-mutevazi-moda","12":"product_tag-polyester","13":"product_tag-rahat","14":"product_tag-sal-yaka","15":"product_tag-uzun-kol","16":"pa_brand-tugba","17":"pa_color-indigo","18":"pa_size-4706","19":"pa_size-4711","20":"pa_size-4713","21":"pa_size-4751","23":"first","24":"outofstock","25":"sale","26":"shipping-taxable","27":"purchasable","28":"product-type-variable"},"_links":{"self":[{"href":"https:\/\/mod.wisdar.net\/tr\/wp-json\/wp\/v2\/product\/90972","targetHints":{"allow":["GET"]}}],"collection":[{"href":"https:\/\/mod.wisdar.net\/tr\/wp-json\/wp\/v2\/product"}],"about":[{"href":"https:\/\/mod.wisdar.net\/tr\/wp-json\/wp\/v2\/types\/product"}],"replies":[{"embeddable":true,"href":"https:\/\/mod.wisdar.net\/tr\/wp-json\/wp\/v2\/comments?post=90972"}],"wp:featuredmedia":[{"embeddable":true,"href":"https:\/\/mod.wisdar.net\/tr\/wp-json\/wp\/v2\/media\/90962"}],"wp:attachment":[{"href":"https:\/\/mod.wisdar.net\/tr\/wp-json\/wp\/v2\/media?parent=90972"}],"wp:term":[{"taxonomy":"product_brand","embeddable":true,"href":"https:\/\/mod.wisdar.net\/tr\/wp-json\/wp\/v2\/product_brand?post=90972"},{"taxonomy":"product_cat","embeddable":true,"href":"https:\/\/mod.wisdar.net\/tr\/wp-json\/wp\/v2\/product_cat?post=90972"},{"taxonomy":"product_tag","embeddable":true,"href":"https:\/\/mod.wisdar.net\/tr\/wp-json\/wp\/v2\/product_tag?post=90972"}],"curies":[{"name":"wp","href":"https:\/\/api.w.org\/{rel}","templated":true}]}}