{"id":91051,"date":"2026-02-02T20:45:25","date_gmt":"2026-02-02T20:45:25","guid":{"rendered":"https:\/\/modesthanim.com\/product\/omuz-allerli-kusakli-ferace-antrasit\/"},"modified":"2026-03-07T08:23:26","modified_gmt":"2026-03-07T08:23:26","slug":"omuz-allerli-kusakli-ferace-antrasit","status":"publish","type":"product","link":"https:\/\/mod.wisdar.net\/tr\/urun\/omuz-allerli-kusakli-ferace-antrasit\/","title":{"rendered":"Omuz Allerli Ku\u015fakl\u0131 Ferace \u2013 Antrasit"},"content":{"rendered":"<p>Omuz detaylar\u0131yla zarif bir duru\u015f kazanan bu ferace, ku\u015fakl\u0131 tasar\u0131m\u0131yla v\u00fccuda uyum sa\u011flar. Ak\u0131c\u0131 kuma\u015f\u0131yla g\u00fcn boyu konfor sunar. Hem klasik hem modern stilin tamamlay\u0131c\u0131s\u0131d\u0131r.<\/p>\n<p>Kuma\u015f \u0130\u00e7eri\u011fi: %100 Polyester<\/p>\n<p>Desen: D\u00fcz<br \/>\nYaka Tipi: Hakim Yaka<br \/>\nKol Tipi: Uzun Kol<br \/>\nCep: Fleto Cep<br \/>\nAstar: Astars\u0131z<br \/>\n\u00dcr\u00fcn Boyu: 140 cm<br \/>\nKal\u0131p Tipi: Normal Kal\u0131p<br \/>\nMankenin Giydi\u011fi Beden: 38<br \/>\nManken \u00d6l\u00e7\u00fcleri:Boy: 176 cmG\u00f6\u011f\u00fcs: 80 cmBel: 60 cmBasen: 90 cm<\/p>\n","protected":false},"excerpt":{"rendered":"<p>Omuz detaylar\u0131yla zarif bir duru\u015f kazanan bu ferace, ku\u015fakl\u0131 tasar\u0131m\u0131yla v\u00fccuda uyum sa\u011flar. Ak\u0131c\u0131 kuma\u015f\u0131yla g\u00fcn boyu konfor sunar. Hem klasik hem modern stilin tamamlay\u0131c\u0131s\u0131d\u0131r. Kuma\u015f \u0130\u00e7eri\u011fi: %100 Polyester Desen: D\u00fcz Yaka Tipi: Hakim Yaka Kol Tipi: Uzun Kol Cep: Fleto Cep Astar: Astars\u0131z \u00dcr\u00fcn Boyu: 140 cm Kal\u0131p Tipi: Normal Kal\u0131p Mankenin Giydi\u011fi Beden: [&hellip;]<\/p>\n","protected":false},"featured_media":91038,"comment_status":"open","ping_status":"closed","template":"","meta":[],"product_brand":[],"product_cat":[4028],"product_tag":[8298,8301,6777,7547,8299,7548,8300,6768],"class_list":{"0":"post-91051","1":"product","2":"type-product","3":"status-publish","4":"has-post-thumbnail","6":"product_cat-abaya","7":"product_tag-abaya","8":"product_tag-akici-kumas","9":"product_tag-antrasit","10":"product_tag-kadin-giyim","11":"product_tag-kemerli-elbise","12":"product_tag-mutevazi-moda","13":"product_tag-omuz-detayi","14":"product_tag-uzun-kol","15":"pa_color-antrasit","16":"pa_size-4706","17":"pa_size-4711","18":"pa_size-4713","19":"pa_size-4751","20":"pa_size-4749","21":"pa_size-4747","23":"first","24":"outofstock","25":"shipping-taxable","26":"product-type-variable"},"_links":{"self":[{"href":"https:\/\/mod.wisdar.net\/tr\/wp-json\/wp\/v2\/product\/91051","targetHints":{"allow":["GET"]}}],"collection":[{"href":"https:\/\/mod.wisdar.net\/tr\/wp-json\/wp\/v2\/product"}],"about":[{"href":"https:\/\/mod.wisdar.net\/tr\/wp-json\/wp\/v2\/types\/product"}],"replies":[{"embeddable":true,"href":"https:\/\/mod.wisdar.net\/tr\/wp-json\/wp\/v2\/comments?post=91051"}],"wp:featuredmedia":[{"embeddable":true,"href":"https:\/\/mod.wisdar.net\/tr\/wp-json\/wp\/v2\/media\/91038"}],"wp:attachment":[{"href":"https:\/\/mod.wisdar.net\/tr\/wp-json\/wp\/v2\/media?parent=91051"}],"wp:term":[{"taxonomy":"product_brand","embeddable":true,"href":"https:\/\/mod.wisdar.net\/tr\/wp-json\/wp\/v2\/product_brand?post=91051"},{"taxonomy":"product_cat","embeddable":true,"href":"https:\/\/mod.wisdar.net\/tr\/wp-json\/wp\/v2\/product_cat?post=91051"},{"taxonomy":"product_tag","embeddable":true,"href":"https:\/\/mod.wisdar.net\/tr\/wp-json\/wp\/v2\/product_tag?post=91051"}],"curies":[{"name":"wp","href":"https:\/\/api.w.org\/{rel}","templated":true}]}}