{"id":91129,"date":"2026-02-02T20:47:00","date_gmt":"2026-02-02T20:47:00","guid":{"rendered":"https:\/\/modesthanim.com\/product\/fermuar-yirtmacli-kapitone-kaban-olive\/"},"modified":"2026-04-09T09:30:53","modified_gmt":"2026-04-09T09:30:53","slug":"fermuar-yirtmacli-kapitone-kaban-olive","status":"publish","type":"product","link":"https:\/\/mod.wisdar.net\/tr\/urun\/fermuar-yirtmacli-kapitone-kaban-olive\/","title":{"rendered":"Fermuar Y\u0131rtma\u00e7l\u0131 Kapitone Kaban \u2013 Olive"},"content":{"rendered":"<p>Fermuar y\u0131rtma\u00e7 detaylar\u0131yla hareket \u00f6zg\u00fcrl\u00fc\u011f\u00fc sunan bu kapitone kaban, modern ve i\u015flevsel bir tasar\u0131ma sahip. \u015e\u0131k kapitone dokusu ve fermuar detaylar\u0131, hem spor hem de casual kombinlere sofistike bir dokunu\u015f kat\u0131yor.<\/p>\n<p>Kuma\u015f \u0130\u00e7eri\u011fi: %100 Polyester<br \/>\nDesen: Zikzak Desen<br \/>\nYaka Tipi: Kap\u00fc\u015fon Yaka<br \/>\nKol Tipi: Uzun Kol<br \/>\nCep: Aplike Cep<br \/>\nAstar: Astarl\u0131<br \/>\n\u00dcr\u00fcn Boyu: 120 cm<br \/>\nKal\u0131p Tipi: Normal Kal\u0131p<br \/>\nMankenin Giydi\u011fi Beden: 38<br \/>\nManken \u00d6l\u00e7\u00fcleri:<br \/>\nBoy: 176 cm<br \/>\nG\u00f6\u011f\u00fcs: 89 cm<br \/>\nBel: 62 cm<br \/>\nBasen: 89 cm<\/p>\n","protected":false},"excerpt":{"rendered":"<p>Fermuar y\u0131rtma\u00e7 detaylar\u0131yla hareket \u00f6zg\u00fcrl\u00fc\u011f\u00fc sunan bu kapitone kaban, modern ve i\u015flevsel bir tasar\u0131ma sahip. \u015e\u0131k kapitone dokusu ve fermuar detaylar\u0131, hem spor hem de casual kombinlere sofistike bir dokunu\u015f kat\u0131yor. Kuma\u015f \u0130\u00e7eri\u011fi: %100 Polyester Desen: Zikzak Desen Yaka Tipi: Kap\u00fc\u015fon Yaka Kol Tipi: Uzun Kol Cep: Aplike Cep Astar: Astarl\u0131 \u00dcr\u00fcn Boyu: 120 cm [&hellip;]<\/p>\n","protected":false},"featured_media":91112,"comment_status":"open","ping_status":"closed","template":"","meta":[],"product_brand":[],"product_cat":[2047],"product_tag":[8323,8324,8321,8322,8320,8319,7895],"class_list":{"0":"post-91129","1":"product","2":"type-product","3":"status-publish","4":"has-post-thumbnail","6":"product_cat-paltolar","7":"product_tag-fermuar-yirtmac","8":"product_tag-fonksiyonel-tasarim","9":"product_tag-gunluk-stil","10":"product_tag-haki-dis-giyim","11":"product_tag-kapitone-mont","12":"product_tag-kapusonlu-mont-2","13":"product_tag-kis-modasi","14":"pa_brand-tugba","15":"pa_color-olive","16":"pa_size-4706","17":"pa_size-4711","18":"pa_size-4713","19":"pa_size-4751","20":"pa_size-4749","21":"pa_size-4747","23":"first","24":"outofstock","25":"shipping-taxable","26":"product-type-variable"},"_links":{"self":[{"href":"https:\/\/mod.wisdar.net\/tr\/wp-json\/wp\/v2\/product\/91129","targetHints":{"allow":["GET"]}}],"collection":[{"href":"https:\/\/mod.wisdar.net\/tr\/wp-json\/wp\/v2\/product"}],"about":[{"href":"https:\/\/mod.wisdar.net\/tr\/wp-json\/wp\/v2\/types\/product"}],"replies":[{"embeddable":true,"href":"https:\/\/mod.wisdar.net\/tr\/wp-json\/wp\/v2\/comments?post=91129"}],"wp:featuredmedia":[{"embeddable":true,"href":"https:\/\/mod.wisdar.net\/tr\/wp-json\/wp\/v2\/media\/91112"}],"wp:attachment":[{"href":"https:\/\/mod.wisdar.net\/tr\/wp-json\/wp\/v2\/media?parent=91129"}],"wp:term":[{"taxonomy":"product_brand","embeddable":true,"href":"https:\/\/mod.wisdar.net\/tr\/wp-json\/wp\/v2\/product_brand?post=91129"},{"taxonomy":"product_cat","embeddable":true,"href":"https:\/\/mod.wisdar.net\/tr\/wp-json\/wp\/v2\/product_cat?post=91129"},{"taxonomy":"product_tag","embeddable":true,"href":"https:\/\/mod.wisdar.net\/tr\/wp-json\/wp\/v2\/product_tag?post=91129"}],"curies":[{"name":"wp","href":"https:\/\/api.w.org\/{rel}","templated":true}]}}