{"id":91213,"date":"2026-02-02T20:48:19","date_gmt":"2026-02-02T20:48:19","guid":{"rendered":"https:\/\/modesthanim.com\/product\/kol-bant-detayli-kece-kaban-camel-2\/"},"modified":"2026-04-15T21:51:13","modified_gmt":"2026-04-15T21:51:13","slug":"kol-bant-detayli-kece-kaban-camel-2","status":"publish","type":"product","link":"https:\/\/mod.wisdar.net\/tr\/urun\/kol-bant-detayli-kece-kaban-camel-2\/","title":{"rendered":"Kol Bant Detayl\u0131 Ke\u00e7e Kaban \u2013 Camel"},"content":{"rendered":"<p>Y\u0131rtma\u00e7 detaylar\u0131yla hareket kazanan ve kap\u00fc\u015fon tasar\u0131m\u0131yla fonksiyonelli\u011fi art\u0131ran bu kapitone manto, modern ve \u015f\u0131k bir g\u00f6r\u00fcn\u00fcm sunuyor. Hafif yap\u0131s\u0131 ve s\u0131cak tutan dokusuyla so\u011fuk g\u00fcnlerde hem konforlu hem de stil sahibi bir se\u00e7enek.<\/p>\n<p>Kuma\u015f \u0130\u00e7eri\u011fi: %60 Y\u00fcn, %40 Polyester<\/p>\n<p>Desen: D\u00fcz<br \/>\nYaka Tipi: Blazer Yaka<br \/>\nKol Tipi: Uzun Kol<\/p>\n<p>Cep: Gizli Cep<\/p>\n<p>Astar: Astarl\u0131<\/p>\n<p>\u00dcr\u00fcn Boyu: 130 cm<\/p>\n<p>Kal\u0131p Tipi: Normal Kal\u0131p<\/p>\n<p>Mankenin Giydi\u011fi Beden: 42<\/p>\n<p>Manken \u00d6l\u00e7\u00fcleri:Boy: 176 cmG\u00f6\u011f\u00fcs: 89 cmBel: 62 cmBasen: 89 cm<\/p>\n<p>\u2014 Technical Details \u2014<br \/>\nshoulder: 40-45 cm<br \/>\nchest: 108-130 cm<br \/>\nwaist: 102-124 cm<br \/>\nhip: 116-138 cm<br \/>\nlength: 130 cm<br \/>\nsleeve_length: 60.5-63 cm<\/p>\n","protected":false},"excerpt":{"rendered":"<p>Y\u0131rtma\u00e7 detaylar\u0131yla hareket kazanan ve kap\u00fc\u015fon tasar\u0131m\u0131yla fonksiyonelli\u011fi art\u0131ran bu kapitone manto, modern ve \u015f\u0131k bir g\u00f6r\u00fcn\u00fcm sunuyor. Hafif yap\u0131s\u0131 ve s\u0131cak tutan dokusuyla so\u011fuk g\u00fcnlerde hem konforlu hem de stil sahibi bir se\u00e7enek. Kuma\u015f \u0130\u00e7eri\u011fi: %60 Y\u00fcn, %40 Polyester Desen: D\u00fcz Yaka Tipi: Blazer Yaka Kol Tipi: Uzun Kol Cep: Gizli Cep Astar: Astarl\u0131 [&hellip;]<\/p>\n","protected":false},"featured_media":91191,"comment_status":"open","ping_status":"closed","template":"","meta":[],"product_brand":[],"product_cat":[2047],"product_tag":[8335,7960,8319,8336,6312,6314,6311],"class_list":{"0":"post-91213","1":"product","2":"type-product","3":"status-publish","4":"has-post-thumbnail","6":"product_cat-paltolar","7":"product_tag-camel-kaban","8":"product_tag-kadin-dis-giyim","9":"product_tag-kapusonlu-mont-2","10":"product_tag-kece-kaban","11":"product_tag-long-coat","12":"product_tag-quilted-coat","13":"product_tag-winter-coat","14":"pa_brand-tugba","15":"pa_color-camel","16":"pa_size-4713","17":"pa_size-4751","18":"pa_size-4749","19":"pa_size-4747","20":"pa_size-4746","21":"pa_size-4744","23":"first","24":"instock","25":"sale","26":"shipping-taxable","27":"purchasable","28":"product-type-variable"},"_links":{"self":[{"href":"https:\/\/mod.wisdar.net\/tr\/wp-json\/wp\/v2\/product\/91213","targetHints":{"allow":["GET"]}}],"collection":[{"href":"https:\/\/mod.wisdar.net\/tr\/wp-json\/wp\/v2\/product"}],"about":[{"href":"https:\/\/mod.wisdar.net\/tr\/wp-json\/wp\/v2\/types\/product"}],"replies":[{"embeddable":true,"href":"https:\/\/mod.wisdar.net\/tr\/wp-json\/wp\/v2\/comments?post=91213"}],"wp:featuredmedia":[{"embeddable":true,"href":"https:\/\/mod.wisdar.net\/tr\/wp-json\/wp\/v2\/media\/91191"}],"wp:attachment":[{"href":"https:\/\/mod.wisdar.net\/tr\/wp-json\/wp\/v2\/media?parent=91213"}],"wp:term":[{"taxonomy":"product_brand","embeddable":true,"href":"https:\/\/mod.wisdar.net\/tr\/wp-json\/wp\/v2\/product_brand?post=91213"},{"taxonomy":"product_cat","embeddable":true,"href":"https:\/\/mod.wisdar.net\/tr\/wp-json\/wp\/v2\/product_cat?post=91213"},{"taxonomy":"product_tag","embeddable":true,"href":"https:\/\/mod.wisdar.net\/tr\/wp-json\/wp\/v2\/product_tag?post=91213"}],"curies":[{"name":"wp","href":"https:\/\/api.w.org\/{rel}","templated":true}]}}