{"id":91278,"date":"2026-02-02T20:49:47","date_gmt":"2026-02-02T20:49:47","guid":{"rendered":"https:\/\/modesthanim.com\/product\/buyuk-taba-rengi-suet-el-cantasi\/"},"modified":"2026-04-15T20:45:49","modified_gmt":"2026-04-15T20:45:49","slug":"buyuk-taba-rengi-suet-el-cantasi","status":"publish","type":"product","link":"https:\/\/mod.wisdar.net\/tr\/urun\/buyuk-taba-rengi-suet-el-cantasi\/","title":{"rendered":"B\u00fcy\u00fck S\u00fcet \u00c7anta Taba"},"content":{"rendered":"<p>Renk: Taba<br \/>\nKuma\u015f: Suni S\u00fcet<br \/>\nEbat:<br \/>\nBoy: 29 cm<br \/>\nEn: 38 cm<br \/>\n\u0130\u00e7ten \u00e7\u0131t\u00e7\u0131tl\u0131d\u0131r.<br \/>\nSap\u0131 \u00e7\u0131kar\u0131l\u0131p tak\u0131labilmektedir.<br \/>\n\u00d6nde 2 cebi bulunmaktad\u0131r.<\/p>\n<p>\u2014 Technical Details \u2014<br \/>\nSezon: KI\u015e<\/p>\n","protected":false},"excerpt":{"rendered":"<p>Renk: Taba Kuma\u015f: Suni S\u00fcet Ebat: Boy: 29 cm En: 38 cm \u0130\u00e7ten \u00e7\u0131t\u00e7\u0131tl\u0131d\u0131r. Sap\u0131 \u00e7\u0131kar\u0131l\u0131p tak\u0131labilmektedir. \u00d6nde 2 cebi bulunmaktad\u0131r. \u2014 Technical Details \u2014 Sezon: KI\u015e<\/p>\n","protected":false},"featured_media":0,"comment_status":"open","ping_status":"closed","template":"","meta":[],"product_brand":[],"product_cat":[6960,6957],"product_tag":[8361,8356,6995,8358,8360],"class_list":{"0":"post-91278","1":"product","2":"type-product","3":"status-publish","5":"product_cat-cantalar","6":"product_cat-cantalar-el-cantalari","7":"product_tag-cikarilabilir-sap","8":"product_tag-kis-koleksiyonu","9":"product_tag-moda-aksesuari","10":"product_tag-suet-el-cantasi","11":"product_tag-taba-canta","12":"pa_brand-minik-terzi","13":"pa_color-taba","14":"pa_size-standart","16":"first","17":"instock","18":"shipping-taxable","19":"purchasable","20":"product-type-variable"},"_links":{"self":[{"href":"https:\/\/mod.wisdar.net\/tr\/wp-json\/wp\/v2\/product\/91278","targetHints":{"allow":["GET"]}}],"collection":[{"href":"https:\/\/mod.wisdar.net\/tr\/wp-json\/wp\/v2\/product"}],"about":[{"href":"https:\/\/mod.wisdar.net\/tr\/wp-json\/wp\/v2\/types\/product"}],"replies":[{"embeddable":true,"href":"https:\/\/mod.wisdar.net\/tr\/wp-json\/wp\/v2\/comments?post=91278"}],"wp:attachment":[{"href":"https:\/\/mod.wisdar.net\/tr\/wp-json\/wp\/v2\/media?parent=91278"}],"wp:term":[{"taxonomy":"product_brand","embeddable":true,"href":"https:\/\/mod.wisdar.net\/tr\/wp-json\/wp\/v2\/product_brand?post=91278"},{"taxonomy":"product_cat","embeddable":true,"href":"https:\/\/mod.wisdar.net\/tr\/wp-json\/wp\/v2\/product_cat?post=91278"},{"taxonomy":"product_tag","embeddable":true,"href":"https:\/\/mod.wisdar.net\/tr\/wp-json\/wp\/v2\/product_tag?post=91278"}],"curies":[{"name":"wp","href":"https:\/\/api.w.org\/{rel}","templated":true}]}}