{"id":91372,"date":"2026-02-02T20:52:27","date_gmt":"2026-02-02T20:52:27","guid":{"rendered":"https:\/\/modesthanim.com\/product\/gold-dugme-detayli-ceket-pantolon-takim-siyah\/"},"modified":"2026-04-09T09:21:19","modified_gmt":"2026-04-09T09:21:19","slug":"gold-dugme-detayli-ceket-pantolon-takim-siyah","status":"publish","type":"product","link":"https:\/\/mod.wisdar.net\/tr\/urun\/gold-dugme-detayli-ceket-pantolon-takim-siyah\/","title":{"rendered":"Gold D\u00fc\u011fme Detayl\u0131 Ceket Pantolon Tak\u0131m \u2013 Siyah"},"content":{"rendered":"<p>Zarif gold d\u00fc\u011fme detaylar\u0131yla modern tailoring\u2019e sofistike bir \u0131\u015f\u0131lt\u0131 kazand\u0131ran bu ceket\u2013pantolon tak\u0131m, mimari bir siluet sunar. Yap\u0131land\u0131r\u0131lm\u0131\u015f ceket formu g\u00fc\u00e7l\u00fc bir duru\u015f yarat\u0131rken, ak\u0131c\u0131 pantolon kesimi silueti dengeli ve rafine bir \u00e7izgiyle tamamlar.<\/p>\n<p>\u00dcST<br \/>\nKuma\u015f \u0130\u00e7eri\u011fi: %77 Polyester, %17 Viskon, % 6 Elastan<br \/>\nDesen: D\u00fcz<br \/>\nYaka Tipi: Blazer Yaka<br \/>\nKol Tipi: Uzun Kol<br \/>\nCep: Peto Cep<br \/>\nAstar: Astarl\u0131<br \/>\n\u00dcr\u00fcn Boyu: 75 cm<br \/>\nKal\u0131p Tipi: Normal Kal\u0131p<\/p>\n<p>ALT<br \/>\nKuma\u015f \u0130\u00e7eri\u011fi: %77 Polyester, %17 Viskon, % 6 Elastan<br \/>\nDesen: D\u00fcz<br \/>\nBel Tipi: Normal Bel<br \/>\nPa\u00e7a Tipi: Boru Pa\u00e7a<br \/>\nCep: Yan Cep<br \/>\nAstar: Astars\u0131z<br \/>\n\u00dcr\u00fcn Boyu: 95 cm<br \/>\nKal\u0131p Tipi: Normal Kal\u0131p<\/p>\n<p>Manken \u00d6l\u00e7\u00fcleri:<br \/>\nBoy: 173 cm<br \/>\nG\u00f6\u011f\u00fcs: 83 cm<br \/>\nBel: 61 cm<br \/>\nBasen: 89 cm<\/p>\n<p>Mankenin Giydi\u011fi Beden: 38<\/p>\n","protected":false},"excerpt":{"rendered":"<p>Zarif gold d\u00fc\u011fme detaylar\u0131yla modern tailoring\u2019e sofistike bir \u0131\u015f\u0131lt\u0131 kazand\u0131ran bu ceket\u2013pantolon tak\u0131m, mimari bir siluet sunar. Yap\u0131land\u0131r\u0131lm\u0131\u015f ceket formu g\u00fc\u00e7l\u00fc bir duru\u015f yarat\u0131rken, ak\u0131c\u0131 pantolon kesimi silueti dengeli ve rafine bir \u00e7izgiyle tamamlar. \u00dcST Kuma\u015f \u0130\u00e7eri\u011fi: %77 Polyester, %17 Viskon, % 6 Elastan Desen: D\u00fcz Yaka Tipi: Blazer Yaka Kol Tipi: Uzun Kol Cep: [&hellip;]<\/p>\n","protected":false},"featured_media":91365,"comment_status":"open","ping_status":"closed","template":"","meta":[],"product_brand":[],"product_cat":[1900],"product_tag":[8376,8377,6744,6754,8375,7959,8374,8373],"class_list":{"0":"post-91372","1":"product","2":"type-product","3":"status-publish","4":"has-post-thumbnail","6":"product_cat-koordinatlar-setler","7":"product_tag-altin-dugmeler","8":"product_tag-ceket-takimi","9":"product_tag-kadin-modasi","10":"product_tag-ofis-kiyafeti","11":"product_tag-pantolon-takimi","12":"product_tag-resmi-giyim","13":"product_tag-siyah-takim-elbise","14":"product_tag-terzi-isi","15":"pa_brand-tugba","16":"pa_color-siyah","17":"pa_size-4706","18":"pa_size-4711","19":"pa_size-4713","20":"pa_size-4751","21":"pa_size-4749","22":"pa_size-4747","24":"first","25":"instock","26":"sale","27":"shipping-taxable","28":"purchasable","29":"product-type-variable","30":"has-default-attributes"},"_links":{"self":[{"href":"https:\/\/mod.wisdar.net\/tr\/wp-json\/wp\/v2\/product\/91372","targetHints":{"allow":["GET"]}}],"collection":[{"href":"https:\/\/mod.wisdar.net\/tr\/wp-json\/wp\/v2\/product"}],"about":[{"href":"https:\/\/mod.wisdar.net\/tr\/wp-json\/wp\/v2\/types\/product"}],"replies":[{"embeddable":true,"href":"https:\/\/mod.wisdar.net\/tr\/wp-json\/wp\/v2\/comments?post=91372"}],"wp:featuredmedia":[{"embeddable":true,"href":"https:\/\/mod.wisdar.net\/tr\/wp-json\/wp\/v2\/media\/91365"}],"wp:attachment":[{"href":"https:\/\/mod.wisdar.net\/tr\/wp-json\/wp\/v2\/media?parent=91372"}],"wp:term":[{"taxonomy":"product_brand","embeddable":true,"href":"https:\/\/mod.wisdar.net\/tr\/wp-json\/wp\/v2\/product_brand?post=91372"},{"taxonomy":"product_cat","embeddable":true,"href":"https:\/\/mod.wisdar.net\/tr\/wp-json\/wp\/v2\/product_cat?post=91372"},{"taxonomy":"product_tag","embeddable":true,"href":"https:\/\/mod.wisdar.net\/tr\/wp-json\/wp\/v2\/product_tag?post=91372"}],"curies":[{"name":"wp","href":"https:\/\/api.w.org\/{rel}","templated":true}]}}