{"id":92153,"date":"2026-02-03T18:44:24","date_gmt":"2026-02-03T18:44:24","guid":{"rendered":"https:\/\/modesthanim.com\/product\/kemerli-kisa-tas-rengi-trenckot\/"},"modified":"2026-03-07T08:14:39","modified_gmt":"2026-03-07T08:14:39","slug":"kemerli-kisa-tas-rengi-trenckot","status":"publish","type":"product","link":"https:\/\/mod.wisdar.net\/tr\/urun\/kemerli-kisa-tas-rengi-trenckot\/","title":{"rendered":"Kemerli K\u0131sa Ta\u015f Tren\u00e7kot"},"content":{"rendered":"<p>KEMERL\u0130 KISA TA\u015e TREN\u00c7KOT \u00d6ZELL\u0130KLER\u0130<br \/>\nCeket yakal\u0131, crop boy, ku\u015fak detayl\u0131, kemer k\u00f6pr\u00fcl\u00fc, kruvaze kapamal\u0131, cep detayl\u0131, normal kal\u0131p, astarl\u0131 kemerli k\u0131sa tren\u00e7kot.<br \/>\n\u0130\u00c7ER\u0130\u011e\u0130 VE YIKANMASI<br \/>\n%100 Pes<br \/>\nKuru temizleme \u00f6nerilir.<br \/>\nEl ile \u00f6l\u00e7\u00fcmlerde 2-3 cm farkl\u0131l\u0131k g\u00f6sterebilir.<br \/>\nManken Bedeni: S-M<br \/>\nManken \u00d6l\u00e7\u00fcs\u00fc: Boy: 1.71 cm, G\u00f6\u011f\u00fcs: 82 cm, Bel: 62 cm, Basen: 86 cm<\/p>\n","protected":false},"excerpt":{"rendered":"<p>KEMERL\u0130 KISA TA\u015e TREN\u00c7KOT \u00d6ZELL\u0130KLER\u0130 Ceket yakal\u0131, crop boy, ku\u015fak detayl\u0131, kemer k\u00f6pr\u00fcl\u00fc, kruvaze kapamal\u0131, cep detayl\u0131, normal kal\u0131p, astarl\u0131 kemerli k\u0131sa tren\u00e7kot. \u0130\u00c7ER\u0130\u011e\u0130 VE YIKANMASI %100 Pes Kuru temizleme \u00f6nerilir. El ile \u00f6l\u00e7\u00fcmlerde 2-3 cm farkl\u0131l\u0131k g\u00f6sterebilir. Manken Bedeni: S-M Manken \u00d6l\u00e7\u00fcs\u00fc: Boy: 1.71 cm, G\u00f6\u011f\u00fcs: 82 cm, Bel: 62 cm, Basen: 86 cm<\/p>\n","protected":false},"featured_media":0,"comment_status":"open","ping_status":"closed","template":"","meta":[],"product_brand":[],"product_cat":[2047],"product_tag":[7668,8397,6778,4999,8396,6776],"class_list":{"0":"post-92153","1":"product","2":"type-product","3":"status-publish","5":"product_cat-paltolar","6":"product_tag-kemerli","7":"product_tag-kisa-2","8":"product_tag-kisa","9":"product_tag-outerwear","10":"product_tag-tas-rengi","11":"product_tag-trenckot","12":"pa_brand-hooopstore","13":"pa_color-tas-rengi","14":"pa_size-l-xl-2","15":"pa_size-s-m","17":"first","18":"outofstock","19":"shipping-taxable","20":"product-type-variable"},"_links":{"self":[{"href":"https:\/\/mod.wisdar.net\/tr\/wp-json\/wp\/v2\/product\/92153","targetHints":{"allow":["GET"]}}],"collection":[{"href":"https:\/\/mod.wisdar.net\/tr\/wp-json\/wp\/v2\/product"}],"about":[{"href":"https:\/\/mod.wisdar.net\/tr\/wp-json\/wp\/v2\/types\/product"}],"replies":[{"embeddable":true,"href":"https:\/\/mod.wisdar.net\/tr\/wp-json\/wp\/v2\/comments?post=92153"}],"wp:attachment":[{"href":"https:\/\/mod.wisdar.net\/tr\/wp-json\/wp\/v2\/media?parent=92153"}],"wp:term":[{"taxonomy":"product_brand","embeddable":true,"href":"https:\/\/mod.wisdar.net\/tr\/wp-json\/wp\/v2\/product_brand?post=92153"},{"taxonomy":"product_cat","embeddable":true,"href":"https:\/\/mod.wisdar.net\/tr\/wp-json\/wp\/v2\/product_cat?post=92153"},{"taxonomy":"product_tag","embeddable":true,"href":"https:\/\/mod.wisdar.net\/tr\/wp-json\/wp\/v2\/product_tag?post=92153"}],"curies":[{"name":"wp","href":"https:\/\/api.w.org\/{rel}","templated":true}]}}