{"id":92160,"date":"2026-02-03T18:43:09","date_gmt":"2026-02-03T18:43:09","guid":{"rendered":"https:\/\/modesthanim.com\/product\/beli-vurgulayan-kahverengi-denim-etek-takim\/"},"modified":"2026-03-21T06:01:21","modified_gmt":"2026-03-21T06:01:21","slug":"beli-vurgulayan-kahverengi-denim-etek-takim","status":"publish","type":"product","link":"https:\/\/mod.wisdar.net\/tr\/urun\/beli-vurgulayan-kahverengi-denim-etek-takim\/","title":{"rendered":"Beli Vurgulayan Denim Kahverengi Etek Tak\u0131m"},"content":{"rendered":"<p>BEL\u0130 VURGULAYAN DEN\u0130M KAHVERENG\u0130 ETEK TAKIM \u00d6ZELL\u0130KLER\u0130 G\u00f6mlek yaka, d\u00fc\u011fmeli, fit form, etek beli lastikli, d\u00f6k\u00fcml\u00fc forma sahip tam kal\u0131p beli vurgulayan denim etek tak\u0131m.\u0130\u00c7ER\u0130\u011e\u0130 VE YIKANMASI%100 PamukKuru temizleme \u00f6nerilir.El ile \u00f6l\u00e7\u00fcmlerde 2-3 cm farkl\u0131l\u0131k g\u00f6sterebilir.Manken Bedeni: SManken \u00d6l\u00e7\u00fcs\u00fc: Boy: 1.71 cm, G\u00f6\u011f\u00fcs: 82 cm, Bel: 62 cm, Basen: 86 cm<\/p>\n","protected":false},"excerpt":{"rendered":"<p>BEL\u0130 VURGULAYAN DEN\u0130M KAHVERENG\u0130 ETEK TAKIM \u00d6ZELL\u0130KLER\u0130 G\u00f6mlek yaka, d\u00fc\u011fmeli, fit form, etek beli lastikli, d\u00f6k\u00fcml\u00fc forma sahip tam kal\u0131p beli vurgulayan denim etek tak\u0131m.\u0130\u00c7ER\u0130\u011e\u0130 VE YIKANMASI%100 PamukKuru temizleme \u00f6nerilir.El ile \u00f6l\u00e7\u00fcmlerde 2-3 cm farkl\u0131l\u0131k g\u00f6sterebilir.Manken Bedeni: SManken \u00d6l\u00e7\u00fcs\u00fc: Boy: 1.71 cm, G\u00f6\u011f\u00fcs: 82 cm, Bel: 62 cm, Basen: 86 cm<\/p>\n","protected":false},"featured_media":0,"comment_status":"open","ping_status":"closed","template":"","meta":[],"product_brand":[],"product_cat":[1900],"product_tag":[8401,4908,7844,8398,7419,6744,8399],"class_list":{"0":"post-92160","1":"product","2":"type-product","3":"status-publish","5":"product_cat-koordinatlar-setler","6":"product_tag-beli-vurgulayan","7":"product_tag-brown","8":"product_tag-denim","9":"product_tag-etek-takim","10":"product_tag-gunluk","11":"product_tag-kadin-modasi","12":"product_tag-sik-2","13":"pa_brand-hooopstore","14":"pa_color-kahverengi","15":"pa_size-large","16":"pa_size-medium","17":"pa_size-small","19":"first","20":"outofstock","21":"shipping-taxable","22":"product-type-variable"},"_links":{"self":[{"href":"https:\/\/mod.wisdar.net\/tr\/wp-json\/wp\/v2\/product\/92160","targetHints":{"allow":["GET"]}}],"collection":[{"href":"https:\/\/mod.wisdar.net\/tr\/wp-json\/wp\/v2\/product"}],"about":[{"href":"https:\/\/mod.wisdar.net\/tr\/wp-json\/wp\/v2\/types\/product"}],"replies":[{"embeddable":true,"href":"https:\/\/mod.wisdar.net\/tr\/wp-json\/wp\/v2\/comments?post=92160"}],"wp:attachment":[{"href":"https:\/\/mod.wisdar.net\/tr\/wp-json\/wp\/v2\/media?parent=92160"}],"wp:term":[{"taxonomy":"product_brand","embeddable":true,"href":"https:\/\/mod.wisdar.net\/tr\/wp-json\/wp\/v2\/product_brand?post=92160"},{"taxonomy":"product_cat","embeddable":true,"href":"https:\/\/mod.wisdar.net\/tr\/wp-json\/wp\/v2\/product_cat?post=92160"},{"taxonomy":"product_tag","embeddable":true,"href":"https:\/\/mod.wisdar.net\/tr\/wp-json\/wp\/v2\/product_tag?post=92160"}],"curies":[{"name":"wp","href":"https:\/\/api.w.org\/{rel}","templated":true}]}}