{"id":92168,"date":"2026-02-03T18:44:04","date_gmt":"2026-02-03T18:44:04","guid":{"rendered":"https:\/\/modesthanim.com\/product\/beli-vurgulayan-lacivert-denim-etek-takim\/"},"modified":"2026-03-21T06:02:20","modified_gmt":"2026-03-21T06:02:20","slug":"beli-vurgulayan-lacivert-denim-etek-takim","status":"publish","type":"product","link":"https:\/\/mod.wisdar.net\/tr\/urun\/beli-vurgulayan-lacivert-denim-etek-takim\/","title":{"rendered":"Beli Vurgulayan Denim Lacivert Etek Tak\u0131m"},"content":{"rendered":"<p>BEL\u0130 VURGULAYAN DEN\u0130M LAC\u0130VERT ETEK TAKIM \u00d6ZELL\u0130KLER\u0130 G\u00f6mlek yaka, d\u00fc\u011fmeli, fit form, etek beli lastikli, d\u00f6k\u00fcml\u00fc forma sahip tam kal\u0131p beli vurgulayan denim etek tak\u0131m. \u0130\u00c7ER\u0130\u011e\u0130 VE YIKANMASI %100 Pamuk Kuru temizleme \u00f6nerilir. El ile \u00f6l\u00e7\u00fcmlerde 2-3 cm farkl\u0131l\u0131k g\u00f6sterebilir. Manken Bedeni: S Manken \u00d6l\u00e7\u00fcs\u00fc: Boy: 1.76 cm, G\u00f6\u011f\u00fcs: 78 cm, Bel: 58 cm, Basen: 88 cm<\/p>\n","protected":false},"excerpt":{"rendered":"<p>BEL\u0130 VURGULAYAN DEN\u0130M LAC\u0130VERT ETEK TAKIM \u00d6ZELL\u0130KLER\u0130 G\u00f6mlek yaka, d\u00fc\u011fmeli, fit form, etek beli lastikli, d\u00f6k\u00fcml\u00fc forma sahip tam kal\u0131p beli vurgulayan denim etek tak\u0131m. \u0130\u00c7ER\u0130\u011e\u0130 VE YIKANMASI %100 Pamuk Kuru temizleme \u00f6nerilir. El ile \u00f6l\u00e7\u00fcmlerde 2-3 cm farkl\u0131l\u0131k g\u00f6sterebilir. Manken Bedeni: S Manken \u00d6l\u00e7\u00fcs\u00fc: Boy: 1.76 cm, G\u00f6\u011f\u00fcs: 78 cm, Bel: 58 cm, Basen: [&hellip;]<\/p>\n","protected":false},"featured_media":91858,"comment_status":"open","ping_status":"closed","template":"","meta":[],"product_brand":[],"product_cat":[1900],"product_tag":[8407,8404,8406,7426,6744,7238,7488],"class_list":{"0":"post-92168","1":"product","2":"type-product","3":"status-publish","4":"has-post-thumbnail","6":"product_cat-koordinatlar-setler","7":"product_tag-bel-vurgulayan","8":"product_tag-dar-kesim-2","9":"product_tag-denim-etek-takim","10":"product_tag-gunluk-giyim-3","11":"product_tag-kadin-modasi","12":"product_tag-lacivert","13":"product_tag-pamuk","14":"pa_brand-hooopstore","15":"pa_color-lacivert","16":"pa_size-large","17":"pa_size-medium","18":"pa_size-small","20":"first","21":"outofstock","22":"shipping-taxable","23":"product-type-variable"},"_links":{"self":[{"href":"https:\/\/mod.wisdar.net\/tr\/wp-json\/wp\/v2\/product\/92168","targetHints":{"allow":["GET"]}}],"collection":[{"href":"https:\/\/mod.wisdar.net\/tr\/wp-json\/wp\/v2\/product"}],"about":[{"href":"https:\/\/mod.wisdar.net\/tr\/wp-json\/wp\/v2\/types\/product"}],"replies":[{"embeddable":true,"href":"https:\/\/mod.wisdar.net\/tr\/wp-json\/wp\/v2\/comments?post=92168"}],"wp:featuredmedia":[{"embeddable":true,"href":"https:\/\/mod.wisdar.net\/tr\/wp-json\/wp\/v2\/media\/91858"}],"wp:attachment":[{"href":"https:\/\/mod.wisdar.net\/tr\/wp-json\/wp\/v2\/media?parent=92168"}],"wp:term":[{"taxonomy":"product_brand","embeddable":true,"href":"https:\/\/mod.wisdar.net\/tr\/wp-json\/wp\/v2\/product_brand?post=92168"},{"taxonomy":"product_cat","embeddable":true,"href":"https:\/\/mod.wisdar.net\/tr\/wp-json\/wp\/v2\/product_cat?post=92168"},{"taxonomy":"product_tag","embeddable":true,"href":"https:\/\/mod.wisdar.net\/tr\/wp-json\/wp\/v2\/product_tag?post=92168"}],"curies":[{"name":"wp","href":"https:\/\/api.w.org\/{rel}","templated":true}]}}