{"id":92185,"date":"2026-02-03T18:43:44","date_gmt":"2026-02-03T18:43:44","guid":{"rendered":"https:\/\/modesthanim.com\/product\/altin-dugme-detayli-lacivert-denim-etekli-takim\/"},"modified":"2026-03-07T08:12:31","modified_gmt":"2026-03-07T08:12:31","slug":"altin-dugme-detayli-lacivert-denim-etekli-takim","status":"publish","type":"product","link":"https:\/\/mod.wisdar.net\/tr\/urun\/altin-dugme-detayli-lacivert-denim-etekli-takim\/","title":{"rendered":"Gold D\u00fc\u011fme Detayl\u0131 Denim Lacivert Etekli Tak\u0131m"},"content":{"rendered":"<p>GOLD D\u00dc\u011eME DETAYLI DEN\u0130M LAC\u0130VERT ETEKL\u0130 TAKIM \u00d6ZELL\u0130KLER\u0130H\u00e2kim yakal\u0131, d\u00fc\u011fme detayl\u0131, etek \u00e7an form, arkas\u0131 lastikli ve fermuar detayl\u0131, kemer k\u00f6pr\u00fcl\u00fc, tam kal\u0131p gold d\u00fc\u011fme detayl\u0131 denim etekli tak\u0131m.\u0130\u00c7ER\u0130\u011e\u0130 VE YIKANMASI%100 Pamuk30 derecede k\u0131sa programda makinede y\u0131kay\u0131n\u0131z, hassas y\u0131kama yap\u0131n\u0131z. Tersten y\u0131kay\u0131n\u0131z. A\u011fart\u0131c\u0131 kullanmay\u0131n\u0131z. D\u00fc\u015f\u00fck \u0131s\u0131da \u00fct\u00fcleyiniz.El ile \u00f6l\u00e7\u00fcmlerde 2-3 cm farkl\u0131l\u0131k g\u00f6sterebilir.Manken Bedeni: SManken \u00d6l\u00e7\u00fcs\u00fc: Boy: 1.76 cm, G\u00f6\u011f\u00fcs: 78 cm, Bel: 58 cm, Basen: 88 cm<\/p>\n","protected":false},"excerpt":{"rendered":"<p>GOLD D\u00dc\u011eME DETAYLI DEN\u0130M LAC\u0130VERT ETEKL\u0130 TAKIM \u00d6ZELL\u0130KLER\u0130H\u00e2kim yakal\u0131, d\u00fc\u011fme detayl\u0131, etek \u00e7an form, arkas\u0131 lastikli ve fermuar detayl\u0131, kemer k\u00f6pr\u00fcl\u00fc, tam kal\u0131p gold d\u00fc\u011fme detayl\u0131 denim etekli tak\u0131m.\u0130\u00c7ER\u0130\u011e\u0130 VE YIKANMASI%100 Pamuk30 derecede k\u0131sa programda makinede y\u0131kay\u0131n\u0131z, hassas y\u0131kama yap\u0131n\u0131z. Tersten y\u0131kay\u0131n\u0131z. A\u011fart\u0131c\u0131 kullanmay\u0131n\u0131z. D\u00fc\u015f\u00fck \u0131s\u0131da \u00fct\u00fcleyiniz.El ile \u00f6l\u00e7\u00fcmlerde 2-3 cm farkl\u0131l\u0131k g\u00f6sterebilir.Manken Bedeni: SManken [&hellip;]<\/p>\n","protected":false},"featured_media":0,"comment_status":"open","ping_status":"closed","template":"","meta":[],"product_brand":[],"product_cat":[1900],"product_tag":[8376,7844,8398,7426,6744,7238,6765,7488],"class_list":{"0":"post-92185","1":"product","2":"type-product","3":"status-publish","5":"product_cat-koordinatlar-setler","6":"product_tag-altin-dugmeler","7":"product_tag-denim","8":"product_tag-etek-takim","9":"product_tag-gunluk-giyim-3","10":"product_tag-kadin-modasi","11":"product_tag-lacivert","12":"product_tag-lastikli-bel","13":"product_tag-pamuk","14":"pa_brand-hooopstore","15":"pa_color-lacivert","16":"pa_size-large","17":"pa_size-medium","18":"pa_size-small","20":"first","21":"instock","22":"sale","23":"shipping-taxable","24":"purchasable","25":"product-type-variable"},"_links":{"self":[{"href":"https:\/\/mod.wisdar.net\/tr\/wp-json\/wp\/v2\/product\/92185","targetHints":{"allow":["GET"]}}],"collection":[{"href":"https:\/\/mod.wisdar.net\/tr\/wp-json\/wp\/v2\/product"}],"about":[{"href":"https:\/\/mod.wisdar.net\/tr\/wp-json\/wp\/v2\/types\/product"}],"replies":[{"embeddable":true,"href":"https:\/\/mod.wisdar.net\/tr\/wp-json\/wp\/v2\/comments?post=92185"}],"wp:attachment":[{"href":"https:\/\/mod.wisdar.net\/tr\/wp-json\/wp\/v2\/media?parent=92185"}],"wp:term":[{"taxonomy":"product_brand","embeddable":true,"href":"https:\/\/mod.wisdar.net\/tr\/wp-json\/wp\/v2\/product_brand?post=92185"},{"taxonomy":"product_cat","embeddable":true,"href":"https:\/\/mod.wisdar.net\/tr\/wp-json\/wp\/v2\/product_cat?post=92185"},{"taxonomy":"product_tag","embeddable":true,"href":"https:\/\/mod.wisdar.net\/tr\/wp-json\/wp\/v2\/product_tag?post=92185"}],"curies":[{"name":"wp","href":"https:\/\/api.w.org\/{rel}","templated":true}]}}