{"id":92228,"date":"2026-02-03T18:40:51","date_gmt":"2026-02-03T18:40:51","guid":{"rendered":"https:\/\/modesthanim.com\/product\/beli-toka-detayli-aci-kahve-elbise-2\/"},"modified":"2026-03-07T08:08:21","modified_gmt":"2026-03-07T08:08:21","slug":"beli-toka-detayli-aci-kahve-elbise-2","status":"publish","type":"product","link":"https:\/\/mod.wisdar.net\/tr\/urun\/beli-toka-detayli-aci-kahve-elbise-2\/","title":{"rendered":"Beli Toka Detayl\u0131 Ac\u0131 Kahve Elbise"},"content":{"rendered":"<p>BEL\u0130 TOKA DETAYLI ACI KAHVE ELB\u0130SE \u00d6ZELL\u0130KLER\u0130S\u0131f\u0131r yaka, arkadan fermuarl\u0131, kemer toka detayl\u0131, normal kal\u0131p, astars\u0131z beli toka detayl\u0131 elbise.\u0130\u00c7ER\u0130\u011e\u0130 VE YIKANMASI%100 Pes30 derecede k\u0131sa programda makinede y\u0131kay\u0131n\u0131z, hassas y\u0131kama yap\u0131n\u0131z. Tersten y\u0131kay\u0131n\u0131z. A\u011fart\u0131c\u0131 kullanmay\u0131n\u0131z. D\u00fc\u015f\u00fck \u0131s\u0131da \u00fct\u00fcleyiniz.El ile \u00f6l\u00e7\u00fcmlerde 2-3 cm farkl\u0131l\u0131k g\u00f6sterebilir.Manken Bedeni: SManken \u00d6l\u00e7\u00fcs\u00fc: Boy: 1.76 cm, G\u00f6\u011f\u00fcs: 78 cm, Bel: 58 cm, Basen: 88 cm<\/p>\n","protected":false},"excerpt":{"rendered":"<p>BEL\u0130 TOKA DETAYLI ACI KAHVE ELB\u0130SE \u00d6ZELL\u0130KLER\u0130S\u0131f\u0131r yaka, arkadan fermuarl\u0131, kemer toka detayl\u0131, normal kal\u0131p, astars\u0131z beli toka detayl\u0131 elbise.\u0130\u00c7ER\u0130\u011e\u0130 VE YIKANMASI%100 Pes30 derecede k\u0131sa programda makinede y\u0131kay\u0131n\u0131z, hassas y\u0131kama yap\u0131n\u0131z. Tersten y\u0131kay\u0131n\u0131z. A\u011fart\u0131c\u0131 kullanmay\u0131n\u0131z. D\u00fc\u015f\u00fck \u0131s\u0131da \u00fct\u00fcleyiniz.El ile \u00f6l\u00e7\u00fcmlerde 2-3 cm farkl\u0131l\u0131k g\u00f6sterebilir.Manken Bedeni: SManken \u00d6l\u00e7\u00fcs\u00fc: Boy: 1.76 cm, G\u00f6\u011f\u00fcs: 78 cm, Bel: 58 [&hellip;]<\/p>\n","protected":false},"featured_media":0,"comment_status":"open","ping_status":"closed","template":"","meta":[],"product_brand":[],"product_cat":[6249,1933],"product_tag":[8436,8439,6744,8437,6750],"class_list":{"0":"post-92228","1":"product","2":"type-product","3":"status-publish","5":"product_cat-elbiseler","6":"product_cat-gunluk-ve-gunduz-elbiseleri","7":"product_tag-arkadan-fermuarli","8":"product_tag-beli-toka-detayli","9":"product_tag-kadin-modasi","10":"product_tag-kahve-elbise-2","11":"product_tag-polyester-elbise","12":"pa_brand-hooopstore","13":"pa_color-aci-kahve-1","14":"pa_size-large","15":"pa_size-medium","16":"pa_size-small","18":"first","19":"instock","20":"sale","21":"shipping-taxable","22":"purchasable","23":"product-type-variable"},"_links":{"self":[{"href":"https:\/\/mod.wisdar.net\/tr\/wp-json\/wp\/v2\/product\/92228","targetHints":{"allow":["GET"]}}],"collection":[{"href":"https:\/\/mod.wisdar.net\/tr\/wp-json\/wp\/v2\/product"}],"about":[{"href":"https:\/\/mod.wisdar.net\/tr\/wp-json\/wp\/v2\/types\/product"}],"replies":[{"embeddable":true,"href":"https:\/\/mod.wisdar.net\/tr\/wp-json\/wp\/v2\/comments?post=92228"}],"wp:attachment":[{"href":"https:\/\/mod.wisdar.net\/tr\/wp-json\/wp\/v2\/media?parent=92228"}],"wp:term":[{"taxonomy":"product_brand","embeddable":true,"href":"https:\/\/mod.wisdar.net\/tr\/wp-json\/wp\/v2\/product_brand?post=92228"},{"taxonomy":"product_cat","embeddable":true,"href":"https:\/\/mod.wisdar.net\/tr\/wp-json\/wp\/v2\/product_cat?post=92228"},{"taxonomy":"product_tag","embeddable":true,"href":"https:\/\/mod.wisdar.net\/tr\/wp-json\/wp\/v2\/product_tag?post=92228"}],"curies":[{"name":"wp","href":"https:\/\/api.w.org\/{rel}","templated":true}]}}