{"id":92242,"date":"2026-02-03T18:40:36","date_gmt":"2026-02-03T18:40:36","guid":{"rendered":"https:\/\/modesthanim.com\/product\/tek-pileli-palazzo-tas-pantolon-2\/"},"modified":"2026-04-02T21:09:08","modified_gmt":"2026-04-02T21:09:08","slug":"tek-pileli-palazzo-tas-pantolon-2","status":"publish","type":"product","link":"https:\/\/mod.wisdar.net\/tr\/urun\/tek-pileli-palazzo-tas-pantolon-2\/","title":{"rendered":"Tek Pileli Palazzo Ta\u015f Pantolon"},"content":{"rendered":"<p>TEK P\u0130LEL\u0130 PALAZZO TA\u015e PANTOLON \u00d6ZELL\u0130KLER\u0130<br \/>\nY\u00fcksek bel, \u00f6nden tek pileli, arkas\u0131 lastikli, \u00f6nden d\u00fc\u011fmeli ve kemer k\u00f6pr\u00fcl\u00fc, yandan cep detayl\u0131, d\u00f6k\u00fcml\u00fc kuma\u015fa sahip, geni\u015f pa\u00e7al\u0131, uzun tek pileli palazzo pantolon.<br \/>\n\u0130\u00c7ER\u0130\u011e\u0130 VE YIKANMASI<br \/>\n%100 Pes<br \/>\n30 derecede k\u0131sa programda makinede y\u0131kay\u0131n\u0131z, hassas y\u0131kama yap\u0131n\u0131z. Tersten y\u0131kay\u0131n\u0131z. A\u011fart\u0131c\u0131 kullanmay\u0131n\u0131z. D\u00fc\u015f\u00fck \u0131s\u0131da \u00fct\u00fcleyiniz.<br \/>\nEl ile \u00f6l\u00e7\u00fcmlerde 2-3 cm farkl\u0131l\u0131k g\u00f6sterebilir.<br \/>\nManken Bedeni: S<br \/>\nManken \u00d6l\u00e7\u00fcs\u00fc: Boy: 1.76 cm, G\u00f6\u011f\u00fcs: 78 cm, Bel: 58 cm, Basen: 88 cm<\/p>\n","protected":false},"excerpt":{"rendered":"<p>TEK P\u0130LEL\u0130 PALAZZO TA\u015e PANTOLON \u00d6ZELL\u0130KLER\u0130 Y\u00fcksek bel, \u00f6nden tek pileli, arkas\u0131 lastikli, \u00f6nden d\u00fc\u011fmeli ve kemer k\u00f6pr\u00fcl\u00fc, yandan cep detayl\u0131, d\u00f6k\u00fcml\u00fc kuma\u015fa sahip, geni\u015f pa\u00e7al\u0131, uzun tek pileli palazzo pantolon. \u0130\u00c7ER\u0130\u011e\u0130 VE YIKANMASI %100 Pes 30 derecede k\u0131sa programda makinede y\u0131kay\u0131n\u0131z, hassas y\u0131kama yap\u0131n\u0131z. Tersten y\u0131kay\u0131n\u0131z. A\u011fart\u0131c\u0131 kullanmay\u0131n\u0131z. D\u00fc\u015f\u00fck \u0131s\u0131da \u00fct\u00fcleyiniz. El ile \u00f6l\u00e7\u00fcmlerde [&hellip;]<\/p>\n","protected":false},"featured_media":91594,"comment_status":"open","ping_status":"closed","template":"","meta":[],"product_brand":[],"product_cat":[1882],"product_tag":[6761,7856,7881,8443,6829,8396,7650],"class_list":{"0":"post-92242","1":"product","2":"type-product","3":"status-publish","4":"has-post-thumbnail","6":"product_cat-alt-giyim","7":"product_tag-bol-paca","8":"product_tag-kadin-pantolon","9":"product_tag-moda-pantolon","10":"product_tag-palazzo-pantolon","11":"product_tag-pileli-pantolon","12":"product_tag-tas-rengi","13":"product_tag-yuksek-bel-3","14":"pa_brand-hooopstore","15":"pa_color-tas-rengi","16":"pa_size-large","17":"pa_size-medium","18":"pa_size-small","19":"pa_size-xlarge","21":"first","22":"outofstock","23":"shipping-taxable","24":"product-type-variable"},"_links":{"self":[{"href":"https:\/\/mod.wisdar.net\/tr\/wp-json\/wp\/v2\/product\/92242","targetHints":{"allow":["GET"]}}],"collection":[{"href":"https:\/\/mod.wisdar.net\/tr\/wp-json\/wp\/v2\/product"}],"about":[{"href":"https:\/\/mod.wisdar.net\/tr\/wp-json\/wp\/v2\/types\/product"}],"replies":[{"embeddable":true,"href":"https:\/\/mod.wisdar.net\/tr\/wp-json\/wp\/v2\/comments?post=92242"}],"wp:featuredmedia":[{"embeddable":true,"href":"https:\/\/mod.wisdar.net\/tr\/wp-json\/wp\/v2\/media\/91594"}],"wp:attachment":[{"href":"https:\/\/mod.wisdar.net\/tr\/wp-json\/wp\/v2\/media?parent=92242"}],"wp:term":[{"taxonomy":"product_brand","embeddable":true,"href":"https:\/\/mod.wisdar.net\/tr\/wp-json\/wp\/v2\/product_brand?post=92242"},{"taxonomy":"product_cat","embeddable":true,"href":"https:\/\/mod.wisdar.net\/tr\/wp-json\/wp\/v2\/product_cat?post=92242"},{"taxonomy":"product_tag","embeddable":true,"href":"https:\/\/mod.wisdar.net\/tr\/wp-json\/wp\/v2\/product_tag?post=92242"}],"curies":[{"name":"wp","href":"https:\/\/api.w.org\/{rel}","templated":true}]}}