{"id":92266,"date":"2026-02-03T18:40:13","date_gmt":"2026-02-03T18:40:13","guid":{"rendered":"https:\/\/modesthanim.com\/product\/kemer-tokali-vizon-elbise\/"},"modified":"2026-03-21T05:41:51","modified_gmt":"2026-03-21T05:41:51","slug":"kemer-tokali-vizon-elbise","status":"publish","type":"product","link":"https:\/\/mod.wisdar.net\/tr\/urun\/kemer-tokali-vizon-elbise\/","title":{"rendered":"Beli Toka Detayl\u0131 Vizon Elbise"},"content":{"rendered":"<p>BEL\u0130 TOKA DETAYLI V\u0130ZON ELB\u0130SE \u00d6ZELL\u0130KLER\u0130S\u0131f\u0131r yaka, arkadan fermuarl\u0131, kemer toka detayl\u0131, normal kal\u0131p, astars\u0131z beli toka detayl\u0131 elbise.\u0130\u00c7ER\u0130\u011e\u0130 VE YIKANMASI%100 Pes30 derecede k\u0131sa programda makinede y\u0131kay\u0131n\u0131z, hassas y\u0131kama yap\u0131n\u0131z. Tersten y\u0131kay\u0131n\u0131z. A\u011fart\u0131c\u0131 kullanmay\u0131n\u0131z. D\u00fc\u015f\u00fck \u0131s\u0131da \u00fct\u00fcleyiniz.El ile \u00f6l\u00e7\u00fcmlerde 2-3 cm farkl\u0131l\u0131k g\u00f6sterebilir.Manken Bedeni: SManken \u00d6l\u00e7\u00fcs\u00fc: Boy: 1.71 cm, G\u00f6\u011f\u00fcs: 82 cm, Bel: 62 cm, Basen: 86 cm<\/p>\n","protected":false},"excerpt":{"rendered":"<p>BEL\u0130 TOKA DETAYLI V\u0130ZON ELB\u0130SE \u00d6ZELL\u0130KLER\u0130S\u0131f\u0131r yaka, arkadan fermuarl\u0131, kemer toka detayl\u0131, normal kal\u0131p, astars\u0131z beli toka detayl\u0131 elbise.\u0130\u00c7ER\u0130\u011e\u0130 VE YIKANMASI%100 Pes30 derecede k\u0131sa programda makinede y\u0131kay\u0131n\u0131z, hassas y\u0131kama yap\u0131n\u0131z. Tersten y\u0131kay\u0131n\u0131z. A\u011fart\u0131c\u0131 kullanmay\u0131n\u0131z. D\u00fc\u015f\u00fck \u0131s\u0131da \u00fct\u00fcleyiniz.El ile \u00f6l\u00e7\u00fcmlerde 2-3 cm farkl\u0131l\u0131k g\u00f6sterebilir.Manken Bedeni: SManken \u00d6l\u00e7\u00fcs\u00fc: Boy: 1.71 cm, G\u00f6\u011f\u00fcs: 82 cm, Bel: 62 cm, [&hellip;]<\/p>\n","protected":false},"featured_media":0,"comment_status":"open","ping_status":"closed","template":"","meta":[],"product_brand":[],"product_cat":[6249,1933],"product_tag":[8418,8427,6744,6750,8445,8438],"class_list":{"0":"post-92266","1":"product","2":"type-product","3":"status-publish","5":"product_cat-elbiseler","6":"product_cat-gunluk-ve-gunduz-elbiseleri","7":"product_tag-abiye-elbise","8":"product_tag-gece-elbisesi","9":"product_tag-kadin-modasi","10":"product_tag-polyester-elbise","11":"product_tag-tokali-kemer-elbise","12":"product_tag-vizon-elbise","13":"pa_brand-hooopstore","14":"pa_color-vizon-rengi","15":"pa_size-large","16":"pa_size-medium","17":"pa_size-small","19":"first","20":"instock","21":"sale","22":"shipping-taxable","23":"purchasable","24":"product-type-variable"},"_links":{"self":[{"href":"https:\/\/mod.wisdar.net\/tr\/wp-json\/wp\/v2\/product\/92266","targetHints":{"allow":["GET"]}}],"collection":[{"href":"https:\/\/mod.wisdar.net\/tr\/wp-json\/wp\/v2\/product"}],"about":[{"href":"https:\/\/mod.wisdar.net\/tr\/wp-json\/wp\/v2\/types\/product"}],"replies":[{"embeddable":true,"href":"https:\/\/mod.wisdar.net\/tr\/wp-json\/wp\/v2\/comments?post=92266"}],"wp:attachment":[{"href":"https:\/\/mod.wisdar.net\/tr\/wp-json\/wp\/v2\/media?parent=92266"}],"wp:term":[{"taxonomy":"product_brand","embeddable":true,"href":"https:\/\/mod.wisdar.net\/tr\/wp-json\/wp\/v2\/product_brand?post=92266"},{"taxonomy":"product_cat","embeddable":true,"href":"https:\/\/mod.wisdar.net\/tr\/wp-json\/wp\/v2\/product_cat?post=92266"},{"taxonomy":"product_tag","embeddable":true,"href":"https:\/\/mod.wisdar.net\/tr\/wp-json\/wp\/v2\/product_tag?post=92266"}],"curies":[{"name":"wp","href":"https:\/\/api.w.org\/{rel}","templated":true}]}}