{"id":92333,"date":"2026-02-03T18:46:18","date_gmt":"2026-02-03T18:46:18","guid":{"rendered":"https:\/\/modesthanim.com\/product\/premium-fular-baglamali-bukle-ceket\/"},"modified":"2026-03-07T08:14:41","modified_gmt":"2026-03-07T08:14:41","slug":"premium-fular-baglamali-bukle-ceket","status":"publish","type":"product","link":"https:\/\/mod.wisdar.net\/tr\/urun\/premium-fular-baglamali-bukle-ceket\/","title":{"rendered":"Premium Fular Ba\u011flamal\u0131 Burganya Ceket"},"content":{"rendered":"<p>PREM\u0130UM FULAR BA\u011eLAMALI BURGANYA CEKET \u00d6ZELL\u0130KLER\u0130<br \/>\n\u015eal yaka, tek d\u00fc\u011fme kapamal\u0131, fular detayl\u0131, fit kal\u0131p, astarl\u0131 premium fular ba\u011flama ceket.<br \/>\n\u0130\u00c7ER\u0130\u011e\u0130 VE YIKANMASI<br \/>\n%100 Pes<br \/>\nKuru temizleme \u00f6nerilir.<br \/>\nEl ile \u00f6l\u00e7\u00fcmlerde 2-3 cm farkl\u0131l\u0131k g\u00f6sterebilir.<br \/>\nManken Bedeni: S<br \/>\nManken \u00d6l\u00e7\u00fcs\u00fc: Boy: 1.71 cm, G\u00f6\u011f\u00fcs: 82 cm, Bel: 62 cm, Basen: 86 cm<\/p>\n","protected":false},"excerpt":{"rendered":"<p>PREM\u0130UM FULAR BA\u011eLAMALI BURGANYA CEKET \u00d6ZELL\u0130KLER\u0130 \u015eal yaka, tek d\u00fc\u011fme kapamal\u0131, fular detayl\u0131, fit kal\u0131p, astarl\u0131 premium fular ba\u011flama ceket. \u0130\u00c7ER\u0130\u011e\u0130 VE YIKANMASI %100 Pes Kuru temizleme \u00f6nerilir. El ile \u00f6l\u00e7\u00fcmlerde 2-3 cm farkl\u0131l\u0131k g\u00f6sterebilir. Manken Bedeni: S Manken \u00d6l\u00e7\u00fcs\u00fc: Boy: 1.71 cm, G\u00f6\u011f\u00fcs: 82 cm, Bel: 62 cm, Basen: 86 cm<\/p>\n","protected":false},"featured_media":92026,"comment_status":"open","ping_status":"closed","template":"","meta":[],"product_brand":[],"product_cat":[2044],"product_tag":[8457,8456,7960,8455,8285,7310],"class_list":{"0":"post-92333","1":"product","2":"type-product","3":"status-publish","4":"has-post-thumbnail","6":"product_cat-ceketler","7":"product_tag-bukle","8":"product_tag-fular-baglamali","9":"product_tag-kadin-dis-giyim","10":"product_tag-premium-ceket","11":"product_tag-sal-yaka","12":"product_tag-slim-fit","13":"pa_brand-hooopstore","14":"pa_color-burganya","15":"pa_size-large","16":"pa_size-medium","17":"pa_size-small","19":"first","20":"outofstock","21":"shipping-taxable","22":"product-type-variable"},"_links":{"self":[{"href":"https:\/\/mod.wisdar.net\/tr\/wp-json\/wp\/v2\/product\/92333","targetHints":{"allow":["GET"]}}],"collection":[{"href":"https:\/\/mod.wisdar.net\/tr\/wp-json\/wp\/v2\/product"}],"about":[{"href":"https:\/\/mod.wisdar.net\/tr\/wp-json\/wp\/v2\/types\/product"}],"replies":[{"embeddable":true,"href":"https:\/\/mod.wisdar.net\/tr\/wp-json\/wp\/v2\/comments?post=92333"}],"wp:featuredmedia":[{"embeddable":true,"href":"https:\/\/mod.wisdar.net\/tr\/wp-json\/wp\/v2\/media\/92026"}],"wp:attachment":[{"href":"https:\/\/mod.wisdar.net\/tr\/wp-json\/wp\/v2\/media?parent=92333"}],"wp:term":[{"taxonomy":"product_brand","embeddable":true,"href":"https:\/\/mod.wisdar.net\/tr\/wp-json\/wp\/v2\/product_brand?post=92333"},{"taxonomy":"product_cat","embeddable":true,"href":"https:\/\/mod.wisdar.net\/tr\/wp-json\/wp\/v2\/product_cat?post=92333"},{"taxonomy":"product_tag","embeddable":true,"href":"https:\/\/mod.wisdar.net\/tr\/wp-json\/wp\/v2\/product_tag?post=92333"}],"curies":[{"name":"wp","href":"https:\/\/api.w.org\/{rel}","templated":true}]}}