{"id":92346,"date":"2026-02-03T18:45:02","date_gmt":"2026-02-03T18:45:02","guid":{"rendered":"https:\/\/modesthanim.com\/product\/kemerli-kisa-aci-kahve-trenckot-2\/"},"modified":"2026-02-25T21:19:10","modified_gmt":"2026-02-25T21:19:10","slug":"kemerli-kisa-aci-kahve-trenckot-2","status":"publish","type":"product","link":"https:\/\/mod.wisdar.net\/tr\/urun\/kemerli-kisa-aci-kahve-trenckot-2\/","title":{"rendered":"Kemerli K\u0131sa Ac\u0131 Kahve Tren\u00e7kot"},"content":{"rendered":"<p>KEMERL\u0130 KISA ACI KAHVE TREN\u00c7KOT \u00d6ZELL\u0130KLER\u0130<br \/>\nCeket yakal\u0131, crop boy, ku\u015fak detayl\u0131, kemer k\u00f6pr\u00fcl\u00fc, kruvaze kapamal\u0131, cep detayl\u0131, normal kal\u0131p, astarl\u0131 kemerli k\u0131sa tren\u00e7kot.<br \/>\n\u0130\u00c7ER\u0130\u011e\u0130 VE YIKANMASI<br \/>\n%100 Pes<br \/>\nKuru temizleme \u00f6nerilir.<br \/>\nEl ile \u00f6l\u00e7\u00fcmlerde 2-3 cm farkl\u0131l\u0131k g\u00f6sterebilir.<br \/>\nManken Bedeni: S-M<br \/>\nManken \u00d6l\u00e7\u00fcs\u00fc: Boy: 1.76 cm, G\u00f6\u011f\u00fcs: 78 cm, Bel: 58 cm, Basen: 88 cm<\/p>\n","protected":false},"excerpt":{"rendered":"<p>KEMERL\u0130 KISA ACI KAHVE TREN\u00c7KOT \u00d6ZELL\u0130KLER\u0130 Ceket yakal\u0131, crop boy, ku\u015fak detayl\u0131, kemer k\u00f6pr\u00fcl\u00fc, kruvaze kapamal\u0131, cep detayl\u0131, normal kal\u0131p, astarl\u0131 kemerli k\u0131sa tren\u00e7kot. \u0130\u00c7ER\u0130\u011e\u0130 VE YIKANMASI %100 Pes Kuru temizleme \u00f6nerilir. El ile \u00f6l\u00e7\u00fcmlerde 2-3 cm farkl\u0131l\u0131k g\u00f6sterebilir. Manken Bedeni: S-M Manken \u00d6l\u00e7\u00fcs\u00fc: Boy: 1.76 cm, G\u00f6\u011f\u00fcs: 78 cm, Bel: 58 cm, Basen: 88 [&hellip;]<\/p>\n","protected":false},"featured_media":0,"comment_status":"open","ping_status":"closed","template":"","meta":[],"product_brand":[],"product_cat":[2047],"product_tag":[6840,7668,6778,4999,7945,6776,6313],"class_list":{"0":"post-92346","1":"product","2":"type-product","3":"status-publish","5":"product_cat-paltolar","6":"product_tag-kahve-rengi","7":"product_tag-kemerli","8":"product_tag-kisa","9":"product_tag-outerwear","10":"product_tag-sonbahar-modasi","11":"product_tag-trenckot","12":"product_tag-womens-coat","13":"pa_brand-hooopstore","14":"pa_color-aci-kahve-1","15":"pa_size-l-xl-2","16":"pa_size-s-m","18":"first","19":"outofstock","20":"shipping-taxable","21":"product-type-variable"},"_links":{"self":[{"href":"https:\/\/mod.wisdar.net\/tr\/wp-json\/wp\/v2\/product\/92346","targetHints":{"allow":["GET"]}}],"collection":[{"href":"https:\/\/mod.wisdar.net\/tr\/wp-json\/wp\/v2\/product"}],"about":[{"href":"https:\/\/mod.wisdar.net\/tr\/wp-json\/wp\/v2\/types\/product"}],"replies":[{"embeddable":true,"href":"https:\/\/mod.wisdar.net\/tr\/wp-json\/wp\/v2\/comments?post=92346"}],"wp:attachment":[{"href":"https:\/\/mod.wisdar.net\/tr\/wp-json\/wp\/v2\/media?parent=92346"}],"wp:term":[{"taxonomy":"product_brand","embeddable":true,"href":"https:\/\/mod.wisdar.net\/tr\/wp-json\/wp\/v2\/product_brand?post=92346"},{"taxonomy":"product_cat","embeddable":true,"href":"https:\/\/mod.wisdar.net\/tr\/wp-json\/wp\/v2\/product_cat?post=92346"},{"taxonomy":"product_tag","embeddable":true,"href":"https:\/\/mod.wisdar.net\/tr\/wp-json\/wp\/v2\/product_tag?post=92346"}],"curies":[{"name":"wp","href":"https:\/\/api.w.org\/{rel}","templated":true}]}}