{"id":92347,"date":"2026-02-03T18:45:43","date_gmt":"2026-02-03T18:45:43","guid":{"rendered":"https:\/\/modesthanim.com\/product\/tarcin-kisa-kemerli-trenckot\/"},"modified":"2026-04-02T00:32:22","modified_gmt":"2026-04-02T00:32:22","slug":"tarcin-kisa-kemerli-trenckot","status":"publish","type":"product","link":"https:\/\/mod.wisdar.net\/tr\/urun\/tarcin-kisa-kemerli-trenckot\/","title":{"rendered":"Kemerli K\u0131sa Tar\u00e7\u0131n Tren\u00e7kot"},"content":{"rendered":"<p>KEMERL\u0130 KISA TAR\u00c7IN TREN\u00c7KOT \u00d6ZELL\u0130KLER\u0130 Ceket yakal\u0131, crop boy, ku\u015fak detayl\u0131, kemer k\u00f6pr\u00fcl\u00fc, kruvaze kapamal\u0131, cep detayl\u0131, normal kal\u0131p, astarl\u0131 kemerli k\u0131sa tren\u00e7kot. \u0130\u00c7ER\u0130\u011e\u0130 VE YIKANMASI %100 Pes Kuru temizleme \u00f6nerilir. El ile \u00f6l\u00e7\u00fcmlerde 2-3 cm farkl\u0131l\u0131k g\u00f6sterebilir. Manken Bedeni: S-M Manken \u00d6l\u00e7\u00fcs\u00fc: Boy: 1.76 cm, G\u00f6\u011f\u00fcs: 78 cm, Bel: 58 cm, Basen: 88 cm<\/p>\n","protected":false},"excerpt":{"rendered":"<p>KEMERL\u0130 KISA TAR\u00c7IN TREN\u00c7KOT \u00d6ZELL\u0130KLER\u0130 Ceket yakal\u0131, crop boy, ku\u015fak detayl\u0131, kemer k\u00f6pr\u00fcl\u00fc, kruvaze kapamal\u0131, cep detayl\u0131, normal kal\u0131p, astarl\u0131 kemerli k\u0131sa tren\u00e7kot. \u0130\u00c7ER\u0130\u011e\u0130 VE YIKANMASI %100 Pes Kuru temizleme \u00f6nerilir. El ile \u00f6l\u00e7\u00fcmlerde 2-3 cm farkl\u0131l\u0131k g\u00f6sterebilir. Manken Bedeni: S-M Manken \u00d6l\u00e7\u00fcs\u00fc: Boy: 1.76 cm, G\u00f6\u011f\u00fcs: 78 cm, Bel: 58 cm, Basen: 88 cm<\/p>\n","protected":false},"featured_media":0,"comment_status":"open","ping_status":"closed","template":"","meta":[],"product_brand":[],"product_cat":[2047],"product_tag":[7971,6744,7668,6778,8466,4999,8464,8465,6776],"class_list":{"0":"post-92347","1":"product","2":"type-product","3":"status-publish","5":"product_cat-paltolar","6":"product_tag-ceket-yakasi","7":"product_tag-kadin-modasi","8":"product_tag-kemerli","9":"product_tag-kisa","10":"product_tag-kisa-boy","11":"product_tag-outerwear","12":"product_tag-sik-kaban","13":"product_tag-tarcin","14":"product_tag-trenckot","15":"pa_brand-hooopstore","16":"pa_color-tarcin","17":"pa_size-l-xl-2","18":"pa_size-s-m","20":"first","21":"instock","22":"sale","23":"shipping-taxable","24":"purchasable","25":"product-type-variable"},"_links":{"self":[{"href":"https:\/\/mod.wisdar.net\/tr\/wp-json\/wp\/v2\/product\/92347","targetHints":{"allow":["GET"]}}],"collection":[{"href":"https:\/\/mod.wisdar.net\/tr\/wp-json\/wp\/v2\/product"}],"about":[{"href":"https:\/\/mod.wisdar.net\/tr\/wp-json\/wp\/v2\/types\/product"}],"replies":[{"embeddable":true,"href":"https:\/\/mod.wisdar.net\/tr\/wp-json\/wp\/v2\/comments?post=92347"}],"wp:attachment":[{"href":"https:\/\/mod.wisdar.net\/tr\/wp-json\/wp\/v2\/media?parent=92347"}],"wp:term":[{"taxonomy":"product_brand","embeddable":true,"href":"https:\/\/mod.wisdar.net\/tr\/wp-json\/wp\/v2\/product_brand?post=92347"},{"taxonomy":"product_cat","embeddable":true,"href":"https:\/\/mod.wisdar.net\/tr\/wp-json\/wp\/v2\/product_cat?post=92347"},{"taxonomy":"product_tag","embeddable":true,"href":"https:\/\/mod.wisdar.net\/tr\/wp-json\/wp\/v2\/product_tag?post=92347"}],"curies":[{"name":"wp","href":"https:\/\/api.w.org\/{rel}","templated":true}]}}