{"id":9340,"date":"2025-11-07T20:16:06","date_gmt":"2025-11-01T20:30:55","guid":{"rendered":"https:\/\/modesthanim.com\/product\/siyah-renkte-kanguru-cebi-ve-fermuarli-kapusonlu-sweatshirt\/"},"modified":"2026-04-02T21:05:38","modified_gmt":"2026-04-02T21:05:38","slug":"siyah-renkte-kanguru-cebi-ve-fermuarli-kapusonlu-sweatshirt","status":"publish","type":"product","link":"https:\/\/mod.wisdar.net\/tr\/urun\/siyah-renkte-kanguru-cebi-ve-fermuarli-kapusonlu-sweatshirt\/","title":{"rendered":"Siyah Renkte Kanguru Cebi ve Fermuarl\u0131 Kap\u00fc\u015fonlu Sweatshirt"},"content":{"rendered":"<p>Kanguru cepli ve fermuarl\u0131 bu siyah kap\u00fc\u015fonlu sweatshirt, yumu\u015fak \u00e7ift y\u00fcz interlok kuma\u015ftan \u00fcretilmi\u015ftir. Kap\u00fc\u015fonu ve fermuar kapatmas\u0131 ile g\u00fcn boyu pratiklik sunar, kanguru cepleri ise konforu art\u0131r\u0131r. Kollar ve etek k\u0131sm\u0131ndaki pens detaylar\u0131 yap\u0131land\u0131r\u0131lm\u0131\u015f bir oturu\u015f sa\u011flar, rahat kesimi ile hareket \u00f6zg\u00fcrl\u00fc\u011f\u00fc sunar. G\u00fcnl\u00fck stiliniz i\u00e7in fonksiyonel ve rahat bir ek.<\/p>\n","protected":false},"excerpt":{"rendered":"<p>Kanguru cepli ve fermuarl\u0131 bu siyah kap\u00fc\u015fonlu sweatshirt, yumu\u015fak \u00e7ift y\u00fcz interlok kuma\u015ftan \u00fcretilmi\u015ftir. Kap\u00fc\u015fonu ve fermuar kapatmas\u0131 ile g\u00fcn boyu pratiklik sunar, kanguru cepleri ise konforu art\u0131r\u0131r. Kollar ve etek k\u0131sm\u0131ndaki pens detaylar\u0131 yap\u0131land\u0131r\u0131lm\u0131\u015f bir oturu\u015f sa\u011flar, rahat kesimi ile hareket \u00f6zg\u00fcrl\u00fc\u011f\u00fc sunar. G\u00fcnl\u00fck stiliniz i\u00e7in fonksiyonel ve rahat bir ek.<\/p>\n","protected":false},"featured_media":9317,"comment_status":"open","ping_status":"closed","template":"","meta":[],"product_brand":[],"product_cat":[1909,1927],"product_tag":[7309,7419,7766,6751],"class_list":{"0":"post-9340","1":"product","2":"type-product","3":"status-publish","4":"has-post-thumbnail","6":"product_cat-bluzlar-ve-gomlekler","7":"product_cat-hoodies-sweatshirtler","8":"product_tag-fermuarli","9":"product_tag-gunluk","10":"product_tag-kapusonlu-sweatshirt-2","11":"product_tag-rahat","12":"pa_brand-kadriye-basturk","13":"pa_color-siyah","14":"pa_size-4446","15":"pa_size-4463","17":"first","18":"outofstock","19":"shipping-taxable","20":"product-type-variable"},"_links":{"self":[{"href":"https:\/\/mod.wisdar.net\/tr\/wp-json\/wp\/v2\/product\/9340","targetHints":{"allow":["GET"]}}],"collection":[{"href":"https:\/\/mod.wisdar.net\/tr\/wp-json\/wp\/v2\/product"}],"about":[{"href":"https:\/\/mod.wisdar.net\/tr\/wp-json\/wp\/v2\/types\/product"}],"replies":[{"embeddable":true,"href":"https:\/\/mod.wisdar.net\/tr\/wp-json\/wp\/v2\/comments?post=9340"}],"wp:featuredmedia":[{"embeddable":true,"href":"https:\/\/mod.wisdar.net\/tr\/wp-json\/wp\/v2\/media\/9317"}],"wp:attachment":[{"href":"https:\/\/mod.wisdar.net\/tr\/wp-json\/wp\/v2\/media?parent=9340"}],"wp:term":[{"taxonomy":"product_brand","embeddable":true,"href":"https:\/\/mod.wisdar.net\/tr\/wp-json\/wp\/v2\/product_brand?post=9340"},{"taxonomy":"product_cat","embeddable":true,"href":"https:\/\/mod.wisdar.net\/tr\/wp-json\/wp\/v2\/product_cat?post=9340"},{"taxonomy":"product_tag","embeddable":true,"href":"https:\/\/mod.wisdar.net\/tr\/wp-json\/wp\/v2\/product_tag?post=9340"}],"curies":[{"name":"wp","href":"https:\/\/api.w.org\/{rel}","templated":true}]}}