{"id":94611,"date":"2026-02-07T19:56:27","date_gmt":"2026-02-07T19:56:27","guid":{"rendered":"https:\/\/modesthanim.com\/product\/regular-fit-suni-deri-mont\/"},"modified":"2026-02-07T19:56:48","modified_gmt":"2026-02-07T19:56:48","slug":"regular-fit-suni-deri-mont","status":"publish","type":"product","link":"https:\/\/mod.wisdar.net\/tr\/urun\/regular-fit-suni-deri-mont\/","title":{"rendered":"Regular Fit Suni Deri Mont"},"content":{"rendered":"<p>Regular fit suni deri mont, klasik kesimi ve \u015f\u0131k tasar\u0131m\u0131yla g\u00fcnl\u00fck kombinlere modern bir dokunu\u015f katar. Dayan\u0131kl\u0131 yap\u0131s\u0131 sayesinde uzun s\u00fcre kullan\u0131m sa\u011flar.<\/p>\n<p>\u2014 Teknik Detaylar \u2014<br \/>\nKuma\u015f: Suni Deri<br \/>\nRenk: Ekru<br \/>\nD\u0131\u015f Giyim \u00dcr\u00fcn Grubu: Suni Deri Ceket<br \/>\nKuma\u015f Kal\u0131nl\u0131k Bilgisi: \u0130nce<br \/>\nYaka: Polo Yaka<br \/>\nCinsiyet: Kad\u0131n<br \/>\n\u00dcr\u00fcn Tipi: Mont<br \/>\nKal\u0131p: Regular Fit<br \/>\nMen\u015fei: CN<br \/>\nNumune Bedeni: S<br \/>\nModel \u00d6l\u00e7\u00fcleri: S Beden \u2013 1,70cm \u2013 80\/60\/88<br \/>\n\u00dcr\u00fcn Uzunluk \u00d6l\u00e7\u00fcleri: {&#8216;XS&#8217;: &#8217;58 cm&#8217;, &#8216;S&#8217;: &#8217;59 cm&#8217;, &#8216;M&#8217;: &#8217;60 cm&#8217;, &#8216;L&#8217;: &#8217;61 cm&#8217;}<\/p>\n","protected":false},"excerpt":{"rendered":"<p>Regular fit suni deri mont, klasik kesimi ve \u015f\u0131k tasar\u0131m\u0131yla g\u00fcnl\u00fck kombinlere modern bir dokunu\u015f katar. Dayan\u0131kl\u0131 yap\u0131s\u0131 sayesinde uzun s\u00fcre kullan\u0131m sa\u011flar. \u2014 Teknik Detaylar \u2014 Kuma\u015f: Suni Deri Renk: Ekru D\u0131\u015f Giyim \u00dcr\u00fcn Grubu: Suni Deri Ceket Kuma\u015f Kal\u0131nl\u0131k Bilgisi: \u0130nce Yaka: Polo Yaka Cinsiyet: Kad\u0131n \u00dcr\u00fcn Tipi: Mont Kal\u0131p: Regular Fit Men\u015fei: [&hellip;]<\/p>\n","protected":false},"featured_media":94600,"comment_status":"open","ping_status":"closed","template":"","meta":[],"product_brand":[],"product_cat":[2044],"product_tag":[],"class_list":{"0":"post-94611","1":"product","2":"type-product","3":"status-publish","4":"has-post-thumbnail","6":"product_cat-ceketler","7":"pa_brand-defacto","8":"pa_color-ekru","9":"pa_size-l","10":"pa_size-m","11":"pa_size-s","12":"pa_size-xs","14":"first","15":"instock","16":"sale","17":"shipping-taxable","18":"purchasable","19":"product-type-variable"},"_links":{"self":[{"href":"https:\/\/mod.wisdar.net\/tr\/wp-json\/wp\/v2\/product\/94611","targetHints":{"allow":["GET"]}}],"collection":[{"href":"https:\/\/mod.wisdar.net\/tr\/wp-json\/wp\/v2\/product"}],"about":[{"href":"https:\/\/mod.wisdar.net\/tr\/wp-json\/wp\/v2\/types\/product"}],"replies":[{"embeddable":true,"href":"https:\/\/mod.wisdar.net\/tr\/wp-json\/wp\/v2\/comments?post=94611"}],"wp:featuredmedia":[{"embeddable":true,"href":"https:\/\/mod.wisdar.net\/tr\/wp-json\/wp\/v2\/media\/94600"}],"wp:attachment":[{"href":"https:\/\/mod.wisdar.net\/tr\/wp-json\/wp\/v2\/media?parent=94611"}],"wp:term":[{"taxonomy":"product_brand","embeddable":true,"href":"https:\/\/mod.wisdar.net\/tr\/wp-json\/wp\/v2\/product_brand?post=94611"},{"taxonomy":"product_cat","embeddable":true,"href":"https:\/\/mod.wisdar.net\/tr\/wp-json\/wp\/v2\/product_cat?post=94611"},{"taxonomy":"product_tag","embeddable":true,"href":"https:\/\/mod.wisdar.net\/tr\/wp-json\/wp\/v2\/product_tag?post=94611"}],"curies":[{"name":"wp","href":"https:\/\/api.w.org\/{rel}","templated":true}]}}