{"id":94642,"date":"2026-02-07T19:56:43","date_gmt":"2026-02-07T19:56:43","guid":{"rendered":"https:\/\/modesthanim.com\/product\/afra-x-defacto-dad-fit-polo-yaka-fermuarli-suet-ceket\/"},"modified":"2026-02-25T20:35:19","modified_gmt":"2026-02-25T20:35:19","slug":"afra-x-defacto-dad-fit-polo-yaka-fermuarli-suet-ceket","status":"publish","type":"product","link":"https:\/\/mod.wisdar.net\/tr\/urun\/afra-x-defacto-dad-fit-polo-yaka-fermuarli-suet-ceket\/","title":{"rendered":"Afra x DeFacto Dad Fit Polo Yaka Fermuarl\u0131 S\u00fcet Ceket"},"content":{"rendered":"<p>Dad Fit Polo Yaka S\u00fcet Ceket, retro esintili geni\u015f kesimi ve \u015f\u0131k polo yaka detay\u0131yla dikkat \u00e7eker. S\u00fcet dokusuyla stilinize g\u00fc\u00e7l\u00fc ve modern bir hava katar.<\/p>\n<p>\u2014 Technical Details \u2014<br \/>\n\u00dcr\u00fcn Tipi: Mont<br \/>\nD\u0131\u015f Giyim \u00dcr\u00fcn Grubu: Suni Deri Ceket<br \/>\nTeknik \u00d6zellik: Su Ge\u00e7irmez<br \/>\nYaka: Polo Yaka<br \/>\nKuma\u015f: Suni Deri<br \/>\nCinsiyet: Kad\u0131n<br \/>\nKal\u0131p: Dad F\u0131t<br \/>\nMen\u015fei: CN<br \/>\n\u00dcr\u00fcn Grubu: Kad\u0131n Deri Ceket<\/p>\n","protected":false},"excerpt":{"rendered":"<p>Dad Fit Polo Yaka S\u00fcet Ceket, retro esintili geni\u015f kesimi ve \u015f\u0131k polo yaka detay\u0131yla dikkat \u00e7eker. S\u00fcet dokusuyla stilinize g\u00fc\u00e7l\u00fc ve modern bir hava katar. \u2014 Technical Details \u2014 \u00dcr\u00fcn Tipi: Mont D\u0131\u015f Giyim \u00dcr\u00fcn Grubu: Suni Deri Ceket Teknik \u00d6zellik: Su Ge\u00e7irmez Yaka: Polo Yaka Kuma\u015f: Suni Deri Cinsiyet: Kad\u0131n Kal\u0131p: Dad F\u0131t [&hellip;]<\/p>\n","protected":false},"featured_media":94632,"comment_status":"open","ping_status":"closed","template":"","meta":[],"product_brand":[],"product_cat":[2044],"product_tag":[7309],"class_list":{"0":"post-94642","1":"product","2":"type-product","3":"status-publish","4":"has-post-thumbnail","6":"product_cat-ceketler","7":"product_tag-fermuarli","8":"pa_brand-defacto","9":"pa_color-kahve","10":"pa_size-l","11":"pa_size-m","12":"pa_size-s","13":"pa_size-xl","14":"pa_size-xs","16":"first","17":"outofstock","18":"shipping-taxable","19":"product-type-variable"},"_links":{"self":[{"href":"https:\/\/mod.wisdar.net\/tr\/wp-json\/wp\/v2\/product\/94642","targetHints":{"allow":["GET"]}}],"collection":[{"href":"https:\/\/mod.wisdar.net\/tr\/wp-json\/wp\/v2\/product"}],"about":[{"href":"https:\/\/mod.wisdar.net\/tr\/wp-json\/wp\/v2\/types\/product"}],"replies":[{"embeddable":true,"href":"https:\/\/mod.wisdar.net\/tr\/wp-json\/wp\/v2\/comments?post=94642"}],"wp:featuredmedia":[{"embeddable":true,"href":"https:\/\/mod.wisdar.net\/tr\/wp-json\/wp\/v2\/media\/94632"}],"wp:attachment":[{"href":"https:\/\/mod.wisdar.net\/tr\/wp-json\/wp\/v2\/media?parent=94642"}],"wp:term":[{"taxonomy":"product_brand","embeddable":true,"href":"https:\/\/mod.wisdar.net\/tr\/wp-json\/wp\/v2\/product_brand?post=94642"},{"taxonomy":"product_cat","embeddable":true,"href":"https:\/\/mod.wisdar.net\/tr\/wp-json\/wp\/v2\/product_cat?post=94642"},{"taxonomy":"product_tag","embeddable":true,"href":"https:\/\/mod.wisdar.net\/tr\/wp-json\/wp\/v2\/product_tag?post=94642"}],"curies":[{"name":"wp","href":"https:\/\/api.w.org\/{rel}","templated":true}]}}