{"id":94715,"date":"2026-02-07T19:57:43","date_gmt":"2026-02-07T19:57:43","guid":{"rendered":"https:\/\/modesthanim.com\/product\/dik-yaka-astarli-parasut-ceket\/"},"modified":"2026-04-12T20:32:46","modified_gmt":"2026-04-12T20:32:46","slug":"dik-yaka-astarli-parasut-ceket","status":"publish","type":"product","link":"https:\/\/mod.wisdar.net\/tr\/urun\/dik-yaka-astarli-parasut-ceket\/","title":{"rendered":"Dik Yaka Astarl\u0131 Para\u015f\u00fct Ceket"},"content":{"rendered":"<p>Dik yaka astarl\u0131 para\u015f\u00fct ceket, hafif yap\u0131s\u0131 ve astarl\u0131 tasar\u0131m\u0131yla hem \u015f\u0131k hem de konforlu bir kullan\u0131m sunar. Modern dik yaka detay\u0131, g\u00fcnl\u00fck kombinlere sportif ve stil sahibi bir dokunu\u015f katar.<\/p>\n","protected":false},"excerpt":{"rendered":"<p>Dik yaka astarl\u0131 para\u015f\u00fct ceket, hafif yap\u0131s\u0131 ve astarl\u0131 tasar\u0131m\u0131yla hem \u015f\u0131k hem de konforlu bir kullan\u0131m sunar. Modern dik yaka detay\u0131, g\u00fcnl\u00fck kombinlere sportif ve stil sahibi bir dokunu\u015f katar.<\/p>\n","protected":false},"featured_media":94699,"comment_status":"open","ping_status":"closed","template":"","meta":[],"product_brand":[],"product_cat":[2044],"product_tag":[7311,6766,8015],"class_list":{"0":"post-94715","1":"product","2":"type-product","3":"status-publish","4":"has-post-thumbnail","6":"product_cat-ceketler","7":"product_tag-dik-yaka","8":"product_tag-hafif","9":"product_tag-moda-ceket","10":"pa_brand-defacto","11":"pa_color-acik-pembe","12":"pa_size-4698","13":"pa_size-4701","14":"pa_size-4706","15":"pa_size-4711","17":"first","18":"instock","19":"sale","20":"shipping-taxable","21":"purchasable","22":"product-type-variable"},"_links":{"self":[{"href":"https:\/\/mod.wisdar.net\/tr\/wp-json\/wp\/v2\/product\/94715","targetHints":{"allow":["GET"]}}],"collection":[{"href":"https:\/\/mod.wisdar.net\/tr\/wp-json\/wp\/v2\/product"}],"about":[{"href":"https:\/\/mod.wisdar.net\/tr\/wp-json\/wp\/v2\/types\/product"}],"replies":[{"embeddable":true,"href":"https:\/\/mod.wisdar.net\/tr\/wp-json\/wp\/v2\/comments?post=94715"}],"wp:featuredmedia":[{"embeddable":true,"href":"https:\/\/mod.wisdar.net\/tr\/wp-json\/wp\/v2\/media\/94699"}],"wp:attachment":[{"href":"https:\/\/mod.wisdar.net\/tr\/wp-json\/wp\/v2\/media?parent=94715"}],"wp:term":[{"taxonomy":"product_brand","embeddable":true,"href":"https:\/\/mod.wisdar.net\/tr\/wp-json\/wp\/v2\/product_brand?post=94715"},{"taxonomy":"product_cat","embeddable":true,"href":"https:\/\/mod.wisdar.net\/tr\/wp-json\/wp\/v2\/product_cat?post=94715"},{"taxonomy":"product_tag","embeddable":true,"href":"https:\/\/mod.wisdar.net\/tr\/wp-json\/wp\/v2\/product_tag?post=94715"}],"curies":[{"name":"wp","href":"https:\/\/api.w.org\/{rel}","templated":true}]}}