{"id":94725,"date":"2026-02-07T19:58:16","date_gmt":"2026-02-07T19:58:16","guid":{"rendered":"https:\/\/modesthanim.com\/product\/su-gecirmez-oversize-tafta-suni-deri-mont\/"},"modified":"2026-02-07T19:58:44","modified_gmt":"2026-02-07T19:58:44","slug":"su-gecirmez-oversize-tafta-suni-deri-mont","status":"publish","type":"product","link":"https:\/\/mod.wisdar.net\/tr\/urun\/su-gecirmez-oversize-tafta-suni-deri-mont\/","title":{"rendered":"Su Ge\u00e7irmez Overs\u0131ze Tafta Suni Deri Mont"},"content":{"rendered":"<p>Su ge\u00e7irmez oversize tafta suni deri mont, modern tasar\u0131m\u0131 ve geni\u015f kesimiyle \u015f\u0131kl\u0131\u011f\u0131 ve konforu bir arada sunar. Su ge\u00e7irmez yap\u0131s\u0131yla so\u011fuk ve ya\u011f\u0131\u015fl\u0131 havalarda ideal koruma sa\u011flar.<\/p>\n<p>\u2014 Technical Details \u2014<br \/>\nKuma\u015f: Suni Deri<br \/>\nD\u0131\u015f Giyim \u00dcr\u00fcn Grubu: Suni Deri Ceket<br \/>\nCinsiyet: Kad\u0131n<br \/>\nRenk: Siyah<br \/>\nKuma\u015f Kal\u0131nl\u0131k Bilgisi: \u0130nce<br \/>\nKal\u0131p: Overs\u0131ze<br \/>\nTeknik \u00d6zellik: Su Ge\u00e7irmez<br \/>\n\u00dcr\u00fcn Tipi: Mont<br \/>\nKapama Detay\u0131: Fermuarl\u0131<br \/>\nMen\u015fei: CN<br \/>\n\u00dcr\u00fcn Grubu: Kad\u0131n Deri Ceket<\/p>\n","protected":false},"excerpt":{"rendered":"<p>Su ge\u00e7irmez oversize tafta suni deri mont, modern tasar\u0131m\u0131 ve geni\u015f kesimiyle \u015f\u0131kl\u0131\u011f\u0131 ve konforu bir arada sunar. Su ge\u00e7irmez yap\u0131s\u0131yla so\u011fuk ve ya\u011f\u0131\u015fl\u0131 havalarda ideal koruma sa\u011flar. \u2014 Technical Details \u2014 Kuma\u015f: Suni Deri D\u0131\u015f Giyim \u00dcr\u00fcn Grubu: Suni Deri Ceket Cinsiyet: Kad\u0131n Renk: Siyah Kuma\u015f Kal\u0131nl\u0131k Bilgisi: \u0130nce Kal\u0131p: Overs\u0131ze Teknik \u00d6zellik: Su [&hellip;]<\/p>\n","protected":false},"featured_media":94720,"comment_status":"open","ping_status":"closed","template":"","meta":[],"product_brand":[],"product_cat":[2047],"product_tag":[5010,7309,7327,7074,6998],"class_list":{"0":"post-94725","1":"product","2":"type-product","3":"status-publish","4":"has-post-thumbnail","6":"product_cat-paltolar","7":"product_tag-coat","8":"product_tag-fermuarli","9":"product_tag-oversize","10":"product_tag-siyah","11":"product_tag-suni-deri","12":"pa_brand-defacto","13":"pa_color-siyah","14":"pa_size-l","15":"pa_size-m","16":"pa_size-s","17":"pa_size-xl","18":"pa_size-xs","20":"first","21":"instock","22":"sale","23":"shipping-taxable","24":"purchasable","25":"product-type-variable"},"_links":{"self":[{"href":"https:\/\/mod.wisdar.net\/tr\/wp-json\/wp\/v2\/product\/94725","targetHints":{"allow":["GET"]}}],"collection":[{"href":"https:\/\/mod.wisdar.net\/tr\/wp-json\/wp\/v2\/product"}],"about":[{"href":"https:\/\/mod.wisdar.net\/tr\/wp-json\/wp\/v2\/types\/product"}],"replies":[{"embeddable":true,"href":"https:\/\/mod.wisdar.net\/tr\/wp-json\/wp\/v2\/comments?post=94725"}],"wp:featuredmedia":[{"embeddable":true,"href":"https:\/\/mod.wisdar.net\/tr\/wp-json\/wp\/v2\/media\/94720"}],"wp:attachment":[{"href":"https:\/\/mod.wisdar.net\/tr\/wp-json\/wp\/v2\/media?parent=94725"}],"wp:term":[{"taxonomy":"product_brand","embeddable":true,"href":"https:\/\/mod.wisdar.net\/tr\/wp-json\/wp\/v2\/product_brand?post=94725"},{"taxonomy":"product_cat","embeddable":true,"href":"https:\/\/mod.wisdar.net\/tr\/wp-json\/wp\/v2\/product_cat?post=94725"},{"taxonomy":"product_tag","embeddable":true,"href":"https:\/\/mod.wisdar.net\/tr\/wp-json\/wp\/v2\/product_tag?post=94725"}],"curies":[{"name":"wp","href":"https:\/\/api.w.org\/{rel}","templated":true}]}}