{"id":94781,"date":"2026-02-07T19:59:13","date_gmt":"2026-02-07T19:59:13","guid":{"rendered":"https:\/\/modesthanim.com\/product\/siyah-kadin-dad-fit-suni-deri-mont\/"},"modified":"2026-04-09T07:55:09","modified_gmt":"2026-04-09T07:55:09","slug":"siyah-kadin-dad-fit-suni-deri-mont","status":"publish","type":"product","link":"https:\/\/mod.wisdar.net\/tr\/urun\/siyah-kadin-dad-fit-suni-deri-mont\/","title":{"rendered":"Siyah Kad\u0131n Dad F\u0131t Suni Deri Mont"},"content":{"rendered":"<p>Arad\u0131\u011f\u0131n\u0131z Siyah Kad\u0131n Dad F\u0131t Suni Deri Mont en uygun fiyatla DeFacto&#8217;da! Yeni sezon Siyah Kad\u0131n Dad F\u0131t Suni Deri Mont i\u00e7in hemen DeFacto&#8217;ya t\u0131klay\u0131n!<\/p>\n<p>\u2014 Teknik Detaylar \u2014<br \/>\n\u00dcr\u00fcn Tipi: Mont<br \/>\nRenk: Siyah<br \/>\nKal\u0131p: Dad F\u0131t<br \/>\nKuma\u015f: Suni Deri<br \/>\nCinsiyet: Kad\u0131n<br \/>\nD\u0131\u015f Giyim \u00dcr\u00fcn Grubu: Suni Deri Ceket<br \/>\nMarka: DeFacto<br \/>\nMen\u015fei: CN<br \/>\n\u00dcr\u00fcn Grubu: Kad\u0131n Deri Ceket<br \/>\nNumune Bedeni: S<br \/>\nModel \u00d6l\u00e7\u00fcleri: S Beden \u2013 1,70cm \u2013 80\/60\/88<br \/>\nOmuzdan Arka Boy: S-65 cm, M-66 cm, L-67 cm, XL-68 cm, XXL-69 cm<\/p>\n","protected":false},"excerpt":{"rendered":"<p>Arad\u0131\u011f\u0131n\u0131z Siyah Kad\u0131n Dad F\u0131t Suni Deri Mont en uygun fiyatla DeFacto&#8217;da! Yeni sezon Siyah Kad\u0131n Dad F\u0131t Suni Deri Mont i\u00e7in hemen DeFacto&#8217;ya t\u0131klay\u0131n! \u2014 Teknik Detaylar \u2014 \u00dcr\u00fcn Tipi: Mont Renk: Siyah Kal\u0131p: Dad F\u0131t Kuma\u015f: Suni Deri Cinsiyet: Kad\u0131n D\u0131\u015f Giyim \u00dcr\u00fcn Grubu: Suni Deri Ceket Marka: DeFacto Men\u015fei: CN \u00dcr\u00fcn Grubu: [&hellip;]<\/p>\n","protected":false},"featured_media":94770,"comment_status":"open","ping_status":"closed","template":"","meta":[],"product_brand":[],"product_cat":[2044],"product_tag":[8538,8537,8536,8535],"class_list":{"0":"post-94781","1":"product","2":"type-product","3":"status-publish","4":"has-post-thumbnail","6":"product_cat-ceketler","7":"product_tag-dad-fit-suni-deri-mont","8":"product_tag-kadin-dad-fit-suni-deri-mont","9":"product_tag-siyah-dad-fit-suni-deri-mont","10":"product_tag-siyah-kadin-dad-fit-suni-deri-mont","11":"pa_brand-defacto","12":"pa_color-siyah","13":"pa_size-l","14":"pa_size-m","15":"pa_size-s","16":"pa_size-xl","17":"pa_size-xxl","19":"first","20":"instock","21":"sale","22":"shipping-taxable","23":"purchasable","24":"product-type-variable"},"_links":{"self":[{"href":"https:\/\/mod.wisdar.net\/tr\/wp-json\/wp\/v2\/product\/94781","targetHints":{"allow":["GET"]}}],"collection":[{"href":"https:\/\/mod.wisdar.net\/tr\/wp-json\/wp\/v2\/product"}],"about":[{"href":"https:\/\/mod.wisdar.net\/tr\/wp-json\/wp\/v2\/types\/product"}],"replies":[{"embeddable":true,"href":"https:\/\/mod.wisdar.net\/tr\/wp-json\/wp\/v2\/comments?post=94781"}],"wp:featuredmedia":[{"embeddable":true,"href":"https:\/\/mod.wisdar.net\/tr\/wp-json\/wp\/v2\/media\/94770"}],"wp:attachment":[{"href":"https:\/\/mod.wisdar.net\/tr\/wp-json\/wp\/v2\/media?parent=94781"}],"wp:term":[{"taxonomy":"product_brand","embeddable":true,"href":"https:\/\/mod.wisdar.net\/tr\/wp-json\/wp\/v2\/product_brand?post=94781"},{"taxonomy":"product_cat","embeddable":true,"href":"https:\/\/mod.wisdar.net\/tr\/wp-json\/wp\/v2\/product_cat?post=94781"},{"taxonomy":"product_tag","embeddable":true,"href":"https:\/\/mod.wisdar.net\/tr\/wp-json\/wp\/v2\/product_tag?post=94781"}],"curies":[{"name":"wp","href":"https:\/\/api.w.org\/{rel}","templated":true}]}}