{"id":94800,"date":"2026-02-07T19:59:25","date_gmt":"2026-02-07T19:59:25","guid":{"rendered":"https:\/\/modesthanim.com\/product\/su-gecirmez-dad-fit-polo-yaka-suni-deri-mont\/"},"modified":"2026-04-05T20:01:34","modified_gmt":"2026-04-05T20:01:34","slug":"su-gecirmez-dad-fit-polo-yaka-suni-deri-mont","status":"publish","type":"product","link":"https:\/\/mod.wisdar.net\/tr\/urun\/su-gecirmez-dad-fit-polo-yaka-suni-deri-mont\/","title":{"rendered":"Su Ge\u00e7irmez Dad F\u0131t Polo Yaka Suni Deri Mont"},"content":{"rendered":"<p>Arad\u0131\u011f\u0131n Kahve Kad\u0131n Su Ge\u00e7irmez Dad F\u0131t Polo Yaka Suni Deri Mont en uygun fiyatla DeFacto&#8217;da! Yeni sezon Kahve Kad\u0131n Su Ge\u00e7irmez Dad F\u0131t Polo Yaka Suni Deri Mont i\u00e7in hemen DeFacto&#8217;ya t\u0131kla!<\/p>\n<p>\u2014 Technical Details \u2014<br \/>\n\u00dcr\u00fcn Tipi: Mont<br \/>\nRenk: Kahverengi<br \/>\nTeknik \u00d6zellik: Su Ge\u00e7irmez<br \/>\nCinsiyet: Kad\u0131n<br \/>\nD\u0131\u015f Giyim \u00dcr\u00fcn Grubu: Suni Deri Ceket<br \/>\nKuma\u015f: Suni Deri<br \/>\nYaka: Polo Yaka<br \/>\nKal\u0131p: Dad F\u0131t<br \/>\nMen\u015fei: CN<br \/>\n\u00dcr\u00fcn Grubu: Kad\u0131n Deri Ceket<\/p>\n","protected":false},"excerpt":{"rendered":"<p>Arad\u0131\u011f\u0131n Kahve Kad\u0131n Su Ge\u00e7irmez Dad F\u0131t Polo Yaka Suni Deri Mont en uygun fiyatla DeFacto&#8217;da! Yeni sezon Kahve Kad\u0131n Su Ge\u00e7irmez Dad F\u0131t Polo Yaka Suni Deri Mont i\u00e7in hemen DeFacto&#8217;ya t\u0131kla! \u2014 Technical Details \u2014 \u00dcr\u00fcn Tipi: Mont Renk: Kahverengi Teknik \u00d6zellik: Su Ge\u00e7irmez Cinsiyet: Kad\u0131n D\u0131\u015f Giyim \u00dcr\u00fcn Grubu: Suni Deri Ceket [&hellip;]<\/p>\n","protected":false},"featured_media":94789,"comment_status":"open","ping_status":"closed","template":"","meta":[],"product_brand":[],"product_cat":[2047],"product_tag":[7960,7701],"class_list":{"0":"post-94800","1":"product","2":"type-product","3":"status-publish","4":"has-post-thumbnail","6":"product_cat-paltolar","7":"product_tag-kadin-dis-giyim","8":"product_tag-kahverengi-kaban","9":"pa_brand-defacto","10":"pa_color-kahve","11":"pa_size-l","12":"pa_size-m","13":"pa_size-s","14":"pa_size-xl","15":"pa_size-xs","17":"first","18":"instock","19":"sale","20":"shipping-taxable","21":"purchasable","22":"product-type-variable"},"_links":{"self":[{"href":"https:\/\/mod.wisdar.net\/tr\/wp-json\/wp\/v2\/product\/94800","targetHints":{"allow":["GET"]}}],"collection":[{"href":"https:\/\/mod.wisdar.net\/tr\/wp-json\/wp\/v2\/product"}],"about":[{"href":"https:\/\/mod.wisdar.net\/tr\/wp-json\/wp\/v2\/types\/product"}],"replies":[{"embeddable":true,"href":"https:\/\/mod.wisdar.net\/tr\/wp-json\/wp\/v2\/comments?post=94800"}],"wp:featuredmedia":[{"embeddable":true,"href":"https:\/\/mod.wisdar.net\/tr\/wp-json\/wp\/v2\/media\/94789"}],"wp:attachment":[{"href":"https:\/\/mod.wisdar.net\/tr\/wp-json\/wp\/v2\/media?parent=94800"}],"wp:term":[{"taxonomy":"product_brand","embeddable":true,"href":"https:\/\/mod.wisdar.net\/tr\/wp-json\/wp\/v2\/product_brand?post=94800"},{"taxonomy":"product_cat","embeddable":true,"href":"https:\/\/mod.wisdar.net\/tr\/wp-json\/wp\/v2\/product_cat?post=94800"},{"taxonomy":"product_tag","embeddable":true,"href":"https:\/\/mod.wisdar.net\/tr\/wp-json\/wp\/v2\/product_tag?post=94800"}],"curies":[{"name":"wp","href":"https:\/\/api.w.org\/{rel}","templated":true}]}}