{"id":94841,"date":"2026-02-07T20:00:15","date_gmt":"2026-02-07T20:00:15","guid":{"rendered":"https:\/\/modesthanim.com\/product\/fitted-blazer-ceket\/"},"modified":"2026-03-20T03:00:50","modified_gmt":"2026-03-20T03:00:50","slug":"fitted-blazer-ceket","status":"publish","type":"product","link":"https:\/\/mod.wisdar.net\/tr\/urun\/fitted-blazer-ceket\/","title":{"rendered":"F\u0131tted Blazer Ceket"},"content":{"rendered":"<p>Fitted blazer ceket, v\u00fccuda oturan kesimi ve \u015f\u0131k tasar\u0131m\u0131yla sofistike bir g\u00f6r\u00fcn\u00fcm sunar. Hem i\u015f hem de \u00f6zel kombinlerde modern ve zarif bir stil tamamlay\u0131c\u0131s\u0131d\u0131r.<\/p>\n","protected":false},"excerpt":{"rendered":"<p>Fitted blazer ceket, v\u00fccuda oturan kesimi ve \u015f\u0131k tasar\u0131m\u0131yla sofistike bir g\u00f6r\u00fcn\u00fcm sunar. Hem i\u015f hem de \u00f6zel kombinlerde modern ve zarif bir stil tamamlay\u0131c\u0131s\u0131d\u0131r.<\/p>\n","protected":false},"featured_media":94836,"comment_status":"open","ping_status":"closed","template":"","meta":[],"product_brand":[],"product_cat":[2044],"product_tag":[7943,8404,5012,7419,5013],"class_list":{"0":"post-94841","1":"product","2":"type-product","3":"status-publish","4":"has-post-thumbnail","6":"product_cat-ceketler","7":"product_tag-blazer","8":"product_tag-dar-kesim-2","9":"product_tag-elegant","10":"product_tag-gunluk","11":"product_tag-modern","12":"pa_brand-defacto","13":"pa_color-lacivert","14":"pa_size-4698","15":"pa_size-4701","16":"pa_size-4706","17":"pa_size-4711","19":"first","20":"outofstock","21":"shipping-taxable","22":"product-type-variable"},"_links":{"self":[{"href":"https:\/\/mod.wisdar.net\/tr\/wp-json\/wp\/v2\/product\/94841","targetHints":{"allow":["GET"]}}],"collection":[{"href":"https:\/\/mod.wisdar.net\/tr\/wp-json\/wp\/v2\/product"}],"about":[{"href":"https:\/\/mod.wisdar.net\/tr\/wp-json\/wp\/v2\/types\/product"}],"replies":[{"embeddable":true,"href":"https:\/\/mod.wisdar.net\/tr\/wp-json\/wp\/v2\/comments?post=94841"}],"wp:featuredmedia":[{"embeddable":true,"href":"https:\/\/mod.wisdar.net\/tr\/wp-json\/wp\/v2\/media\/94836"}],"wp:attachment":[{"href":"https:\/\/mod.wisdar.net\/tr\/wp-json\/wp\/v2\/media?parent=94841"}],"wp:term":[{"taxonomy":"product_brand","embeddable":true,"href":"https:\/\/mod.wisdar.net\/tr\/wp-json\/wp\/v2\/product_brand?post=94841"},{"taxonomy":"product_cat","embeddable":true,"href":"https:\/\/mod.wisdar.net\/tr\/wp-json\/wp\/v2\/product_cat?post=94841"},{"taxonomy":"product_tag","embeddable":true,"href":"https:\/\/mod.wisdar.net\/tr\/wp-json\/wp\/v2\/product_tag?post=94841"}],"curies":[{"name":"wp","href":"https:\/\/api.w.org\/{rel}","templated":true}]}}