{"id":94912,"date":"2026-02-07T20:01:11","date_gmt":"2026-02-07T20:01:11","guid":{"rendered":"https:\/\/modesthanim.com\/product\/yuksek-bel-cep-detayli-viskon-karisimli-genis-paca-pantolon\/"},"modified":"2026-04-09T08:01:09","modified_gmt":"2026-04-09T08:01:09","slug":"yuksek-bel-cep-detayli-viskon-karisimli-genis-paca-pantolon","status":"publish","type":"product","link":"https:\/\/mod.wisdar.net\/tr\/urun\/yuksek-bel-cep-detayli-viskon-karisimli-genis-paca-pantolon\/","title":{"rendered":"Y\u00fcksek Bel Cep Detayl\u0131 Viskon Kar\u0131\u015f\u0131ml\u0131 Geni\u015f Pa\u00e7a Pantolon"},"content":{"rendered":"<p>Y\u00fcksek bel, geni\u015f pa\u00e7a pantolon, zarif ve rahat bir sil\u00fcet sunuyor. G\u00fcnl\u00fck ve ofis \u015f\u0131kl\u0131\u011f\u0131 i\u00e7in ideal olan bu tasar\u0131m, klasik ve modern detaylar\u0131 bir araya getiriyor. \u00c7ift cepleri tasar\u0131ma i\u015flevsellik katarken \u015f\u0131k bir g\u00f6r\u00fcn\u00fcm sa\u011fl\u0131yor. Regular fit kesimi, v\u00fccuda uyum sa\u011flarken g\u00fcn boyu konfor sunuyor. Kombinleme a\u00e7\u0131s\u0131ndan olduk\u00e7a \u00e7ok y\u00f6nl\u00fc olan pantolon, hem ti\u015f\u00f6rtler hem de bluzlarla m\u00fckemmel uyum yakal\u0131yor. Stil \u00d6nerisi Geni\u015f pa\u00e7a pantolonu, \u015f\u0131k bir bluz ve ince topuklu ayakkab\u0131larla kombinleyerek ofis \u015f\u0131kl\u0131\u011f\u0131n\u0131 kolayca yakalayabilirsiniz. Rahat bir g\u00fcnl\u00fck stil i\u00e7in, basic bir ti\u015f\u00f6rt ve sneaker ayakkab\u0131larla stilinizi tamamlayabilirsiniz. Minimal bir \u00e7anta ve ince tak\u0131larla bu kombini zenginle\u015ftirebilirsiniz. \u00dcr\u00fcn \u00d6zellikleri Bel Tipi: Y\u00fcksek Bel Cep Tipi: Fleto \u00c7ift Cep Fit: Regular Kuma\u015f: %63 Polyester, %35 Viskon, %2 Elastan Stil ve Siluet: Geni\u015f Pa\u00e7a Kullan\u0131m Alan\u0131: G\u00fcnl\u00fck Giyim, Ofis Giyim Koton&#8217;un zarif pantolon tasar\u0131m\u0131 ile stilinize modern bir hava kat\u0131n. Koton pantolon koleksiyonunu \u015fimdi ke\u015ffedin!<\/p>\n<p>\u2014 Technical Details \u2014<br \/>\nModelin \u00d6l\u00e7\u00fcleri: Boy: 170 \/ Bel: 58 \/ G\u00f6\u011f\u00fcs: 79 \/ Kal\u00e7a: 88<br \/>\nModelin Bedeni: Jean: 27\/32 \/ Modelin Bedeni: S<br \/>\nKuma\u015f: %35 V\u0130SKOZ, %2 ELASTAN, %63 POL\u0130ESTER<br \/>\nSil\u00fcet: Wide Leg<br \/>\nBel Y\u00fcksekli\u011fi: Y\u00fcksek Bel<br \/>\n\u00dcr\u00fcn Tipi \/ Stil: Wide Leg<br \/>\n\u00dcr\u00fcn\u00fcn Alt Markas\u0131: City fashion<br \/>\nSat\u0131c\u0131\/\u0130malat\u00e7\u0131\/\u0130thalat\u00e7\u0131 \u0130smi: Koton Ma\u011fazac\u0131l\u0131k Tekstil Sanayi ve Ticaret A.\u015e.<br \/>\nPosta Adresi: Ayaza\u011fa Mah. Maslak Ayaza\u011fa Cad. No:3 \u0130\u00e7 Kap\u0131 No:5 Sar\u0131yer\/\u0130stanbul<br \/>\nE-Posta Adresi: mim@koton.com<\/p>\n","protected":false},"excerpt":{"rendered":"<p>Y\u00fcksek bel, geni\u015f pa\u00e7a pantolon, zarif ve rahat bir sil\u00fcet sunuyor. G\u00fcnl\u00fck ve ofis \u015f\u0131kl\u0131\u011f\u0131 i\u00e7in ideal olan bu tasar\u0131m, klasik ve modern detaylar\u0131 bir araya getiriyor. \u00c7ift cepleri tasar\u0131ma i\u015flevsellik katarken \u015f\u0131k bir g\u00f6r\u00fcn\u00fcm sa\u011fl\u0131yor. Regular fit kesimi, v\u00fccuda uyum sa\u011flarken g\u00fcn boyu konfor sunuyor. Kombinleme a\u00e7\u0131s\u0131ndan olduk\u00e7a \u00e7ok y\u00f6nl\u00fc olan pantolon, hem ti\u015f\u00f6rtler [&hellip;]<\/p>\n","protected":false},"featured_media":94905,"comment_status":"open","ping_status":"closed","template":"","meta":[],"product_brand":[],"product_cat":[1882],"product_tag":[7729,6754],"class_list":{"0":"post-94912","1":"product","2":"type-product","3":"status-publish","4":"has-post-thumbnail","6":"product_cat-alt-giyim","7":"product_tag-bol-paca-pantolon","8":"product_tag-ofis-kiyafeti","9":"pa_brand-koton","10":"pa_color-antrasit","11":"pa_size-4698","12":"pa_size-4701","13":"pa_size-4706","14":"pa_size-4711","15":"pa_size-4713","16":"pa_size-4751","17":"pa_size-4749","19":"first","20":"instock","21":"sale","22":"shipping-taxable","23":"purchasable","24":"product-type-variable"},"_links":{"self":[{"href":"https:\/\/mod.wisdar.net\/tr\/wp-json\/wp\/v2\/product\/94912","targetHints":{"allow":["GET"]}}],"collection":[{"href":"https:\/\/mod.wisdar.net\/tr\/wp-json\/wp\/v2\/product"}],"about":[{"href":"https:\/\/mod.wisdar.net\/tr\/wp-json\/wp\/v2\/types\/product"}],"replies":[{"embeddable":true,"href":"https:\/\/mod.wisdar.net\/tr\/wp-json\/wp\/v2\/comments?post=94912"}],"wp:featuredmedia":[{"embeddable":true,"href":"https:\/\/mod.wisdar.net\/tr\/wp-json\/wp\/v2\/media\/94905"}],"wp:attachment":[{"href":"https:\/\/mod.wisdar.net\/tr\/wp-json\/wp\/v2\/media?parent=94912"}],"wp:term":[{"taxonomy":"product_brand","embeddable":true,"href":"https:\/\/mod.wisdar.net\/tr\/wp-json\/wp\/v2\/product_brand?post=94912"},{"taxonomy":"product_cat","embeddable":true,"href":"https:\/\/mod.wisdar.net\/tr\/wp-json\/wp\/v2\/product_cat?post=94912"},{"taxonomy":"product_tag","embeddable":true,"href":"https:\/\/mod.wisdar.net\/tr\/wp-json\/wp\/v2\/product_tag?post=94912"}],"curies":[{"name":"wp","href":"https:\/\/api.w.org\/{rel}","templated":true}]}}