{"id":95005,"date":"2026-02-07T20:03:13","date_gmt":"2026-02-07T20:03:13","guid":{"rendered":"https:\/\/modesthanim.com\/product\/regular-fit-klasik-yaka-uzun-kollu-poplin-gomlek\/"},"modified":"2026-03-21T02:32:04","modified_gmt":"2026-03-21T02:32:04","slug":"regular-fit-klasik-yaka-uzun-kollu-poplin-gomlek","status":"publish","type":"product","link":"https:\/\/mod.wisdar.net\/tr\/urun\/regular-fit-klasik-yaka-uzun-kollu-poplin-gomlek\/","title":{"rendered":"Regular Fit Klasik Yaka Uzun Kollu Poplin G\u00f6mlek"},"content":{"rendered":"<p>Klasik g\u00f6mlek, zamans\u0131z ve \u015f\u0131k bir tarz\u0131yla gard\u0131robunuzun en temel par\u00e7alar\u0131ndan biri olmaya aday. Sadeli\u011fi ve zarafeti bir arada sunan g\u00f6mlek, uzun kollu tasar\u0131m\u0131 ile d\u00f6rt mevsim kullan\u0131lmaya uygun. Klasik yaka detay\u0131 g\u00f6mle\u011fe sofistike bir hava kat\u0131yor. Poplin kuma\u015f\u0131 sayesinde g\u00fcnl\u00fck hayatta konforlu bir kullan\u0131m sa\u011fl\u0131yor. D\u00fc\u011fmeli \u00f6n yap\u0131s\u0131 pratikli\u011fi art\u0131r\u0131rken stil sahibi bir g\u00f6r\u00fcn\u00fcm sunuyor.<br \/>\nStil \u00d6nerisi<br \/>\nKlasik yaka uzun kollu g\u00f6mle\u011fi, ofiste ya da \u00f6zel g\u00fcnlerde rahatl\u0131kla kullanabilirsiniz. G\u00f6mle\u011fi, kalem etek ve loafer ayakkab\u0131larla kombinleyebilir, \u015f\u0131kl\u0131\u011f\u0131n\u0131z\u0131 \u00f6n plana \u00e7\u0131kar\u0131yor. Ayr\u0131ca smart casual bir g\u00f6r\u00fcn\u00fcm i\u00e7in  baggy bir pantolon ve blazer ceketle kombinleyerek stilinizi tamamlayabilirsiniz. Zarif aksesuarlar ve deri bir \u00e7anta ile g\u00f6r\u00fcn\u00fcm\u00fcn\u00fcz\u00fc zenginle\u015ftirebilirsiniz.<br \/>\n\u00dcr\u00fcn \u00d6zellikleri<br \/>\nKol Tipi: Uzun Kol<br \/>\nYaka Tipi: Klasik Yaka<br \/>\nFit: Regular Fit<br \/>\nKuma\u015f: %42 Polyester, %58 Pamuk<br \/>\nKullan\u0131m Alan\u0131: G\u00fcnl\u00fck Giyim, Ofis Giyim<br \/>\nKoton&#8217;un sofistike g\u00f6mlek tasar\u0131m\u0131yla \u015f\u0131kl\u0131\u011f\u0131n\u0131z\u0131 her ortamda sergileyin. Koton g\u00f6mlek koleksiyonunu ke\u015ffederek stilinize zarif bir dokunu\u015f kat\u0131n!<\/p>\n","protected":false},"excerpt":{"rendered":"<p>Klasik g\u00f6mlek, zamans\u0131z ve \u015f\u0131k bir tarz\u0131yla gard\u0131robunuzun en temel par\u00e7alar\u0131ndan biri olmaya aday. Sadeli\u011fi ve zarafeti bir arada sunan g\u00f6mlek, uzun kollu tasar\u0131m\u0131 ile d\u00f6rt mevsim kullan\u0131lmaya uygun. Klasik yaka detay\u0131 g\u00f6mle\u011fe sofistike bir hava kat\u0131yor. Poplin kuma\u015f\u0131 sayesinde g\u00fcnl\u00fck hayatta konforlu bir kullan\u0131m sa\u011fl\u0131yor. D\u00fc\u011fmeli \u00f6n yap\u0131s\u0131 pratikli\u011fi art\u0131r\u0131rken stil sahibi bir g\u00f6r\u00fcn\u00fcm [&hellip;]<\/p>\n","protected":false},"featured_media":94998,"comment_status":"open","ping_status":"closed","template":"","meta":[],"product_brand":[],"product_cat":[1909],"product_tag":[6754],"class_list":{"0":"post-95005","1":"product","2":"type-product","3":"status-publish","4":"has-post-thumbnail","6":"product_cat-bluzlar-ve-gomlekler","7":"product_tag-ofis-kiyafeti","8":"pa_brand-koton","9":"pa_color-acik-indigo-3","10":"pa_size-4698","11":"pa_size-4701","12":"pa_size-4706","13":"pa_size-4711","14":"pa_size-4713","15":"pa_size-4751","16":"pa_size-4749","17":"pa_size-4747","19":"first","20":"outofstock","21":"shipping-taxable","22":"product-type-variable"},"_links":{"self":[{"href":"https:\/\/mod.wisdar.net\/tr\/wp-json\/wp\/v2\/product\/95005","targetHints":{"allow":["GET"]}}],"collection":[{"href":"https:\/\/mod.wisdar.net\/tr\/wp-json\/wp\/v2\/product"}],"about":[{"href":"https:\/\/mod.wisdar.net\/tr\/wp-json\/wp\/v2\/types\/product"}],"replies":[{"embeddable":true,"href":"https:\/\/mod.wisdar.net\/tr\/wp-json\/wp\/v2\/comments?post=95005"}],"wp:featuredmedia":[{"embeddable":true,"href":"https:\/\/mod.wisdar.net\/tr\/wp-json\/wp\/v2\/media\/94998"}],"wp:attachment":[{"href":"https:\/\/mod.wisdar.net\/tr\/wp-json\/wp\/v2\/media?parent=95005"}],"wp:term":[{"taxonomy":"product_brand","embeddable":true,"href":"https:\/\/mod.wisdar.net\/tr\/wp-json\/wp\/v2\/product_brand?post=95005"},{"taxonomy":"product_cat","embeddable":true,"href":"https:\/\/mod.wisdar.net\/tr\/wp-json\/wp\/v2\/product_cat?post=95005"},{"taxonomy":"product_tag","embeddable":true,"href":"https:\/\/mod.wisdar.net\/tr\/wp-json\/wp\/v2\/product_tag?post=95005"}],"curies":[{"name":"wp","href":"https:\/\/api.w.org\/{rel}","templated":true}]}}