{"id":95170,"date":"2026-02-07T20:06:50","date_gmt":"2026-02-07T20:06:50","guid":{"rendered":"https:\/\/modesthanim.com\/product\/regular-fit-uzun-kollu-klasik-yaka-saten-gomlek-2\/"},"modified":"2026-03-29T23:01:10","modified_gmt":"2026-03-29T23:01:10","slug":"regular-fit-uzun-kollu-klasik-yaka-saten-gomlek-2","status":"publish","type":"product","link":"https:\/\/mod.wisdar.net\/tr\/urun\/regular-fit-uzun-kollu-klasik-yaka-saten-gomlek-2\/","title":{"rendered":"Regular Fit Uzun Kollu Klasik Yaka Saten G\u00f6mlek"},"content":{"rendered":"<p>Gard\u0131robunuzun vazge\u00e7ilmez par\u00e7alar\u0131ndan biri olacak uzun kollu saten g\u00f6mlek, klasik tasar\u0131m\u0131yla dikkat \u00e7ekiyor. Klasik yaka detay\u0131 ve d\u00fc\u011fmeli \u00f6n\u00fcyle pratik bir kullan\u0131m sunarken zarif bir sil\u00fcet yarat\u0131yor. Standart boyuyla hem ofis hem de g\u00fcnl\u00fck kombinlerde rahatl\u0131kla tercih edilebilen bu g\u00f6mlek, konforlu ve \u015f\u0131k bir duru\u015f sa\u011fl\u0131yor.<\/p>\n<p>Stil \u00d6nerisi<br \/>\nSaten g\u00f6mle\u011fi, kuma\u015f pantolonlarla ve topuklu ayakkab\u0131larla kombinleyerek ofis i\u00e7in m\u00fckemmel bir g\u00f6r\u00fcn\u00fcm elde edebilirsiniz. Daha g\u00fcnl\u00fck bir stil i\u00e7in jean pantolon ve loafer ayakkab\u0131larla kombinleyerek, \u015f\u0131kl\u0131\u011f\u0131 rahatl\u0131kla birle\u015ftirebilirsiniz. Minimal tak\u0131lar ve \u015f\u0131k bir \u00e7anta ile stilinizi tamamlayarak hem g\u00fcnd\u00fcz hem gece i\u00e7in uygun bir g\u00f6r\u00fcn\u00fcm olu\u015fturabilirsiniz.<\/p>\n<p>\u00dcr\u00fcn \u00d6zellikleri<br \/>\nKol Tipi: Uzun Kol<br \/>\nYaka Tipi: Klasik Yaka<br \/>\nDetay: D\u00fc\u011fmeli<br \/>\nFit: Regular Fit<br \/>\nKullan\u0131m Alan\u0131: G\u00fcnl\u00fck Giyim, Ofis Giyim<\/p>\n<p>Koton&#8217;un zarif g\u00f6mlek tasar\u0131mlar\u0131yla gard\u0131robunuzu yenileyin. Koton g\u00f6mlek koleksiyonunu \u015fimdi ke\u015ffedin!<\/p>\n<p>\u2014 Technical Details \u2014<br \/>\nModel \u00d6l\u00e7\u00fcleri: Boy: 176 \/ Bel: 64 \/ G\u00f6\u011f\u00fcs: 79 \/ Kal\u00e7a: 92<br \/>\nModel Bedeni: Jean: 27\/32 \/ Modelin Bedeni: S<br \/>\nKuma\u015f: %100 POL\u0130ESTER<br \/>\nKol Boyu: Uzun Kol<br \/>\nKol Tipi: D\u00fc\u015f\u00fck Omuz<br \/>\nYaka Tipi: G\u00f6mlek Yaka<br \/>\nSil\u00fcet: Klasik<br \/>\n\u00dcr\u00fcn Tipi\/Stil: Klasik<br \/>\nAlt Marka: City fashion<\/p>\n","protected":false},"excerpt":{"rendered":"<p>Gard\u0131robunuzun vazge\u00e7ilmez par\u00e7alar\u0131ndan biri olacak uzun kollu saten g\u00f6mlek, klasik tasar\u0131m\u0131yla dikkat \u00e7ekiyor. Klasik yaka detay\u0131 ve d\u00fc\u011fmeli \u00f6n\u00fcyle pratik bir kullan\u0131m sunarken zarif bir sil\u00fcet yarat\u0131yor. Standart boyuyla hem ofis hem de g\u00fcnl\u00fck kombinlerde rahatl\u0131kla tercih edilebilen bu g\u00f6mlek, konforlu ve \u015f\u0131k bir duru\u015f sa\u011fl\u0131yor. Stil \u00d6nerisi Saten g\u00f6mle\u011fi, kuma\u015f pantolonlarla ve topuklu ayakkab\u0131larla [&hellip;]<\/p>\n","protected":false},"featured_media":95161,"comment_status":"open","ping_status":"closed","template":"","meta":[],"product_brand":[],"product_cat":[1909],"product_tag":[],"class_list":{"0":"post-95170","1":"product","2":"type-product","3":"status-publish","4":"has-post-thumbnail","6":"product_cat-bluzlar-ve-gomlekler","7":"pa_brand-koton","8":"pa_color-beyaz","9":"pa_size-4698","10":"pa_size-4701","11":"pa_size-4706","12":"pa_size-4711","13":"pa_size-4713","14":"pa_size-4751","15":"pa_size-4749","16":"pa_size-4747","18":"first","19":"outofstock","20":"shipping-taxable","21":"product-type-variable"},"_links":{"self":[{"href":"https:\/\/mod.wisdar.net\/tr\/wp-json\/wp\/v2\/product\/95170","targetHints":{"allow":["GET"]}}],"collection":[{"href":"https:\/\/mod.wisdar.net\/tr\/wp-json\/wp\/v2\/product"}],"about":[{"href":"https:\/\/mod.wisdar.net\/tr\/wp-json\/wp\/v2\/types\/product"}],"replies":[{"embeddable":true,"href":"https:\/\/mod.wisdar.net\/tr\/wp-json\/wp\/v2\/comments?post=95170"}],"wp:featuredmedia":[{"embeddable":true,"href":"https:\/\/mod.wisdar.net\/tr\/wp-json\/wp\/v2\/media\/95161"}],"wp:attachment":[{"href":"https:\/\/mod.wisdar.net\/tr\/wp-json\/wp\/v2\/media?parent=95170"}],"wp:term":[{"taxonomy":"product_brand","embeddable":true,"href":"https:\/\/mod.wisdar.net\/tr\/wp-json\/wp\/v2\/product_brand?post=95170"},{"taxonomy":"product_cat","embeddable":true,"href":"https:\/\/mod.wisdar.net\/tr\/wp-json\/wp\/v2\/product_cat?post=95170"},{"taxonomy":"product_tag","embeddable":true,"href":"https:\/\/mod.wisdar.net\/tr\/wp-json\/wp\/v2\/product_tag?post=95170"}],"curies":[{"name":"wp","href":"https:\/\/api.w.org\/{rel}","templated":true}]}}