{"id":95273,"date":"2026-02-07T20:09:16","date_gmt":"2026-02-07T20:09:16","guid":{"rendered":"https:\/\/modesthanim.com\/product\/cepli-pile-detayli-yuksek-bel-palazzo-pantolon\/"},"modified":"2026-03-18T02:21:48","modified_gmt":"2026-03-18T02:21:48","slug":"cepli-pile-detayli-yuksek-bel-palazzo-pantolon","status":"publish","type":"product","link":"https:\/\/mod.wisdar.net\/tr\/urun\/cepli-pile-detayli-yuksek-bel-palazzo-pantolon\/","title":{"rendered":"Cepli Pile Detayl\u0131 Y\u00fcksek Bel Palazzo Pantolon"},"content":{"rendered":"<p>Y\u00fcksek bel tasar\u0131m\u0131 ve palazzo sil\u00fceti ile dikkat \u00e7eken pantolon, g\u00fcnl\u00fck ve ofis kombinlerinizin vazge\u00e7ilmezi olacak. Yan cepleri sayesinde fonksiyonelli\u011fi \u00f6ne \u00e7\u0131k\u0131yor. Regular fit kesimi ve geni\u015f pa\u00e7a uzun boyu ile her v\u00fccut tipine uygun bir \u015f\u0131kl\u0131k sunuyor. Pantolon, klasik ve zamans\u0131z bir stil arayanlar i\u00e7in ideal bir tercih yarat\u0131yor.<br \/>\nStil \u00d6nerisi<br \/>\nPalazzo pantolonu, beyaz bir bluz ve klasik bir ceketle kombinleyerek ofis i\u00e7inde \u015f\u0131k ve profesyonel bir g\u00f6r\u00fcn\u00fcm elde edebilirsiniz. G\u00fcnl\u00fck giyimde ise basic bir ti\u015f\u00f6rt ve sneakerlarla sportif bir hava yaratabilirsiniz. Minimal aksesuarlar ve \u00e7apraz bir \u00e7anta ile kombininizi zenginle\u015ftirebilirsiniz.<br \/>\n\u00dcr\u00fcn \u00d6zellikleri<br \/>\nBel Tipi: Y\u00fcksek Bel<br \/>\nCep Tipi: Yan Cep<br \/>\nFit Tipi: Regular<br \/>\nPa\u00e7a Bilgisi: Geni\u015f Pa\u00e7a<br \/>\nStil: Palazzo<br \/>\nKuma\u015f: %12 Elastan, %88 Polyester<br \/>\nKullan\u0131m Alan\u0131: G\u00fcnl\u00fck Giyim, Ofis Giyim<br \/>\nKoton&#8217;un zamans\u0131z ve klasik pantolonlar\u0131 ile stilinizi bir \u00fcst seviyeye ta\u015f\u0131y\u0131n. Koton&#8217;un geni\u015f ofis giyim koleksiyonunu ke\u015ffedin!<\/p>\n","protected":false},"excerpt":{"rendered":"<p>Y\u00fcksek bel tasar\u0131m\u0131 ve palazzo sil\u00fceti ile dikkat \u00e7eken pantolon, g\u00fcnl\u00fck ve ofis kombinlerinizin vazge\u00e7ilmezi olacak. Yan cepleri sayesinde fonksiyonelli\u011fi \u00f6ne \u00e7\u0131k\u0131yor. Regular fit kesimi ve geni\u015f pa\u00e7a uzun boyu ile her v\u00fccut tipine uygun bir \u015f\u0131kl\u0131k sunuyor. Pantolon, klasik ve zamans\u0131z bir stil arayanlar i\u00e7in ideal bir tercih yarat\u0131yor. Stil \u00d6nerisi Palazzo pantolonu, beyaz [&hellip;]<\/p>\n","protected":false},"featured_media":95264,"comment_status":"open","ping_status":"closed","template":"","meta":[],"product_brand":[],"product_cat":[1882],"product_tag":[7729,6754,8443,8031],"class_list":{"0":"post-95273","1":"product","2":"type-product","3":"status-publish","4":"has-post-thumbnail","6":"product_cat-alt-giyim","7":"product_tag-bol-paca-pantolon","8":"product_tag-ofis-kiyafeti","9":"product_tag-palazzo-pantolon","10":"product_tag-yuksek-bel-pantolon","11":"pa_brand-koton","12":"pa_color-siyah","13":"pa_size-4698","14":"pa_size-4701","15":"pa_size-4706","16":"pa_size-4711","17":"pa_size-4713","19":"first","20":"outofstock","21":"shipping-taxable","22":"product-type-variable"},"_links":{"self":[{"href":"https:\/\/mod.wisdar.net\/tr\/wp-json\/wp\/v2\/product\/95273","targetHints":{"allow":["GET"]}}],"collection":[{"href":"https:\/\/mod.wisdar.net\/tr\/wp-json\/wp\/v2\/product"}],"about":[{"href":"https:\/\/mod.wisdar.net\/tr\/wp-json\/wp\/v2\/types\/product"}],"replies":[{"embeddable":true,"href":"https:\/\/mod.wisdar.net\/tr\/wp-json\/wp\/v2\/comments?post=95273"}],"wp:featuredmedia":[{"embeddable":true,"href":"https:\/\/mod.wisdar.net\/tr\/wp-json\/wp\/v2\/media\/95264"}],"wp:attachment":[{"href":"https:\/\/mod.wisdar.net\/tr\/wp-json\/wp\/v2\/media?parent=95273"}],"wp:term":[{"taxonomy":"product_brand","embeddable":true,"href":"https:\/\/mod.wisdar.net\/tr\/wp-json\/wp\/v2\/product_brand?post=95273"},{"taxonomy":"product_cat","embeddable":true,"href":"https:\/\/mod.wisdar.net\/tr\/wp-json\/wp\/v2\/product_cat?post=95273"},{"taxonomy":"product_tag","embeddable":true,"href":"https:\/\/mod.wisdar.net\/tr\/wp-json\/wp\/v2\/product_tag?post=95273"}],"curies":[{"name":"wp","href":"https:\/\/api.w.org\/{rel}","templated":true}]}}