{"id":95368,"date":"2026-02-08T08:29:45","date_gmt":"2026-02-08T08:29:45","guid":{"rendered":"https:\/\/modesthanim.com\/product\/etek-ucu-parcali-klos-kesim-kot-etek-bordo\/"},"modified":"2026-03-21T02:13:34","modified_gmt":"2026-03-21T02:13:34","slug":"etek-ucu-parcali-klos-kesim-kot-etek-bordo","status":"publish","type":"product","link":"https:\/\/mod.wisdar.net\/tr\/urun\/etek-ucu-parcali-klos-kesim-kot-etek-bordo\/","title":{"rendered":"Etek Ucu Par\u00e7al\u0131 Klo\u015f Kesim Kot Etek Bordo"},"content":{"rendered":"<p>Ceplidir. Tersten ve ayn\u0131 renk \u00fcr\u00fcnlerle birlikte y\u0131kay\u0131n\u0131z.<\/p>\n<p>\u2014 Teknik Detaylar \u2014<br \/>\n\u00dcr\u00fcn Hakk\u0131nda: Ceplidir.<br \/>\nMarka: Minik Terzi<br \/>\nSezon: \u0130LKBAHAR<br \/>\nCinsiyet: Kad\u0131n<br \/>\nMalzeme: Pamuk<br \/>\nKuma\u015f \u0130\u00e7eri\u011fi: %97 pamuk %3 elastan<br \/>\nKal\u0131p: Tam Kal\u0131p<br \/>\nA\u00e7\u0131klama: Tersten ve ayn\u0131 renk \u00fcr\u00fcnlerle birlikte y\u0131kay\u0131n\u0131z.<\/p>\n","protected":false},"excerpt":{"rendered":"<p>Ceplidir. Tersten ve ayn\u0131 renk \u00fcr\u00fcnlerle birlikte y\u0131kay\u0131n\u0131z. \u2014 Teknik Detaylar \u2014 \u00dcr\u00fcn Hakk\u0131nda: Ceplidir. Marka: Minik Terzi Sezon: \u0130LKBAHAR Cinsiyet: Kad\u0131n Malzeme: Pamuk Kuma\u015f \u0130\u00e7eri\u011fi: %97 pamuk %3 elastan Kal\u0131p: Tam Kal\u0131p A\u00e7\u0131klama: Tersten ve ayn\u0131 renk \u00fcr\u00fcnlerle birlikte y\u0131kay\u0131n\u0131z.<\/p>\n","protected":false},"featured_media":95364,"comment_status":"open","ping_status":"closed","template":"","meta":[],"product_brand":[],"product_cat":[1969],"product_tag":[],"class_list":{"0":"post-95368","1":"product","2":"type-product","3":"status-publish","4":"has-post-thumbnail","6":"product_cat-etekler","7":"pa_brand-minik-terzi","8":"pa_color-bordo","9":"pa_size-l","10":"pa_size-m","11":"pa_size-s","12":"pa_size-xs","14":"first","15":"instock","16":"shipping-taxable","17":"purchasable","18":"product-type-variable"},"_links":{"self":[{"href":"https:\/\/mod.wisdar.net\/tr\/wp-json\/wp\/v2\/product\/95368","targetHints":{"allow":["GET"]}}],"collection":[{"href":"https:\/\/mod.wisdar.net\/tr\/wp-json\/wp\/v2\/product"}],"about":[{"href":"https:\/\/mod.wisdar.net\/tr\/wp-json\/wp\/v2\/types\/product"}],"replies":[{"embeddable":true,"href":"https:\/\/mod.wisdar.net\/tr\/wp-json\/wp\/v2\/comments?post=95368"}],"wp:featuredmedia":[{"embeddable":true,"href":"https:\/\/mod.wisdar.net\/tr\/wp-json\/wp\/v2\/media\/95364"}],"wp:attachment":[{"href":"https:\/\/mod.wisdar.net\/tr\/wp-json\/wp\/v2\/media?parent=95368"}],"wp:term":[{"taxonomy":"product_brand","embeddable":true,"href":"https:\/\/mod.wisdar.net\/tr\/wp-json\/wp\/v2\/product_brand?post=95368"},{"taxonomy":"product_cat","embeddable":true,"href":"https:\/\/mod.wisdar.net\/tr\/wp-json\/wp\/v2\/product_cat?post=95368"},{"taxonomy":"product_tag","embeddable":true,"href":"https:\/\/mod.wisdar.net\/tr\/wp-json\/wp\/v2\/product_tag?post=95368"}],"curies":[{"name":"wp","href":"https:\/\/api.w.org\/{rel}","templated":true}]}}