{"id":95781,"date":"2026-02-10T15:21:03","date_gmt":"2026-02-10T15:21:03","guid":{"rendered":"https:\/\/modesthanim.com\/product\/regular-fit-denim-pantolon-buz-mavisi\/"},"modified":"2026-02-25T20:02:05","modified_gmt":"2026-02-25T20:02:05","slug":"regular-fit-denim-pantolon-buz-mavisi","status":"publish","type":"product","link":"https:\/\/mod.wisdar.net\/tr\/urun\/regular-fit-denim-pantolon-buz-mavisi\/","title":{"rendered":"Regular Fit Denim Pantolon \u2013 Buz Mavisi"},"content":{"rendered":"<p>Bu klasik regular fit denim pantolon, g\u00fcnl\u00fck kullan\u0131m i\u00e7in m\u00fckemmel bir konfor ve \u015f\u0131kl\u0131k sunar. Buz mavisi rengiyle her mevsime uygun, zamans\u0131z bir tarz yarat\u0131n. Kaliteli kuma\u015f\u0131 ve \u00f6zenli dikimiyle uzun \u00f6m\u00fcrl\u00fc kullan\u0131m garantisi.<\/p>\n","protected":false},"excerpt":{"rendered":"<p>Bu klasik regular fit denim pantolon, g\u00fcnl\u00fck kullan\u0131m i\u00e7in m\u00fckemmel bir konfor ve \u015f\u0131kl\u0131k sunar. Buz mavisi rengiyle her mevsime uygun, zamans\u0131z bir tarz yarat\u0131n. Kaliteli kuma\u015f\u0131 ve \u00f6zenli dikimiyle uzun \u00f6m\u00fcrl\u00fc kullan\u0131m garantisi.<\/p>\n","protected":false},"featured_media":95767,"comment_status":"open","ping_status":"closed","template":"","meta":[],"product_brand":[],"product_cat":[1882],"product_tag":[],"class_list":{"0":"post-95781","1":"product","2":"type-product","3":"status-publish","4":"has-post-thumbnail","6":"product_cat-alt-giyim","7":"pa_brand-ahel","8":"pa_color-buz-mavisi","9":"pa_size-4698","10":"pa_size-4701","11":"pa_size-4706","12":"pa_size-4711","13":"pa_size-4713","15":"first","16":"instock","17":"shipping-taxable","18":"purchasable","19":"product-type-variable"},"_links":{"self":[{"href":"https:\/\/mod.wisdar.net\/tr\/wp-json\/wp\/v2\/product\/95781","targetHints":{"allow":["GET"]}}],"collection":[{"href":"https:\/\/mod.wisdar.net\/tr\/wp-json\/wp\/v2\/product"}],"about":[{"href":"https:\/\/mod.wisdar.net\/tr\/wp-json\/wp\/v2\/types\/product"}],"replies":[{"embeddable":true,"href":"https:\/\/mod.wisdar.net\/tr\/wp-json\/wp\/v2\/comments?post=95781"}],"wp:featuredmedia":[{"embeddable":true,"href":"https:\/\/mod.wisdar.net\/tr\/wp-json\/wp\/v2\/media\/95767"}],"wp:attachment":[{"href":"https:\/\/mod.wisdar.net\/tr\/wp-json\/wp\/v2\/media?parent=95781"}],"wp:term":[{"taxonomy":"product_brand","embeddable":true,"href":"https:\/\/mod.wisdar.net\/tr\/wp-json\/wp\/v2\/product_brand?post=95781"},{"taxonomy":"product_cat","embeddable":true,"href":"https:\/\/mod.wisdar.net\/tr\/wp-json\/wp\/v2\/product_cat?post=95781"},{"taxonomy":"product_tag","embeddable":true,"href":"https:\/\/mod.wisdar.net\/tr\/wp-json\/wp\/v2\/product_tag?post=95781"}],"curies":[{"name":"wp","href":"https:\/\/api.w.org\/{rel}","templated":true}]}}