{"id":9600,"date":"2025-11-01T20:36:28","date_gmt":"2025-11-01T20:36:28","guid":{"rendered":"https:\/\/modesthanim.com\/product\/yuksek-bel-bagcikli-genis-form-klos-etek-ekru\/"},"modified":"2026-04-15T20:42:15","modified_gmt":"2026-04-15T20:42:15","slug":"yuksek-bel-bagcikli-genis-form-klos-etek-ekru","status":"publish","type":"product","link":"https:\/\/mod.wisdar.net\/tr\/urun\/yuksek-bel-bagcikli-genis-form-klos-etek-ekru\/","title":{"rendered":"Y\u00fcksek Bel Ba\u011fc\u0131kl\u0131 Geni\u015f Form Klo\u015f Etek Ekru"},"content":{"rendered":"<p>Y\u00fcksek Bel Ba\u011fc\u0131kl\u0131 Geni\u015f Form Klo\u015f Etek Ekru, \u00e7ift tarafl\u0131 interlok kuma\u015ftan \u00fcretilmi\u015f, rahat ve \u015f\u0131k bir par\u00e7ad\u0131r. Tam tur lastikli y\u00fcksek beli ve ayarlanabilir ba\u011fc\u0131k detay\u0131 konforlu kullan\u0131m sa\u011flar. Geni\u015f form ve klo\u015f kesimi hareket \u00f6zg\u00fcrl\u00fc\u011f\u00fcn\u00fc art\u0131r\u0131rken, \u015f\u0131k duru\u015fuyla g\u00fcnl\u00fck ve \u00f6zel kombinlerinizi tamamlar. Gard\u0131robunuzda hem rahat hem zarif bir se\u00e7enek olarak yer alacak.<\/p>\n<p>\u2014 Technical Details \u2014<br \/>\n\u00dcr\u00fcn Tipi: Geni\u015f form klo\u015f etek<br \/>\nKuma\u015f: Double face interlok kuma\u015f<br \/>\nBel: Y\u00fcksek bel, tam tur lastikli<br \/>\nKapama: Ayarlanabilir bel ba\u011fc\u0131k detayl\u0131<\/p>\n","protected":false},"excerpt":{"rendered":"<p>Y\u00fcksek Bel Ba\u011fc\u0131kl\u0131 Geni\u015f Form Klo\u015f Etek Ekru, \u00e7ift tarafl\u0131 interlok kuma\u015ftan \u00fcretilmi\u015f, rahat ve \u015f\u0131k bir par\u00e7ad\u0131r. Tam tur lastikli y\u00fcksek beli ve ayarlanabilir ba\u011fc\u0131k detay\u0131 konforlu kullan\u0131m sa\u011flar. Geni\u015f form ve klo\u015f kesimi hareket \u00f6zg\u00fcrl\u00fc\u011f\u00fcn\u00fc art\u0131r\u0131rken, \u015f\u0131k duru\u015fuyla g\u00fcnl\u00fck ve \u00f6zel kombinlerinizi tamamlar. Gard\u0131robunuzda hem rahat hem zarif bir se\u00e7enek olarak yer alacak. [&hellip;]<\/p>\n","protected":false},"featured_media":9590,"comment_status":"open","ping_status":"closed","template":"","meta":[],"product_brand":[],"product_cat":[1881,5561],"product_tag":[],"class_list":{"0":"post-9600","1":"product","2":"type-product","3":"status-publish","4":"has-post-thumbnail","6":"product_cat-bottoms","7":"product_cat-skirts","8":"pa_brand-kadriye-basturk","9":"pa_color-ekru","10":"pa_size-3857","11":"pa_size-3856","13":"first","14":"instock","15":"sale","16":"shipping-taxable","17":"purchasable","18":"product-type-variable"},"_links":{"self":[{"href":"https:\/\/mod.wisdar.net\/tr\/wp-json\/wp\/v2\/product\/9600","targetHints":{"allow":["GET"]}}],"collection":[{"href":"https:\/\/mod.wisdar.net\/tr\/wp-json\/wp\/v2\/product"}],"about":[{"href":"https:\/\/mod.wisdar.net\/tr\/wp-json\/wp\/v2\/types\/product"}],"replies":[{"embeddable":true,"href":"https:\/\/mod.wisdar.net\/tr\/wp-json\/wp\/v2\/comments?post=9600"}],"wp:featuredmedia":[{"embeddable":true,"href":"https:\/\/mod.wisdar.net\/tr\/wp-json\/wp\/v2\/media\/9590"}],"wp:attachment":[{"href":"https:\/\/mod.wisdar.net\/tr\/wp-json\/wp\/v2\/media?parent=9600"}],"wp:term":[{"taxonomy":"product_brand","embeddable":true,"href":"https:\/\/mod.wisdar.net\/tr\/wp-json\/wp\/v2\/product_brand?post=9600"},{"taxonomy":"product_cat","embeddable":true,"href":"https:\/\/mod.wisdar.net\/tr\/wp-json\/wp\/v2\/product_cat?post=9600"},{"taxonomy":"product_tag","embeddable":true,"href":"https:\/\/mod.wisdar.net\/tr\/wp-json\/wp\/v2\/product_tag?post=9600"}],"curies":[{"name":"wp","href":"https:\/\/api.w.org\/{rel}","templated":true}]}}