{"id":96082,"date":"2026-02-10T15:26:31","date_gmt":"2026-02-10T15:26:31","guid":{"rendered":"https:\/\/modesthanim.com\/product\/tasli-kot-panco-kahve\/"},"modified":"2026-04-09T07:38:10","modified_gmt":"2026-04-09T07:38:10","slug":"tasli-kot-panco-kahve","status":"publish","type":"product","link":"https:\/\/mod.wisdar.net\/tr\/urun\/tasli-kot-panco-kahve\/","title":{"rendered":"Ta\u015fl\u0131 Kot Pan\u00e7o \u2013 Kahve"},"content":{"rendered":"<p>Modern denim dokusu ve g\u00f6z al\u0131c\u0131 detaylar\u0131yla \u00f6ne \u00e7\u0131kan bu pan\u00e7o, stiline iddial\u0131 bir dokunu\u015f kat\u0131yor. Ta\u015f s\u00fcsleme detaylar\u0131 \u00fcr\u00fcne \u0131\u015f\u0131lt\u0131l\u0131 bir g\u00f6r\u00fcn\u00fcm kazand\u0131r\u0131rken, kaplama kemeri bel hatt\u0131n\u0131 vurgulayarak \u015f\u0131k bir siluet olu\u015fturur. Yaka k\u0131sm\u0131nda yer alan kaplama d\u00fc\u011fme detay\u0131 tasar\u0131m\u0131 tamamlay\u0131c\u0131 bir unsur olarak \u00f6ne \u00e7\u0131kar. Hem g\u00fcnl\u00fck kombinlerde hem de \u00f6zel stil denemelerinde rahatl\u0131kla tercih edilebilir.<\/p>\n<p>\u00dcr\u00fcn \u00d6zellikleri:<\/p>\n<p>Boy: 79 cm<br \/>\nKuma\u015f: Denim<br \/>\nKuma\u015f \u0130\u00e7eri\u011fi: %80 Pamuk<br \/>\nDetaylar: Ta\u015f s\u00fcsleme<br \/>\nKemer: Kaplama kemer mevcuttur<br \/>\nYaka: Kaplama d\u00fc\u011fme detayl\u0131<br \/>\nKal\u0131p: Rahat<br \/>\nKullan\u0131m Alan\u0131: G\u00fcnl\u00fck \/ \u015e\u0131k kombinler<\/p>\n<p>Bak\u0131m Talimat\u0131:<\/p>\n<p>30\u00b0C\u2019de hassas y\u0131kama<br \/>\nYaln\u0131zca kurutemizleme yap\u0131n\u0131z.<br \/>\nA\u011fart\u0131c\u0131 kullanmay\u0131n\u0131z<\/p>\n","protected":false},"excerpt":{"rendered":"<p>Modern denim dokusu ve g\u00f6z al\u0131c\u0131 detaylar\u0131yla \u00f6ne \u00e7\u0131kan bu pan\u00e7o, stiline iddial\u0131 bir dokunu\u015f kat\u0131yor. Ta\u015f s\u00fcsleme detaylar\u0131 \u00fcr\u00fcne \u0131\u015f\u0131lt\u0131l\u0131 bir g\u00f6r\u00fcn\u00fcm kazand\u0131r\u0131rken, kaplama kemeri bel hatt\u0131n\u0131 vurgulayarak \u015f\u0131k bir siluet olu\u015fturur. Yaka k\u0131sm\u0131nda yer alan kaplama d\u00fc\u011fme detay\u0131 tasar\u0131m\u0131 tamamlay\u0131c\u0131 bir unsur olarak \u00f6ne \u00e7\u0131kar. Hem g\u00fcnl\u00fck kombinlerde hem de \u00f6zel stil denemelerinde [&hellip;]<\/p>\n","protected":false},"featured_media":96071,"comment_status":"open","ping_status":"closed","template":"","meta":[],"product_brand":[],"product_cat":[2044],"product_tag":[7419,7547,6840,8107],"class_list":{"0":"post-96082","1":"product","2":"type-product","3":"status-publish","4":"has-post-thumbnail","6":"product_cat-ceketler","7":"product_tag-gunluk","8":"product_tag-kadin-giyim","9":"product_tag-kahve-rengi","10":"product_tag-sik","11":"pa_brand-ahel","12":"pa_color-kahve","13":"pa_size-4446","14":"pa_size-4463","16":"first","17":"instock","18":"sale","19":"shipping-taxable","20":"purchasable","21":"product-type-variable"},"_links":{"self":[{"href":"https:\/\/mod.wisdar.net\/tr\/wp-json\/wp\/v2\/product\/96082","targetHints":{"allow":["GET"]}}],"collection":[{"href":"https:\/\/mod.wisdar.net\/tr\/wp-json\/wp\/v2\/product"}],"about":[{"href":"https:\/\/mod.wisdar.net\/tr\/wp-json\/wp\/v2\/types\/product"}],"replies":[{"embeddable":true,"href":"https:\/\/mod.wisdar.net\/tr\/wp-json\/wp\/v2\/comments?post=96082"}],"wp:featuredmedia":[{"embeddable":true,"href":"https:\/\/mod.wisdar.net\/tr\/wp-json\/wp\/v2\/media\/96071"}],"wp:attachment":[{"href":"https:\/\/mod.wisdar.net\/tr\/wp-json\/wp\/v2\/media?parent=96082"}],"wp:term":[{"taxonomy":"product_brand","embeddable":true,"href":"https:\/\/mod.wisdar.net\/tr\/wp-json\/wp\/v2\/product_brand?post=96082"},{"taxonomy":"product_cat","embeddable":true,"href":"https:\/\/mod.wisdar.net\/tr\/wp-json\/wp\/v2\/product_cat?post=96082"},{"taxonomy":"product_tag","embeddable":true,"href":"https:\/\/mod.wisdar.net\/tr\/wp-json\/wp\/v2\/product_tag?post=96082"}],"curies":[{"name":"wp","href":"https:\/\/api.w.org\/{rel}","templated":true}]}}