{"id":96115,"date":"2026-02-10T15:26:47","date_gmt":"2026-02-10T15:26:47","guid":{"rendered":"https:\/\/modesthanim.com\/product\/regular-fit-denim-pantolon-kahverengi\/"},"modified":"2026-04-01T06:44:35","modified_gmt":"2026-04-01T06:44:35","slug":"regular-fit-denim-pantolon-kahverengi","status":"publish","type":"product","link":"https:\/\/mod.wisdar.net\/tr\/urun\/regular-fit-denim-pantolon-kahverengi\/","title":{"rendered":"Regular Fit Denim Pantolon \u2013 Kahverengi"},"content":{"rendered":"<p>Klasik kesimiyle g\u00fcnl\u00fck kullan\u0131ma uygun, rahat ve \u015f\u0131k bir denim pantolon. Kaliteli kuma\u015f\u0131 ve dayan\u0131kl\u0131 dikimiyle uzun s\u00fcreli kullan\u0131m sunar.<\/p>\n","protected":false},"excerpt":{"rendered":"<p>Klasik kesimiyle g\u00fcnl\u00fck kullan\u0131ma uygun, rahat ve \u015f\u0131k bir denim pantolon. Kaliteli kuma\u015f\u0131 ve dayan\u0131kl\u0131 dikimiyle uzun s\u00fcreli kullan\u0131m sunar.<\/p>\n","protected":false},"featured_media":96104,"comment_status":"open","ping_status":"closed","template":"","meta":[],"product_brand":[],"product_cat":[1882],"product_tag":[],"class_list":{"0":"post-96115","1":"product","2":"type-product","3":"status-publish","4":"has-post-thumbnail","6":"product_cat-alt-giyim","7":"pa_brand-ahel","8":"pa_color-kahverengi","9":"pa_size-4698","10":"pa_size-4701","11":"pa_size-4706","12":"pa_size-4711","13":"pa_size-4713","15":"first","16":"instock","17":"shipping-taxable","18":"purchasable","19":"product-type-variable"},"_links":{"self":[{"href":"https:\/\/mod.wisdar.net\/tr\/wp-json\/wp\/v2\/product\/96115","targetHints":{"allow":["GET"]}}],"collection":[{"href":"https:\/\/mod.wisdar.net\/tr\/wp-json\/wp\/v2\/product"}],"about":[{"href":"https:\/\/mod.wisdar.net\/tr\/wp-json\/wp\/v2\/types\/product"}],"replies":[{"embeddable":true,"href":"https:\/\/mod.wisdar.net\/tr\/wp-json\/wp\/v2\/comments?post=96115"}],"wp:featuredmedia":[{"embeddable":true,"href":"https:\/\/mod.wisdar.net\/tr\/wp-json\/wp\/v2\/media\/96104"}],"wp:attachment":[{"href":"https:\/\/mod.wisdar.net\/tr\/wp-json\/wp\/v2\/media?parent=96115"}],"wp:term":[{"taxonomy":"product_brand","embeddable":true,"href":"https:\/\/mod.wisdar.net\/tr\/wp-json\/wp\/v2\/product_brand?post=96115"},{"taxonomy":"product_cat","embeddable":true,"href":"https:\/\/mod.wisdar.net\/tr\/wp-json\/wp\/v2\/product_cat?post=96115"},{"taxonomy":"product_tag","embeddable":true,"href":"https:\/\/mod.wisdar.net\/tr\/wp-json\/wp\/v2\/product_tag?post=96115"}],"curies":[{"name":"wp","href":"https:\/\/api.w.org\/{rel}","templated":true}]}}