{"id":96150,"date":"2026-02-10T15:27:18","date_gmt":"2026-02-10T15:27:18","guid":{"rendered":"https:\/\/modesthanim.com\/product\/regular-fit-denim-pantolon-lacivert\/"},"modified":"2026-04-15T21:23:14","modified_gmt":"2026-04-15T21:23:14","slug":"regular-fit-denim-pantolon-lacivert","status":"publish","type":"product","link":"https:\/\/mod.wisdar.net\/tr\/urun\/regular-fit-denim-pantolon-lacivert\/","title":{"rendered":"Regular Fit Denim Pantolon \u2013 Lacivert"},"content":{"rendered":"<p>Klasik kesimi ve rahat oturumuyla g\u00fcnl\u00fck kullan\u0131m i\u00e7in ideal olan bu lacivert denim pantolon, \u015f\u0131kl\u0131\u011f\u0131 ve konforu bir araya getiriyor. %100 pamuklu kuma\u015f\u0131 sayesinde nefes alabilen yap\u0131s\u0131yla t\u00fcm g\u00fcn rahatl\u0131k sunarken, dayan\u0131kl\u0131 dokumas\u0131 uzun \u00f6m\u00fcrl\u00fc kullan\u0131m garantisi veriyor. G\u00fcnl\u00fck kombinlerinizin vazge\u00e7ilmezi olacak bu \u00fcr\u00fcn, hem i\u015f hem de sosyal ortamlarda \u015f\u0131k bir tercih olacakt\u0131r.<\/p>\n","protected":false},"excerpt":{"rendered":"<p>Klasik kesimi ve rahat oturumuyla g\u00fcnl\u00fck kullan\u0131m i\u00e7in ideal olan bu lacivert denim pantolon, \u015f\u0131kl\u0131\u011f\u0131 ve konforu bir araya getiriyor. %100 pamuklu kuma\u015f\u0131 sayesinde nefes alabilen yap\u0131s\u0131yla t\u00fcm g\u00fcn rahatl\u0131k sunarken, dayan\u0131kl\u0131 dokumas\u0131 uzun \u00f6m\u00fcrl\u00fc kullan\u0131m garantisi veriyor. G\u00fcnl\u00fck kombinlerinizin vazge\u00e7ilmezi olacak bu \u00fcr\u00fcn, hem i\u015f hem de sosyal ortamlarda \u015f\u0131k bir tercih olacakt\u0131r.<\/p>\n","protected":false},"featured_media":96144,"comment_status":"open","ping_status":"closed","template":"","meta":[],"product_brand":[],"product_cat":[1882],"product_tag":[],"class_list":{"0":"post-96150","1":"product","2":"type-product","3":"status-publish","4":"has-post-thumbnail","6":"product_cat-alt-giyim","7":"pa_brand-ahel","8":"pa_color-lacivert","9":"pa_size-4698","10":"pa_size-4701","11":"pa_size-4706","12":"pa_size-4711","13":"pa_size-4713","15":"first","16":"outofstock","17":"shipping-taxable","18":"product-type-variable"},"_links":{"self":[{"href":"https:\/\/mod.wisdar.net\/tr\/wp-json\/wp\/v2\/product\/96150","targetHints":{"allow":["GET"]}}],"collection":[{"href":"https:\/\/mod.wisdar.net\/tr\/wp-json\/wp\/v2\/product"}],"about":[{"href":"https:\/\/mod.wisdar.net\/tr\/wp-json\/wp\/v2\/types\/product"}],"replies":[{"embeddable":true,"href":"https:\/\/mod.wisdar.net\/tr\/wp-json\/wp\/v2\/comments?post=96150"}],"wp:featuredmedia":[{"embeddable":true,"href":"https:\/\/mod.wisdar.net\/tr\/wp-json\/wp\/v2\/media\/96144"}],"wp:attachment":[{"href":"https:\/\/mod.wisdar.net\/tr\/wp-json\/wp\/v2\/media?parent=96150"}],"wp:term":[{"taxonomy":"product_brand","embeddable":true,"href":"https:\/\/mod.wisdar.net\/tr\/wp-json\/wp\/v2\/product_brand?post=96150"},{"taxonomy":"product_cat","embeddable":true,"href":"https:\/\/mod.wisdar.net\/tr\/wp-json\/wp\/v2\/product_cat?post=96150"},{"taxonomy":"product_tag","embeddable":true,"href":"https:\/\/mod.wisdar.net\/tr\/wp-json\/wp\/v2\/product_tag?post=96150"}],"curies":[{"name":"wp","href":"https:\/\/api.w.org\/{rel}","templated":true}]}}