{"id":96185,"date":"2026-02-10T15:30:28","date_gmt":"2026-02-10T15:30:28","guid":{"rendered":"https:\/\/modesthanim.com\/product\/yaka-detayli-kemerli-kisa-trenckot-bej\/"},"modified":"2026-03-06T21:09:26","modified_gmt":"2026-03-06T21:09:26","slug":"yaka-detayli-kemerli-kisa-trenckot-bej","status":"publish","type":"product","link":"https:\/\/mod.wisdar.net\/tr\/urun\/yaka-detayli-kemerli-kisa-trenckot-bej\/","title":{"rendered":"Yaka Detayl\u0131 Kemerli K\u0131sa Tren\u00e7kot \u2013 Bej"},"content":{"rendered":"<p>\u015e\u0131k ve modern tasar\u0131m\u0131yla dikkat \u00e7eken bu k\u0131sa tren\u00e7kot, yaka detaylar\u0131 ve kemerli yap\u0131s\u0131yla tarz\u0131n\u0131z\u0131 tamamlayacak. G\u00fcnl\u00fck kullan\u0131ma uygun bej rengi, her mevsime uyum sa\u011flar. Kaliteli kuma\u015f\u0131 ve \u00f6zenli i\u015f\u00e7ili\u011fiyle uzun s\u00fcre kullanabilece\u011finiz bir gard\u0131rop par\u00e7as\u0131.<\/p>\n","protected":false},"excerpt":{"rendered":"<p>\u015e\u0131k ve modern tasar\u0131m\u0131yla dikkat \u00e7eken bu k\u0131sa tren\u00e7kot, yaka detaylar\u0131 ve kemerli yap\u0131s\u0131yla tarz\u0131n\u0131z\u0131 tamamlayacak. G\u00fcnl\u00fck kullan\u0131ma uygun bej rengi, her mevsime uyum sa\u011flar. Kaliteli kuma\u015f\u0131 ve \u00f6zenli i\u015f\u00e7ili\u011fiyle uzun s\u00fcre kullanabilece\u011finiz bir gard\u0131rop par\u00e7as\u0131.<\/p>\n","protected":false},"featured_media":96179,"comment_status":"open","ping_status":"closed","template":"","meta":[],"product_brand":[],"product_cat":[2047],"product_tag":[],"class_list":{"0":"post-96185","1":"product","2":"type-product","3":"status-publish","4":"has-post-thumbnail","6":"product_cat-paltolar","7":"pa_brand-ahel","8":"pa_color-bej","9":"pa_size-4446","10":"pa_size-4463","12":"first","13":"outofstock","14":"shipping-taxable","15":"product-type-variable"},"_links":{"self":[{"href":"https:\/\/mod.wisdar.net\/tr\/wp-json\/wp\/v2\/product\/96185","targetHints":{"allow":["GET"]}}],"collection":[{"href":"https:\/\/mod.wisdar.net\/tr\/wp-json\/wp\/v2\/product"}],"about":[{"href":"https:\/\/mod.wisdar.net\/tr\/wp-json\/wp\/v2\/types\/product"}],"replies":[{"embeddable":true,"href":"https:\/\/mod.wisdar.net\/tr\/wp-json\/wp\/v2\/comments?post=96185"}],"wp:featuredmedia":[{"embeddable":true,"href":"https:\/\/mod.wisdar.net\/tr\/wp-json\/wp\/v2\/media\/96179"}],"wp:attachment":[{"href":"https:\/\/mod.wisdar.net\/tr\/wp-json\/wp\/v2\/media?parent=96185"}],"wp:term":[{"taxonomy":"product_brand","embeddable":true,"href":"https:\/\/mod.wisdar.net\/tr\/wp-json\/wp\/v2\/product_brand?post=96185"},{"taxonomy":"product_cat","embeddable":true,"href":"https:\/\/mod.wisdar.net\/tr\/wp-json\/wp\/v2\/product_cat?post=96185"},{"taxonomy":"product_tag","embeddable":true,"href":"https:\/\/mod.wisdar.net\/tr\/wp-json\/wp\/v2\/product_tag?post=96185"}],"curies":[{"name":"wp","href":"https:\/\/api.w.org\/{rel}","templated":true}]}}