{"id":9629,"date":"2025-11-07T20:16:06","date_gmt":"2025-11-01T20:36:44","guid":{"rendered":"https:\/\/modesthanim.com\/product\/yuksek-bel-pile-detayli-balon-etek-ekru\/"},"modified":"2026-04-03T12:21:43","modified_gmt":"2026-04-03T12:21:43","slug":"yuksek-bel-pile-detayli-balon-etek-ekru","status":"publish","type":"product","link":"https:\/\/mod.wisdar.net\/tr\/urun\/yuksek-bel-pile-detayli-balon-etek-ekru\/","title":{"rendered":"Y\u00fcksek Bel Pile Detayl\u0131 Balon Etek Ekru"},"content":{"rendered":"<p>Y\u00fcksek Bel Pile Detayl\u0131 Balon Etek Ekru, poplin kuma\u015ftan \u00fcretilmi\u015f, \u015f\u0131kl\u0131k ve rahatl\u0131\u011f\u0131 bir arada sunan bir par\u00e7ad\u0131r. Y\u00fcksek bel kesimi zarif bir siluet yarat\u0131rken, \u00f6nden pile detaylar\u0131 ete\u011fe hareket ve hacim katar. Fermuarl\u0131 kapamas\u0131 kolay kullan\u0131m sa\u011flar. Astarl\u0131 yap\u0131s\u0131 konforu art\u0131r\u0131r. Hem g\u00fcnl\u00fck hem \u00f6zel kombinlerinizde rahatl\u0131kla tercih edebilece\u011finiz \u015f\u0131k bir se\u00e7enektir.<\/p>\n<p>\u2014 Technical Details \u2014<br \/>\n\u00dcr\u00fcn Tipi: Balon form etek<br \/>\nKuma\u015f: Poplin kuma\u015f<br \/>\nBel: Y\u00fcksek bel<br \/>\nKapama: Fermuar kapama<br \/>\nDetay: \u00d6nden pile detayl\u0131<br \/>\nAstar: Var<\/p>\n","protected":false},"excerpt":{"rendered":"<p>Y\u00fcksek Bel Pile Detayl\u0131 Balon Etek Ekru, poplin kuma\u015ftan \u00fcretilmi\u015f, \u015f\u0131kl\u0131k ve rahatl\u0131\u011f\u0131 bir arada sunan bir par\u00e7ad\u0131r. Y\u00fcksek bel kesimi zarif bir siluet yarat\u0131rken, \u00f6nden pile detaylar\u0131 ete\u011fe hareket ve hacim katar. Fermuarl\u0131 kapamas\u0131 kolay kullan\u0131m sa\u011flar. Astarl\u0131 yap\u0131s\u0131 konforu art\u0131r\u0131r. Hem g\u00fcnl\u00fck hem \u00f6zel kombinlerinizde rahatl\u0131kla tercih edebilece\u011finiz \u015f\u0131k bir se\u00e7enektir. \u2014 Technical [&hellip;]<\/p>\n","protected":false},"featured_media":31595,"comment_status":"open","ping_status":"closed","template":"","meta":[],"product_brand":[],"product_cat":[1969],"product_tag":[],"class_list":{"0":"post-9629","1":"product","2":"type-product","3":"status-publish","4":"has-post-thumbnail","6":"product_cat-etekler","7":"pa_brand-kadriye-basturk","8":"pa_color-ekru","9":"pa_size-4701","10":"pa_size-4706","11":"pa_size-4711","12":"pa_size-4713","14":"first","15":"outofstock","16":"shipping-taxable","17":"product-type-variable"},"_links":{"self":[{"href":"https:\/\/mod.wisdar.net\/tr\/wp-json\/wp\/v2\/product\/9629","targetHints":{"allow":["GET"]}}],"collection":[{"href":"https:\/\/mod.wisdar.net\/tr\/wp-json\/wp\/v2\/product"}],"about":[{"href":"https:\/\/mod.wisdar.net\/tr\/wp-json\/wp\/v2\/types\/product"}],"replies":[{"embeddable":true,"href":"https:\/\/mod.wisdar.net\/tr\/wp-json\/wp\/v2\/comments?post=9629"}],"wp:featuredmedia":[{"embeddable":true,"href":"https:\/\/mod.wisdar.net\/tr\/wp-json\/wp\/v2\/media\/31595"}],"wp:attachment":[{"href":"https:\/\/mod.wisdar.net\/tr\/wp-json\/wp\/v2\/media?parent=9629"}],"wp:term":[{"taxonomy":"product_brand","embeddable":true,"href":"https:\/\/mod.wisdar.net\/tr\/wp-json\/wp\/v2\/product_brand?post=9629"},{"taxonomy":"product_cat","embeddable":true,"href":"https:\/\/mod.wisdar.net\/tr\/wp-json\/wp\/v2\/product_cat?post=9629"},{"taxonomy":"product_tag","embeddable":true,"href":"https:\/\/mod.wisdar.net\/tr\/wp-json\/wp\/v2\/product_tag?post=9629"}],"curies":[{"name":"wp","href":"https:\/\/api.w.org\/{rel}","templated":true}]}}