{"id":96438,"date":"2026-02-10T15:36:51","date_gmt":"2026-02-10T15:36:51","guid":{"rendered":"https:\/\/modesthanim.com\/product\/dik-pili-saten-elbise-bordo\/"},"modified":"2026-04-09T07:47:57","modified_gmt":"2026-04-09T07:47:57","slug":"dik-pili-saten-elbise-bordo","status":"publish","type":"product","link":"https:\/\/mod.wisdar.net\/tr\/urun\/dik-pili-saten-elbise-bordo\/","title":{"rendered":"Dik Pili Saten Elbise \u2013 Bordo"},"content":{"rendered":"<p>\u015e\u0131k ve zarif tasar\u0131m\u0131yla dikkat \u00e7eken bu dik pili saten elbise, \u00f6zel g\u00fcnleriniz i\u00e7in m\u00fckemmel bir tercihtir. Kaliteli saten kuma\u015f\u0131 ve dik pili detaylar\u0131yla hem rahat hem de \u015f\u0131kl\u0131\u011f\u0131 \u00f6n planda tutar. Bordo rengiyle her mevsime uyum sa\u011flayan bu elbise, gard\u0131robunuzun vazge\u00e7ilmez par\u00e7alar\u0131ndan biri olacak.<\/p>\n","protected":false},"excerpt":{"rendered":"<p>\u015e\u0131k ve zarif tasar\u0131m\u0131yla dikkat \u00e7eken bu dik pili saten elbise, \u00f6zel g\u00fcnleriniz i\u00e7in m\u00fckemmel bir tercihtir. Kaliteli saten kuma\u015f\u0131 ve dik pili detaylar\u0131yla hem rahat hem de \u015f\u0131kl\u0131\u011f\u0131 \u00f6n planda tutar. Bordo rengiyle her mevsime uyum sa\u011flayan bu elbise, gard\u0131robunuzun vazge\u00e7ilmez par\u00e7alar\u0131ndan biri olacak.<\/p>\n","protected":false},"featured_media":96433,"comment_status":"open","ping_status":"closed","template":"","meta":[],"product_brand":[],"product_cat":[6249,1933],"product_tag":[],"class_list":{"0":"post-96438","1":"product","2":"type-product","3":"status-publish","4":"has-post-thumbnail","6":"product_cat-elbiseler","7":"product_cat-gunluk-ve-gunduz-elbiseleri","8":"pa_brand-ahel","9":"pa_color-bordo","10":"pa_size-4446","11":"pa_size-4463","13":"first","14":"instock","15":"sale","16":"shipping-taxable","17":"purchasable","18":"product-type-variable"},"_links":{"self":[{"href":"https:\/\/mod.wisdar.net\/tr\/wp-json\/wp\/v2\/product\/96438","targetHints":{"allow":["GET"]}}],"collection":[{"href":"https:\/\/mod.wisdar.net\/tr\/wp-json\/wp\/v2\/product"}],"about":[{"href":"https:\/\/mod.wisdar.net\/tr\/wp-json\/wp\/v2\/types\/product"}],"replies":[{"embeddable":true,"href":"https:\/\/mod.wisdar.net\/tr\/wp-json\/wp\/v2\/comments?post=96438"}],"wp:featuredmedia":[{"embeddable":true,"href":"https:\/\/mod.wisdar.net\/tr\/wp-json\/wp\/v2\/media\/96433"}],"wp:attachment":[{"href":"https:\/\/mod.wisdar.net\/tr\/wp-json\/wp\/v2\/media?parent=96438"}],"wp:term":[{"taxonomy":"product_brand","embeddable":true,"href":"https:\/\/mod.wisdar.net\/tr\/wp-json\/wp\/v2\/product_brand?post=96438"},{"taxonomy":"product_cat","embeddable":true,"href":"https:\/\/mod.wisdar.net\/tr\/wp-json\/wp\/v2\/product_cat?post=96438"},{"taxonomy":"product_tag","embeddable":true,"href":"https:\/\/mod.wisdar.net\/tr\/wp-json\/wp\/v2\/product_tag?post=96438"}],"curies":[{"name":"wp","href":"https:\/\/api.w.org\/{rel}","templated":true}]}}