{"id":96827,"date":"2026-02-10T19:29:53","date_gmt":"2026-02-10T19:29:53","guid":{"rendered":"https:\/\/modesthanim.com\/product\/puantiyeli-etek-firfirli-elbise-bej\/"},"modified":"2026-04-11T04:11:28","modified_gmt":"2026-04-11T04:11:28","slug":"puantiyeli-etek-firfirli-elbise-bej","status":"publish","type":"product","link":"https:\/\/mod.wisdar.net\/tr\/urun\/puantiyeli-etek-firfirli-elbise-bej\/","title":{"rendered":"Puantiyeli Etek F\u0131rf\u0131rl\u0131 Elbise \u2013 Bej"},"content":{"rendered":"","protected":false},"excerpt":{"rendered":"","protected":false},"featured_media":96820,"comment_status":"open","ping_status":"closed","template":"","meta":[],"product_brand":[],"product_cat":[6249,1933],"product_tag":[6905,6744,6745],"class_list":{"0":"post-96827","1":"product","2":"type-product","3":"status-publish","4":"has-post-thumbnail","6":"product_cat-elbiseler","7":"product_cat-gunluk-ve-gunduz-elbiseleri","8":"product_tag-gunluk-sik","9":"product_tag-kadin-modasi","10":"product_tag-zarif-elbise","11":"pa_brand-ahel","12":"pa_color-bej","13":"pa_size-4446","14":"pa_size-4463","16":"first","17":"instock","18":"sale","19":"shipping-taxable","20":"purchasable","21":"product-type-variable"},"_links":{"self":[{"href":"https:\/\/mod.wisdar.net\/tr\/wp-json\/wp\/v2\/product\/96827","targetHints":{"allow":["GET"]}}],"collection":[{"href":"https:\/\/mod.wisdar.net\/tr\/wp-json\/wp\/v2\/product"}],"about":[{"href":"https:\/\/mod.wisdar.net\/tr\/wp-json\/wp\/v2\/types\/product"}],"replies":[{"embeddable":true,"href":"https:\/\/mod.wisdar.net\/tr\/wp-json\/wp\/v2\/comments?post=96827"}],"wp:featuredmedia":[{"embeddable":true,"href":"https:\/\/mod.wisdar.net\/tr\/wp-json\/wp\/v2\/media\/96820"}],"wp:attachment":[{"href":"https:\/\/mod.wisdar.net\/tr\/wp-json\/wp\/v2\/media?parent=96827"}],"wp:term":[{"taxonomy":"product_brand","embeddable":true,"href":"https:\/\/mod.wisdar.net\/tr\/wp-json\/wp\/v2\/product_brand?post=96827"},{"taxonomy":"product_cat","embeddable":true,"href":"https:\/\/mod.wisdar.net\/tr\/wp-json\/wp\/v2\/product_cat?post=96827"},{"taxonomy":"product_tag","embeddable":true,"href":"https:\/\/mod.wisdar.net\/tr\/wp-json\/wp\/v2\/product_tag?post=96827"}],"curies":[{"name":"wp","href":"https:\/\/api.w.org\/{rel}","templated":true}]}}