{"id":96899,"date":"2026-02-10T19:31:15","date_gmt":"2026-02-10T19:31:15","guid":{"rendered":"https:\/\/modesthanim.com\/product\/zoye-onu-broslu-cupra-elbise-kahve\/"},"modified":"2026-04-09T07:52:28","modified_gmt":"2026-04-09T07:52:28","slug":"zoye-onu-broslu-cupra-elbise-kahve","status":"publish","type":"product","link":"https:\/\/mod.wisdar.net\/tr\/urun\/zoye-onu-broslu-cupra-elbise-kahve\/","title":{"rendered":"Zoye \u00d6n\u00fc Bro\u015flu Cupra Elbise \u2013 Kahve"},"content":{"rendered":"","protected":false},"excerpt":{"rendered":"","protected":false},"featured_media":96889,"comment_status":"open","ping_status":"closed","template":"","meta":[],"product_brand":[],"product_cat":[6249,1933],"product_tag":[5012,6840,6772,7959],"class_list":{"0":"post-96899","1":"product","2":"type-product","3":"status-publish","4":"has-post-thumbnail","6":"product_cat-elbiseler","7":"product_cat-gunluk-ve-gunduz-elbiseleri","8":"product_tag-elegant","9":"product_tag-kahve-rengi","10":"product_tag-ozel-gun","11":"product_tag-resmi-giyim","12":"pa_brand-ahel","13":"pa_color-kahve","14":"pa_size-4701","15":"pa_size-4706","16":"pa_size-4711","17":"pa_size-4713","19":"first","20":"instock","21":"sale","22":"shipping-taxable","23":"purchasable","24":"product-type-variable"},"_links":{"self":[{"href":"https:\/\/mod.wisdar.net\/tr\/wp-json\/wp\/v2\/product\/96899","targetHints":{"allow":["GET"]}}],"collection":[{"href":"https:\/\/mod.wisdar.net\/tr\/wp-json\/wp\/v2\/product"}],"about":[{"href":"https:\/\/mod.wisdar.net\/tr\/wp-json\/wp\/v2\/types\/product"}],"replies":[{"embeddable":true,"href":"https:\/\/mod.wisdar.net\/tr\/wp-json\/wp\/v2\/comments?post=96899"}],"wp:featuredmedia":[{"embeddable":true,"href":"https:\/\/mod.wisdar.net\/tr\/wp-json\/wp\/v2\/media\/96889"}],"wp:attachment":[{"href":"https:\/\/mod.wisdar.net\/tr\/wp-json\/wp\/v2\/media?parent=96899"}],"wp:term":[{"taxonomy":"product_brand","embeddable":true,"href":"https:\/\/mod.wisdar.net\/tr\/wp-json\/wp\/v2\/product_brand?post=96899"},{"taxonomy":"product_cat","embeddable":true,"href":"https:\/\/mod.wisdar.net\/tr\/wp-json\/wp\/v2\/product_cat?post=96899"},{"taxonomy":"product_tag","embeddable":true,"href":"https:\/\/mod.wisdar.net\/tr\/wp-json\/wp\/v2\/product_tag?post=96899"}],"curies":[{"name":"wp","href":"https:\/\/api.w.org\/{rel}","templated":true}]}}