{"id":96968,"date":"2026-02-10T19:32:19","date_gmt":"2026-02-10T19:32:19","guid":{"rendered":"https:\/\/modesthanim.com\/product\/zoye-onu-broslu-cupra-elbise-haki\/"},"modified":"2026-04-09T07:46:50","modified_gmt":"2026-04-09T07:46:50","slug":"zoye-onu-broslu-cupra-elbise-haki","status":"publish","type":"product","link":"https:\/\/mod.wisdar.net\/tr\/urun\/zoye-onu-broslu-cupra-elbise-haki\/","title":{"rendered":"Zoye \u00d6n\u00fc Bro\u015flu Cupra Elbise \u2013 Haki"},"content":{"rendered":"","protected":false},"excerpt":{"rendered":"","protected":false},"featured_media":96960,"comment_status":"open","ping_status":"closed","template":"","meta":[],"product_brand":[],"product_cat":[6249,1933],"product_tag":[6839,5012],"class_list":{"0":"post-96968","1":"product","2":"type-product","3":"status-publish","4":"has-post-thumbnail","6":"product_cat-elbiseler","7":"product_cat-gunluk-ve-gunduz-elbiseleri","8":"product_tag-cupro-kumas","9":"product_tag-elegant","10":"pa_brand-ahel","11":"pa_color-haki","12":"pa_size-4701","13":"pa_size-4706","14":"pa_size-4711","15":"pa_size-4713","17":"first","18":"instock","19":"sale","20":"shipping-taxable","21":"purchasable","22":"product-type-variable"},"_links":{"self":[{"href":"https:\/\/mod.wisdar.net\/tr\/wp-json\/wp\/v2\/product\/96968","targetHints":{"allow":["GET"]}}],"collection":[{"href":"https:\/\/mod.wisdar.net\/tr\/wp-json\/wp\/v2\/product"}],"about":[{"href":"https:\/\/mod.wisdar.net\/tr\/wp-json\/wp\/v2\/types\/product"}],"replies":[{"embeddable":true,"href":"https:\/\/mod.wisdar.net\/tr\/wp-json\/wp\/v2\/comments?post=96968"}],"wp:featuredmedia":[{"embeddable":true,"href":"https:\/\/mod.wisdar.net\/tr\/wp-json\/wp\/v2\/media\/96960"}],"wp:attachment":[{"href":"https:\/\/mod.wisdar.net\/tr\/wp-json\/wp\/v2\/media?parent=96968"}],"wp:term":[{"taxonomy":"product_brand","embeddable":true,"href":"https:\/\/mod.wisdar.net\/tr\/wp-json\/wp\/v2\/product_brand?post=96968"},{"taxonomy":"product_cat","embeddable":true,"href":"https:\/\/mod.wisdar.net\/tr\/wp-json\/wp\/v2\/product_cat?post=96968"},{"taxonomy":"product_tag","embeddable":true,"href":"https:\/\/mod.wisdar.net\/tr\/wp-json\/wp\/v2\/product_tag?post=96968"}],"curies":[{"name":"wp","href":"https:\/\/api.w.org\/{rel}","templated":true}]}}