{"id":96976,"date":"2026-02-10T19:32:22","date_gmt":"2026-02-10T19:32:22","guid":{"rendered":"https:\/\/modesthanim.com\/product\/zoye-onu-broslu-cupra-elbise-bej\/"},"modified":"2026-04-09T08:02:05","modified_gmt":"2026-04-09T08:02:05","slug":"zoye-onu-broslu-cupra-elbise-bej","status":"publish","type":"product","link":"https:\/\/mod.wisdar.net\/tr\/urun\/zoye-onu-broslu-cupra-elbise-bej\/","title":{"rendered":"Zoye \u00d6n\u00fc Bro\u015flu Cupra Elbise \u2013 Bej"},"content":{"rendered":"","protected":false},"excerpt":{"rendered":"","protected":false},"featured_media":96962,"comment_status":"open","ping_status":"closed","template":"","meta":[],"product_brand":[],"product_cat":[6249,1933],"product_tag":[6753,5012,6744,6772],"class_list":{"0":"post-96976","1":"product","2":"type-product","3":"status-publish","4":"has-post-thumbnail","6":"product_cat-elbiseler","7":"product_cat-gunluk-ve-gunduz-elbiseleri","8":"product_tag-bej","9":"product_tag-elegant","10":"product_tag-kadin-modasi","11":"product_tag-ozel-gun","12":"pa_brand-ahel","13":"pa_color-bej","14":"pa_size-4701","15":"pa_size-4706","16":"pa_size-4711","17":"pa_size-4713","19":"first","20":"instock","21":"sale","22":"shipping-taxable","23":"purchasable","24":"product-type-variable"},"_links":{"self":[{"href":"https:\/\/mod.wisdar.net\/tr\/wp-json\/wp\/v2\/product\/96976","targetHints":{"allow":["GET"]}}],"collection":[{"href":"https:\/\/mod.wisdar.net\/tr\/wp-json\/wp\/v2\/product"}],"about":[{"href":"https:\/\/mod.wisdar.net\/tr\/wp-json\/wp\/v2\/types\/product"}],"replies":[{"embeddable":true,"href":"https:\/\/mod.wisdar.net\/tr\/wp-json\/wp\/v2\/comments?post=96976"}],"wp:featuredmedia":[{"embeddable":true,"href":"https:\/\/mod.wisdar.net\/tr\/wp-json\/wp\/v2\/media\/96962"}],"wp:attachment":[{"href":"https:\/\/mod.wisdar.net\/tr\/wp-json\/wp\/v2\/media?parent=96976"}],"wp:term":[{"taxonomy":"product_brand","embeddable":true,"href":"https:\/\/mod.wisdar.net\/tr\/wp-json\/wp\/v2\/product_brand?post=96976"},{"taxonomy":"product_cat","embeddable":true,"href":"https:\/\/mod.wisdar.net\/tr\/wp-json\/wp\/v2\/product_cat?post=96976"},{"taxonomy":"product_tag","embeddable":true,"href":"https:\/\/mod.wisdar.net\/tr\/wp-json\/wp\/v2\/product_tag?post=96976"}],"curies":[{"name":"wp","href":"https:\/\/api.w.org\/{rel}","templated":true}]}}