{"id":97038,"date":"2026-02-10T21:02:27","date_gmt":"2026-02-10T21:02:27","guid":{"rendered":"https:\/\/modesthanim.com\/product\/genis-yaka-kisa-trenckot-siyah\/"},"modified":"2026-02-10T21:02:42","modified_gmt":"2026-02-10T21:02:42","slug":"genis-yaka-kisa-trenckot-siyah","status":"publish","type":"product","link":"https:\/\/mod.wisdar.net\/tr\/urun\/genis-yaka-kisa-trenckot-siyah\/","title":{"rendered":"Geni\u015f Yaka K\u0131sa Tren\u00e7kot Siyah"},"content":{"rendered":"<p>Beden Yard\u0131m Rehberi <\/p>\n<p>BEDEN KILAVUZU<\/p>\n<p>\u00a0<\/p>\n<p>\t\t\t\u00d6l\u00e7\u00fcler<br \/>\n\t\t\tS<br \/>\n\t\t\tM<br \/>\n\t\t\tL<\/p>\n<p>\t\t\tBoy<br \/>\n\t\t\t65 cm<br \/>\n\t\t\t65,5 cm<br \/>\n\t\t\t66 cm<\/p>\n<p>\t\t\tG\u00f6\u011f\u00fcs \u00c7evresi<br \/>\n\t\t\t122 cm<br \/>\n\t\t\t126 cm<br \/>\n\t\t\t130 cm<\/p>\n<p>\t\t\tKol<br \/>\n\t\t\t73 cm<br \/>\n\t\t\t73,5 cm<br \/>\n\t\t\t74 cm<\/p>\n<p>\u2014 Technical Details \u2014<br \/>\nMarka: Minik Terzi<br \/>\nSezon: MEVS\u0130ML\u0130K<br \/>\nCinsiyet: Kad\u0131n<br \/>\nMalzeme: Pamuk \/ Polyester<br \/>\nKuma\u015f \u0130\u00e7eri\u011fi: %50 Pamuk %50 Pes<br \/>\nKal\u0131p: Tam Kal\u0131p<br \/>\nKol Boyu: Uzun Kollu<br \/>\nYaka Tipi: G\u00f6mlek Yaka<br \/>\nMankenin Giydi\u011fi Beden: S Beden<br \/>\nA\u00e7\u0131klama: Elde y\u0131kanmaz kuru temizleme yap\u0131n\u0131z.<\/p>\n","protected":false},"excerpt":{"rendered":"<p>Beden Yard\u0131m Rehberi BEDEN KILAVUZU \u00a0 \u00d6l\u00e7\u00fcler S M L Boy 65 cm 65,5 cm 66 cm G\u00f6\u011f\u00fcs \u00c7evresi 122 cm 126 cm 130 cm Kol 73 cm 73,5 cm 74 cm \u2014 Technical Details \u2014 Marka: Minik Terzi Sezon: MEVS\u0130ML\u0130K Cinsiyet: Kad\u0131n Malzeme: Pamuk \/ Polyester Kuma\u015f \u0130\u00e7eri\u011fi: %50 Pamuk %50 Pes Kal\u0131p: Tam [&hellip;]<\/p>\n","protected":false},"featured_media":97031,"comment_status":"open","ping_status":"closed","template":"","meta":[],"product_brand":[],"product_cat":[2047],"product_tag":[6823,6744,4999,6776],"class_list":{"0":"post-97038","1":"product","2":"type-product","3":"status-publish","4":"has-post-thumbnail","6":"product_cat-paltolar","7":"product_tag-genis-yaka","8":"product_tag-kadin-modasi","9":"product_tag-outerwear","10":"product_tag-trenckot","11":"pa_brand-minik-terzi","12":"pa_color-siyah","13":"pa_size-l","14":"pa_size-m","15":"pa_size-s","17":"first","18":"instock","19":"sale","20":"shipping-taxable","21":"purchasable","22":"product-type-variable"},"_links":{"self":[{"href":"https:\/\/mod.wisdar.net\/tr\/wp-json\/wp\/v2\/product\/97038","targetHints":{"allow":["GET"]}}],"collection":[{"href":"https:\/\/mod.wisdar.net\/tr\/wp-json\/wp\/v2\/product"}],"about":[{"href":"https:\/\/mod.wisdar.net\/tr\/wp-json\/wp\/v2\/types\/product"}],"replies":[{"embeddable":true,"href":"https:\/\/mod.wisdar.net\/tr\/wp-json\/wp\/v2\/comments?post=97038"}],"wp:featuredmedia":[{"embeddable":true,"href":"https:\/\/mod.wisdar.net\/tr\/wp-json\/wp\/v2\/media\/97031"}],"wp:attachment":[{"href":"https:\/\/mod.wisdar.net\/tr\/wp-json\/wp\/v2\/media?parent=97038"}],"wp:term":[{"taxonomy":"product_brand","embeddable":true,"href":"https:\/\/mod.wisdar.net\/tr\/wp-json\/wp\/v2\/product_brand?post=97038"},{"taxonomy":"product_cat","embeddable":true,"href":"https:\/\/mod.wisdar.net\/tr\/wp-json\/wp\/v2\/product_cat?post=97038"},{"taxonomy":"product_tag","embeddable":true,"href":"https:\/\/mod.wisdar.net\/tr\/wp-json\/wp\/v2\/product_tag?post=97038"}],"curies":[{"name":"wp","href":"https:\/\/api.w.org\/{rel}","templated":true}]}}