{"id":97150,"date":"2026-02-12T19:06:17","date_gmt":"2026-02-12T19:06:17","guid":{"rendered":"https:\/\/modesthanim.com\/product\/yeliz-elbise-lacivert\/"},"modified":"2026-03-20T13:52:02","modified_gmt":"2026-03-20T13:52:02","slug":"yeliz-elbise-lacivert","status":"publish","type":"product","link":"https:\/\/mod.wisdar.net\/tr\/urun\/yeliz-elbise-lacivert\/","title":{"rendered":"Yeliz Elbise Lacivert"},"content":{"rendered":"<p>Yeliz Elbise, birinci s\u0131n\u0131f ipek kupra kuma\u015f\u0131ndan \u00fcretilmi\u015ftir.<br \/>\n\u00d6n k\u0131sm\u0131nda kendinden \u00e7apraz ba\u011flama detay\u0131 bulunmaktad\u0131r.<br \/>\nOmuzlarda vatka detay\u0131 mevcuttur.<br \/>\nSeyyar kemeri ile \u015f\u0131k bir g\u00f6r\u00fcn\u00fcm sunar.<\/p>\n<p>Boy: 153 cm<br \/>\nOmuz: 42 cm<br \/>\nG\u00f6\u011f\u00fcs: 50 cm<br \/>\nBel: 38 cm<\/p>\n<p>\u2014 Teknik Detaylar \u2014<br \/>\nUzunluk: 153 cm<br \/>\nOmuz: 42 cm<br \/>\nG\u00f6\u011f\u00fcs: 50 cm<br \/>\nBel: 38 cm<br \/>\n\u00d6zellikler: [&#8216;\u00c7apraz ba\u011flama detay\u0131&#8217;, &#8216;Omuz vatka detay\u0131&#8217;, &#8216;Seyyar kemer&#8217;]<\/p>\n","protected":false},"excerpt":{"rendered":"<p>Yeliz Elbise, birinci s\u0131n\u0131f ipek kupra kuma\u015f\u0131ndan \u00fcretilmi\u015ftir. \u00d6n k\u0131sm\u0131nda kendinden \u00e7apraz ba\u011flama detay\u0131 bulunmaktad\u0131r. Omuzlarda vatka detay\u0131 mevcuttur. Seyyar kemeri ile \u015f\u0131k bir g\u00f6r\u00fcn\u00fcm sunar. Boy: 153 cm Omuz: 42 cm G\u00f6\u011f\u00fcs: 50 cm Bel: 38 cm \u2014 Teknik Detaylar \u2014 Uzunluk: 153 cm Omuz: 42 cm G\u00f6\u011f\u00fcs: 50 cm Bel: 38 cm \u00d6zellikler: [&hellip;]<\/p>\n","protected":false},"featured_media":97142,"comment_status":"open","ping_status":"closed","template":"","meta":[],"product_brand":[],"product_cat":[6249,1933],"product_tag":[],"class_list":{"0":"post-97150","1":"product","2":"type-product","3":"status-publish","4":"has-post-thumbnail","6":"product_cat-elbiseler","7":"product_cat-gunluk-ve-gunduz-elbiseleri","8":"pa_brand-butikkolik","9":"pa_color-lacivert","10":"pa_size-4706","11":"pa_size-4711","12":"pa_size-4713","13":"pa_size-4751","15":"first","16":"outofstock","17":"shipping-taxable","18":"product-type-variable"},"_links":{"self":[{"href":"https:\/\/mod.wisdar.net\/tr\/wp-json\/wp\/v2\/product\/97150","targetHints":{"allow":["GET"]}}],"collection":[{"href":"https:\/\/mod.wisdar.net\/tr\/wp-json\/wp\/v2\/product"}],"about":[{"href":"https:\/\/mod.wisdar.net\/tr\/wp-json\/wp\/v2\/types\/product"}],"replies":[{"embeddable":true,"href":"https:\/\/mod.wisdar.net\/tr\/wp-json\/wp\/v2\/comments?post=97150"}],"wp:featuredmedia":[{"embeddable":true,"href":"https:\/\/mod.wisdar.net\/tr\/wp-json\/wp\/v2\/media\/97142"}],"wp:attachment":[{"href":"https:\/\/mod.wisdar.net\/tr\/wp-json\/wp\/v2\/media?parent=97150"}],"wp:term":[{"taxonomy":"product_brand","embeddable":true,"href":"https:\/\/mod.wisdar.net\/tr\/wp-json\/wp\/v2\/product_brand?post=97150"},{"taxonomy":"product_cat","embeddable":true,"href":"https:\/\/mod.wisdar.net\/tr\/wp-json\/wp\/v2\/product_cat?post=97150"},{"taxonomy":"product_tag","embeddable":true,"href":"https:\/\/mod.wisdar.net\/tr\/wp-json\/wp\/v2\/product_tag?post=97150"}],"curies":[{"name":"wp","href":"https:\/\/api.w.org\/{rel}","templated":true}]}}