{"id":97213,"date":"2026-02-12T19:52:46","date_gmt":"2026-02-12T19:52:46","guid":{"rendered":"https:\/\/modesthanim.com\/product\/yeliz-elbise-siyah\/"},"modified":"2026-03-20T13:51:33","modified_gmt":"2026-03-20T13:51:33","slug":"yeliz-elbise-siyah","status":"publish","type":"product","link":"https:\/\/mod.wisdar.net\/tr\/urun\/yeliz-elbise-siyah\/","title":{"rendered":"Yeliz Elbise Siyah"},"content":{"rendered":"<p>BTK SENA AB\u0130YE 6548 S\u0130YAH<br \/>\nElbise 1.S\u0131n\u0131f \u0130pek Kupra Kuma\u015ft\u0131r.<br \/>\nElbise \u00d6n\u00fc Kendinden \u00c7apraz Ba\u011flama Detayl\u0131d\u0131r.<br \/>\nElbise Omuz Vatka Detay\u0131 Mevcuttur<br \/>\nElbise Seyyar Kemeri Mevcuttur.<br \/>\nElbise Boy:153cm<br \/>\nElbise Omuz:42cm<br \/>\nElbise G\u00f6\u011f\u00fcs:50cm<br \/>\nElbise Bel:38cm<\/p>\n<p>\u2014 Technical Details \u2014<br \/>\nBoy: 153cm<br \/>\nOmuz: 42cm<br \/>\nG\u00f6\u011f\u00fcs: 50cm<br \/>\nBel: 38cm<\/p>\n","protected":false},"excerpt":{"rendered":"<p>BTK SENA AB\u0130YE 6548 S\u0130YAH Elbise 1.S\u0131n\u0131f \u0130pek Kupra Kuma\u015ft\u0131r. Elbise \u00d6n\u00fc Kendinden \u00c7apraz Ba\u011flama Detayl\u0131d\u0131r. Elbise Omuz Vatka Detay\u0131 Mevcuttur Elbise Seyyar Kemeri Mevcuttur. Elbise Boy:153cm Elbise Omuz:42cm Elbise G\u00f6\u011f\u00fcs:50cm Elbise Bel:38cm \u2014 Technical Details \u2014 Boy: 153cm Omuz: 42cm G\u00f6\u011f\u00fcs: 50cm Bel: 38cm<\/p>\n","protected":false},"featured_media":97200,"comment_status":"open","ping_status":"closed","template":"","meta":[],"product_brand":[],"product_cat":[6249,1933],"product_tag":[8427,6744,7959,6937],"class_list":{"0":"post-97213","1":"product","2":"type-product","3":"status-publish","4":"has-post-thumbnail","6":"product_cat-elbiseler","7":"product_cat-gunluk-ve-gunduz-elbiseleri","8":"product_tag-gece-elbisesi","9":"product_tag-kadin-modasi","10":"product_tag-resmi-giyim","11":"product_tag-siyah-elbise","12":"pa_brand-butikkolik","13":"pa_color-siyah","14":"pa_size-4706","15":"pa_size-4711","16":"pa_size-4713","17":"pa_size-4751","19":"first","20":"instock","21":"sale","22":"shipping-taxable","23":"purchasable","24":"product-type-variable"},"_links":{"self":[{"href":"https:\/\/mod.wisdar.net\/tr\/wp-json\/wp\/v2\/product\/97213","targetHints":{"allow":["GET"]}}],"collection":[{"href":"https:\/\/mod.wisdar.net\/tr\/wp-json\/wp\/v2\/product"}],"about":[{"href":"https:\/\/mod.wisdar.net\/tr\/wp-json\/wp\/v2\/types\/product"}],"replies":[{"embeddable":true,"href":"https:\/\/mod.wisdar.net\/tr\/wp-json\/wp\/v2\/comments?post=97213"}],"wp:featuredmedia":[{"embeddable":true,"href":"https:\/\/mod.wisdar.net\/tr\/wp-json\/wp\/v2\/media\/97200"}],"wp:attachment":[{"href":"https:\/\/mod.wisdar.net\/tr\/wp-json\/wp\/v2\/media?parent=97213"}],"wp:term":[{"taxonomy":"product_brand","embeddable":true,"href":"https:\/\/mod.wisdar.net\/tr\/wp-json\/wp\/v2\/product_brand?post=97213"},{"taxonomy":"product_cat","embeddable":true,"href":"https:\/\/mod.wisdar.net\/tr\/wp-json\/wp\/v2\/product_cat?post=97213"},{"taxonomy":"product_tag","embeddable":true,"href":"https:\/\/mod.wisdar.net\/tr\/wp-json\/wp\/v2\/product_tag?post=97213"}],"curies":[{"name":"wp","href":"https:\/\/api.w.org\/{rel}","templated":true}]}}