{"id":97305,"date":"2026-02-12T19:53:27","date_gmt":"2026-02-12T19:53:27","guid":{"rendered":"https:\/\/modesthanim.com\/product\/fatma-haki-renk-elbise\/"},"modified":"2026-04-02T21:56:23","modified_gmt":"2026-04-02T21:56:23","slug":"fatma-haki-renk-elbise","status":"publish","type":"product","link":"https:\/\/mod.wisdar.net\/tr\/urun\/fatma-haki-renk-elbise\/","title":{"rendered":"Fatma Haki Renk Elbise"},"content":{"rendered":"<p>Bu elbise, birinci s\u0131n\u0131f para\u015f\u00fct kuma\u015f\u0131ndan \u00fcretilmi\u015ftir.<br \/>\nElbisenin yan taraf\u0131 yar\u0131ya kadar fermuarl\u0131d\u0131r.<br \/>\nCep detayl\u0131 tasar\u0131m\u0131yla pratik kullan\u0131m sunar.<br \/>\nAyarlanabilir kemer ile m\u00fckemmel oturma sa\u011flar.<br \/>\nBel arkas\u0131ndan fermuarl\u0131d\u0131r.<br \/>\nElbise boyu: 138 cm<br \/>\nOmuz geni\u015fli\u011fi: 40 cm<br \/>\nG\u00f6\u011f\u00fcs \u00f6l\u00e7\u00fcs\u00fc: 50 cm<br \/>\nBel \u00f6l\u00e7\u00fcs\u00fc: 34 cm<\/p>\n","protected":false},"excerpt":{"rendered":"<p>Bu elbise, birinci s\u0131n\u0131f para\u015f\u00fct kuma\u015f\u0131ndan \u00fcretilmi\u015ftir. Elbisenin yan taraf\u0131 yar\u0131ya kadar fermuarl\u0131d\u0131r. Cep detayl\u0131 tasar\u0131m\u0131yla pratik kullan\u0131m sunar. Ayarlanabilir kemer ile m\u00fckemmel oturma sa\u011flar. Bel arkas\u0131ndan fermuarl\u0131d\u0131r. Elbise boyu: 138 cm Omuz geni\u015fli\u011fi: 40 cm G\u00f6\u011f\u00fcs \u00f6l\u00e7\u00fcs\u00fc: 50 cm Bel \u00f6l\u00e7\u00fcs\u00fc: 34 cm<\/p>\n","protected":false},"featured_media":97296,"comment_status":"open","ping_status":"closed","template":"","meta":[],"product_brand":[],"product_cat":[],"product_tag":[],"class_list":{"0":"post-97305","1":"product","2":"type-product","3":"status-publish","4":"has-post-thumbnail","7":"first","8":"outofstock","9":"sale","10":"shipping-taxable","11":"purchasable","12":"product-type-variable"},"_links":{"self":[{"href":"https:\/\/mod.wisdar.net\/tr\/wp-json\/wp\/v2\/product\/97305","targetHints":{"allow":["GET"]}}],"collection":[{"href":"https:\/\/mod.wisdar.net\/tr\/wp-json\/wp\/v2\/product"}],"about":[{"href":"https:\/\/mod.wisdar.net\/tr\/wp-json\/wp\/v2\/types\/product"}],"replies":[{"embeddable":true,"href":"https:\/\/mod.wisdar.net\/tr\/wp-json\/wp\/v2\/comments?post=97305"}],"wp:featuredmedia":[{"embeddable":true,"href":"https:\/\/mod.wisdar.net\/tr\/wp-json\/wp\/v2\/media\/97296"}],"wp:attachment":[{"href":"https:\/\/mod.wisdar.net\/tr\/wp-json\/wp\/v2\/media?parent=97305"}],"wp:term":[{"taxonomy":"product_brand","embeddable":true,"href":"https:\/\/mod.wisdar.net\/tr\/wp-json\/wp\/v2\/product_brand?post=97305"},{"taxonomy":"product_cat","embeddable":true,"href":"https:\/\/mod.wisdar.net\/tr\/wp-json\/wp\/v2\/product_cat?post=97305"},{"taxonomy":"product_tag","embeddable":true,"href":"https:\/\/mod.wisdar.net\/tr\/wp-json\/wp\/v2\/product_tag?post=97305"}],"curies":[{"name":"wp","href":"https:\/\/api.w.org\/{rel}","templated":true}]}}