{"id":97333,"date":"2026-02-12T19:53:41","date_gmt":"2026-02-12T19:53:41","guid":{"rendered":"https:\/\/modesthanim.com\/product\/fatma-elbise-taba\/"},"modified":"2026-03-26T21:46:21","modified_gmt":"2026-03-26T21:46:21","slug":"fatma-elbise-taba","status":"publish","type":"product","link":"https:\/\/mod.wisdar.net\/tr\/urun\/fatma-elbise-taba\/","title":{"rendered":"Fatma Elbise Taba"},"content":{"rendered":"<p>Elbise 1. S\u0131n\u0131f Para\u015f\u00fct Kuma\u015ftan \u00fcretilmi\u015ftir.<br \/>\nElbise yan taraf\u0131nda fermuarl\u0131 tasar\u0131ma sahiptir.<br \/>\nElbise cep detayl\u0131d\u0131r.<br \/>\nElbise seyyar kemer ile birlikte gelmektedir.<br \/>\nElbise bel arkas\u0131ndan fermuarl\u0131d\u0131r.<br \/>\nElbise Boy: 138 cm<br \/>\nElbise Omuz: 40 cm<br \/>\nElbise G\u00f6\u011f\u00fcs: 50 cm<br \/>\nElbise Bel: 34 cm<\/p>\n","protected":false},"excerpt":{"rendered":"<p>Elbise 1. S\u0131n\u0131f Para\u015f\u00fct Kuma\u015ftan \u00fcretilmi\u015ftir. Elbise yan taraf\u0131nda fermuarl\u0131 tasar\u0131ma sahiptir. Elbise cep detayl\u0131d\u0131r. Elbise seyyar kemer ile birlikte gelmektedir. Elbise bel arkas\u0131ndan fermuarl\u0131d\u0131r. Elbise Boy: 138 cm Elbise Omuz: 40 cm Elbise G\u00f6\u011f\u00fcs: 50 cm Elbise Bel: 34 cm<\/p>\n","protected":false},"featured_media":97313,"comment_status":"open","ping_status":"closed","template":"","meta":[],"product_brand":[],"product_cat":[6249,1933],"product_tag":[],"class_list":{"0":"post-97333","1":"product","2":"type-product","3":"status-publish","4":"has-post-thumbnail","6":"product_cat-elbiseler","7":"product_cat-gunluk-ve-gunduz-elbiseleri","8":"pa_brand-butikkolik","9":"pa_color-taba","10":"pa_size-4706","11":"pa_size-4711","12":"pa_size-4713","13":"pa_size-4751","15":"first","16":"instock","17":"sale","18":"shipping-taxable","19":"purchasable","20":"product-type-variable"},"_links":{"self":[{"href":"https:\/\/mod.wisdar.net\/tr\/wp-json\/wp\/v2\/product\/97333","targetHints":{"allow":["GET"]}}],"collection":[{"href":"https:\/\/mod.wisdar.net\/tr\/wp-json\/wp\/v2\/product"}],"about":[{"href":"https:\/\/mod.wisdar.net\/tr\/wp-json\/wp\/v2\/types\/product"}],"replies":[{"embeddable":true,"href":"https:\/\/mod.wisdar.net\/tr\/wp-json\/wp\/v2\/comments?post=97333"}],"wp:featuredmedia":[{"embeddable":true,"href":"https:\/\/mod.wisdar.net\/tr\/wp-json\/wp\/v2\/media\/97313"}],"wp:attachment":[{"href":"https:\/\/mod.wisdar.net\/tr\/wp-json\/wp\/v2\/media?parent=97333"}],"wp:term":[{"taxonomy":"product_brand","embeddable":true,"href":"https:\/\/mod.wisdar.net\/tr\/wp-json\/wp\/v2\/product_brand?post=97333"},{"taxonomy":"product_cat","embeddable":true,"href":"https:\/\/mod.wisdar.net\/tr\/wp-json\/wp\/v2\/product_cat?post=97333"},{"taxonomy":"product_tag","embeddable":true,"href":"https:\/\/mod.wisdar.net\/tr\/wp-json\/wp\/v2\/product_tag?post=97333"}],"curies":[{"name":"wp","href":"https:\/\/api.w.org\/{rel}","templated":true}]}}